{"id":8991,"date":"2026-02-25T15:47:36","date_gmt":"2026-02-25T18:47:36","guid":{"rendered":"https:\/\/telectronica.com.uy\/?post_type=product&#038;p=8991"},"modified":"2026-02-25T15:47:38","modified_gmt":"2026-02-25T18:47:38","slug":"tablet-zebra-et401","status":"publish","type":"product","link":"https:\/\/telectronica.com.uy\/?product=tablet-zebra-et401","title":{"rendered":"Tablet ZEBRA ET401"},"content":{"rendered":"<h2 class=\"cmp-title__text\">Elegante. Resistentes. Confiables.<\/h2>\n<p>Presentamos las tabletas empresariales ET401 de 8 y 10\u00a0pulgadas, la \u00faltima generaci\u00f3n de las tabletas empresariales ET40 y ET45 m\u00e1s vendidas de Zebra. Estas tabletas resistentes y accesibles tienen todo lo que necesita sin configuraci\u00f3n previa: el dise\u00f1o familiar, delgado y ligero, de los dispositivos para consumidores combinado con las tecnolog\u00edas m\u00f3viles m\u00e1s avanzadas de la actualidad. Son tabletas m\u00e1s inteligentes, equipadas con IA y con tecnolog\u00eda de pantalla t\u00e1ctil mejorada que las hace a\u00fan m\u00e1s intuitivas y f\u00e1ciles de usar. Son m\u00e1s r\u00e1pidas, con todas las tecnolog\u00edas inal\u00e1mbricas m\u00e1s recientes. Son m\u00e1s resistentes, con un ciclo de vida m\u00e1s largo. Son m\u00e1s potentes, con un procesador mejor y una mayor capacidad de memoria. Son m\u00e1s seguras, con nuevas opciones que brindan protecci\u00f3n adicional. Y, gracias a sus opciones mejoradas de captura de datos, incluida la tecnolog\u00eda RFID<sup>1<\/sup>, estas tabletas m\u00e1s vers\u00e1tiles pueden simplificar una mayor variedad de tareas de distintas \u00e1reas. Son las tabletas empresariales ET401, con el dise\u00f1o elegante que esperan sus trabajadores y la potencia y la fiabilidad resistente que necesita su empresa.<\/p>\n<p><b>Protecci\u00f3n avanzada de la pantalla<\/b><\/p>\n<p>La pantalla es una de las caracter\u00edsticas m\u00e1s importantes y vulnerables. Gorilla Glass 5 ofrece protecci\u00f3n avanzada contra rasgu\u00f1os y roturas. Adem\u00e1s, su protecci\u00f3n contra gotas de agua y recubrimiento resistente a las huellas dactilares mantienen la pantalla n\u00edtida y f\u00e1cil de leer, sin la necesidad de realizar una limpieza constante.<\/p>\n<p><b>Expectativa de vida insuperable de ocho a\u00f1os<\/b><\/p>\n<p>Las tabletas ET401 est\u00e1n construidas para durar a\u00f1os. A diferencia de muchos dispositivos, estar\u00e1n a la venta por cuatro a\u00f1os, lo que elimina el costo y la complejidad de implementar distintos modelos. Y con el servicio extendido por cuatro a\u00f1os adicionales, obtiene hasta ocho a\u00f1os en total de servicio y soporte.<\/p>\n<p>M\u00e1s r\u00e1pida e inteligente con IA incorporada<\/p>\n<p><b>Procesador avanzado con tecnolog\u00edas m\u00f3viles de pr\u00f3xima generaci\u00f3n<\/b><\/p>\n<p>El procesador Q-6690 de Qualcomm\u00ae Dragonwing&#x2122; permite caracter\u00edsticas integradas mejoradas con IA y admite aplicaciones de IA modernas basadas en la nube, las conexiones inal\u00e1mbricas m\u00e1s r\u00e1pidas, en chip RFID<sup>1<\/sup>\u00a0y m\u00e1s. Este procesador, tres generaciones m\u00e1s nuevo que el SM6375 del modelo ET40\/ET45, ofrece una mejora del rendimiento de m\u00e1s del 42\u00a0%2, con soporte hasta 2034.<sup>3<\/sup><\/p>\n<p><b>Tecnolog\u00eda de pantalla t\u00e1ctil de vanguardia para un ingreso sencillo de datos<\/b><\/p>\n<p>La pantalla t\u00e1ctil con tecnolog\u00eda de IA y la tecnolog\u00eda de detecci\u00f3n avanzada redefinen la precisi\u00f3n t\u00e1ctil, la flexibilidad y el tiempo de respuesta. Ingrese datos de forma fluida sin guantes, con l\u00e1piz \u00f3ptico conductor o incluso con guantes, sin necesidad de elegir o cambiar los ajustes del modo t\u00e1ctil.<\/p>\n","protected":false},"excerpt":{"rendered":"<h3>M\u00e1s resistentes, con un ciclo de vida un 25\u00a0% m\u00e1s largo<\/h3>\n<p><b>Protecci\u00f3n m\u00e1s resistente contra el polvo y el agua<\/b><\/p>\n<p>Gracias a su nivel de protecci\u00f3n\u00a0IP68, sus tabletas\u00a0ET401 est\u00e1n completamente protegidas contra el polvo y la inmersi\u00f3n en agua. \u00daselas en la lluvia, d\u00e9jelas caer por accidente en un charco o incluso roc\u00edelas con una manguera para limpiarlas, sin problema alguno.<\/p>\n<p><b>Dise\u00f1adas para variaciones extremas de temperatura<\/b><\/p>\n<p>Los cambios r\u00e1pidos de temperatura pueden afectar a los componentes electr\u00f3nicos sensibles de una tableta. Pero gracias a las pruebas de choque t\u00e9rmico y un amplio espectro de temperaturas de funcionamiento, las tabletas ET401 pueden pasar f\u00e1cilmente del fr\u00edo bajo cero al calor sofocante, y viceversa.<\/p>\n","protected":false},"featured_media":8992,"template":"","meta":{"inline_featured_image":false,"_joinchat":[]},"product_cat":[214,217,173],"product_tag":[],"class_list":{"0":"post-8991","1":"product","2":"type-product","3":"status-publish","4":"has-post-thumbnail","6":"product_cat-colectores-de-datos","7":"product_cat-zebra","8":"product_cat-tablets","10":"first","11":"instock","12":"shipping-taxable","13":"product-type-simple"},"_links":{"self":[{"href":"https:\/\/telectronica.com.uy\/index.php?rest_route=\/wp\/v2\/product\/8991","targetHints":{"allow":["GET"]}}],"collection":[{"href":"https:\/\/telectronica.com.uy\/index.php?rest_route=\/wp\/v2\/product"}],"about":[{"href":"https:\/\/telectronica.com.uy\/index.php?rest_route=\/wp\/v2\/types\/product"}],"wp:featuredmedia":[{"embeddable":true,"href":"https:\/\/telectronica.com.uy\/index.php?rest_route=\/wp\/v2\/media\/8992"}],"wp:attachment":[{"href":"https:\/\/telectronica.com.uy\/index.php?rest_route=%2Fwp%2Fv2%2Fmedia&parent=8991"}],"wp:term":[{"taxonomy":"product_cat","embeddable":true,"href":"https:\/\/telectronica.com.uy\/index.php?rest_route=%2Fwp%2Fv2%2Fproduct_cat&post=8991"},{"taxonomy":"product_tag","embeddable":true,"href":"https:\/\/telectronica.com.uy\/index.php?rest_route=%2Fwp%2Fv2%2Fproduct_tag&post=8991"}],"curies":[{"name":"wp","href":"https:\/\/api.w.org\/{rel}","templated":true}]}}