{"id":8985,"date":"2026-02-25T15:40:20","date_gmt":"2026-02-25T18:40:20","guid":{"rendered":"https:\/\/telectronica.com.uy\/?post_type=product&#038;p=8985"},"modified":"2026-02-25T15:40:21","modified_gmt":"2026-02-25T18:40:21","slug":"lector-de-mesa-zebra-sp20","status":"publish","type":"product","link":"https:\/\/telectronica.com.uy\/?product=lector-de-mesa-zebra-sp20","title":{"rendered":"Lector de Mesa ZEBRA SP20"},"content":{"rendered":"<h2 class=\"cmp-title__text\">Se implementa f\u00e1cilmente. Es f\u00e1cil de usar. Dise\u00f1ado para mejorar los pagos, sin sacrificar el rendimiento ni el precio.<\/h2>\n<p>&nbsp;<\/p>\n<p>Usted trabaja duro para ganarse la confianza de sus clientes: no permita que una mala experiencia de pago la ponga en riesgo. Cuando un esc\u00e1ner no funciona correctamente, sus clientes lo notan, y tambi\u00e9n lo nota su resultado final. El esc\u00e1ner de un solo plano de la serie SP20 ofrece el rendimiento de pago confiable que usted necesita a un precio que se ajusta a su presupuesto. Comenzar es r\u00e1pido y sin complicaciones: pase del desempaquetado al funcionamiento completo en menos de cinco minutos. Su dise\u00f1o compacto se adapta perfectamente a espacios reducidos de puntos de venta (POS), dejando lugar para art\u00edculos de impulso. Las gu\u00edas visuales intuitivas y un \u00e1rea de escaneo generosa hacen que escanear sea sencillo, incluso para usuarios novatos, para mantener las l\u00edneas en movimiento sin problemas. Con el respaldo de un l\u00edder mundial confiable en tecnolog\u00eda de escaneo, la serie SP20 ofrece un rendimiento confiable y sencillo, y tranquilidad todos los d\u00edas, ideal para comercios minoristas que desean un escaneo confiable sin costos ni complejidad adicionales.<\/p>\n<p><b>Compacto y ahorra espacio en el mostrador<\/b><\/p>\n<p>Con un perfil bajo y un soporte ajustable, la serie SP20 se adapta a espacios reducidos: es perfecta para restaurantes de servicio r\u00e1pido, tiendas de conveniencia y minoristas especializados donde cada cent\u00edmetro del punto de venta cuenta. Su tama\u00f1o compacto libera valioso espacio en el mostrador para exhibiciones de productos y art\u00edculos de impulso, lo que ayuda a aumentar las ventas y al mismo tiempo mantiene limpia el \u00e1rea de caja.<\/p>\n<p><b>Las opciones de montaje flexibles se adaptan a sus necesidades de configuraci\u00f3n<\/b><\/p>\n<p>Con accesorios vers\u00e1tiles, puede crear la configuraci\u00f3n adecuada para cada aplicaci\u00f3n. Un soporte de c\u00e1mara est\u00e1ndar \u00bc-20 admite una amplia gama de accesorios de terceros, desde abrazaderas y postes hasta soportes giratorios y soportes de pared. El apoyo para los soportes en L y los soportes de brida agiliza el montaje en paredes, quioscos y m\u00e1s. Y con dimensiones similares a los productos de la competencia, la serie SP20 es un reemplazo directo para las instalaciones existentes. Escaneo sin esfuerzo para mantener las l\u00edneas en movimiento<\/p>\n<p><b>Escanee con confianza con gu\u00edas visuales claras<\/b><\/p>\n<p>Las l\u00edneas indicadoras de color verde brillante en la ventana de escaneo ofrecen una gu\u00eda visual clara, eliminando las conjeturas a la hora de posicionar los elementos para un escaneo r\u00e1pido y preciso.<\/p>\n<p><b>Pagos m\u00e1s r\u00e1pidos y con menos esfuerzo<\/b><\/p>\n<p>Con un campo de visi\u00f3n hasta un 80\u00a0% m\u00e1s grande que los modelos competitivos, la serie SP20 captura c\u00f3digos de barras a medida que se acercan a la ventana, lo que acelera las transacciones y elimina la necesidad de buscar un \u201cpunto \u00f3ptimo\u201d.<\/p>\n","protected":false},"excerpt":{"rendered":"<h3>Se adapta a cualquier caja de pago. Listo en minutos<\/h3>\n<p><b>Desde el desempaquetado hasta el funcionamiento completo en cinco minutos o menos<\/b><\/p>\n<p>La experiencia de configuraci\u00f3n sencilla le permite estar operativo r\u00e1pidamente mediante su tel\u00e9fono celular. Simplemente escanee el c\u00f3digo QR de la serie SP20 para comenzar. La experiencia de configuraci\u00f3n simple de Zebra lo gu\u00eda por una configuraci\u00f3n r\u00e1pida y personalizada utilizando im\u00e1genes claras y algunas preguntas cerradas para crear la configuraci\u00f3n \u00f3ptima para su POS. La asistencia integrada garantiza que todo funcione sin problemas y que la ayuda est\u00e9 disponible siempre que la necesite. Y para aquellos que quieren m\u00e1s control, las opciones avanzadas est\u00e1n a solo un toque de distancia.<\/p>\n","protected":false},"featured_media":8986,"template":"","meta":{"inline_featured_image":false,"_joinchat":[]},"product_cat":[233,150,217],"product_tag":[],"class_list":{"0":"post-8985","1":"product","2":"type-product","3":"status-publish","4":"has-post-thumbnail","6":"product_cat-de-mesa","7":"product_cat-lectores","8":"product_cat-zebra","10":"first","11":"instock","12":"shipping-taxable","13":"product-type-simple"},"_links":{"self":[{"href":"https:\/\/telectronica.com.uy\/index.php?rest_route=\/wp\/v2\/product\/8985","targetHints":{"allow":["GET"]}}],"collection":[{"href":"https:\/\/telectronica.com.uy\/index.php?rest_route=\/wp\/v2\/product"}],"about":[{"href":"https:\/\/telectronica.com.uy\/index.php?rest_route=\/wp\/v2\/types\/product"}],"wp:featuredmedia":[{"embeddable":true,"href":"https:\/\/telectronica.com.uy\/index.php?rest_route=\/wp\/v2\/media\/8986"}],"wp:attachment":[{"href":"https:\/\/telectronica.com.uy\/index.php?rest_route=%2Fwp%2Fv2%2Fmedia&parent=8985"}],"wp:term":[{"taxonomy":"product_cat","embeddable":true,"href":"https:\/\/telectronica.com.uy\/index.php?rest_route=%2Fwp%2Fv2%2Fproduct_cat&post=8985"},{"taxonomy":"product_tag","embeddable":true,"href":"https:\/\/telectronica.com.uy\/index.php?rest_route=%2Fwp%2Fv2%2Fproduct_tag&post=8985"}],"curies":[{"name":"wp","href":"https:\/\/api.w.org\/{rel}","templated":true}]}}