{"id":8981,"date":"2026-02-25T15:35:01","date_gmt":"2026-02-25T18:35:01","guid":{"rendered":"https:\/\/telectronica.com.uy\/?post_type=product&#038;p=8981"},"modified":"2026-02-25T15:35:20","modified_gmt":"2026-02-25T18:35:20","slug":"lector-inalambrico-1d-2d-zebra-ds8288","status":"publish","type":"product","link":"https:\/\/telectronica.com.uy\/?product=lector-inalambrico-1d-2d-zebra-ds8288","title":{"rendered":"Lector inalambrico 1D\/2D ZEBRA DS8288"},"content":{"rendered":"<h2 class=\"cmp-title__text\">Escaneo excepcional. Innovaci\u00f3n sin igual. Preparados para el futuro.<\/h2>\n<p>En el entorno de comercio minorista vertiginoso de hoy, mantener felices a los clientes, las estanter\u00edas completas y las p\u00e9rdidas bajo control requiere m\u00e1s que un esc\u00e1ner est\u00e1ndar, requiere una soluci\u00f3n inteligente preparada para el futuro. La Serie DS82 redefine la lectura de mano con tecnolog\u00edas que le ayudan a mantenerse a la vanguardia: tecnolog\u00eda RFID para impulsar la precisi\u00f3n del inventario y reducir las p\u00e9rdidas, un bot\u00f3n multifunci\u00f3n para optimizar los flujos de trabajo, soporte para aplicaciones de visi\u00f3n emergente y carga sin contacto que mantiene sus operaciones en movimiento. Un sensor exclusivo de 2 MP captura m\u00e1s c\u00f3digos de barras de forma m\u00e1s r\u00e1pida y con mayor precisi\u00f3n; acelerando las transacciones tanto en las cajas con personal como en las de autopago, en las l\u00edneas de recolecci\u00f3n fuera de la tienda y en las devoluciones. Sin estas capacidades avanzadas, las largas colas, ventas perdidas e ineficiencias pueden erosionar r\u00e1pidamente la confianza de los clientes. La Serie DS82 no es solo una actualizaci\u00f3n, es la clave para mantenerse competitivo en un mercado de r\u00e1pida evoluci\u00f3n.<\/p>\n<h3>Desbloquee nuevas posibilidades con las innovaciones exclusivas de Zebra<\/h3>\n<p><b>Bot\u00f3n multifunci\u00f3n: personalice sus flujos de trabajo con facilidad<\/b><\/p>\n<p>Un bot\u00f3n multifunci\u00f3n act\u00faa como disparador secundario y le ofrece la flexibilidad de asignarlo a las tareas m\u00e1s importantes de su flujo de trabajo. Ya sea que alterne entre POS y aplicaciones de devoluci\u00f3n o que active lecturas con tecnolog\u00eda RFID, este bot\u00f3n personalizable optimiza las tareas diarias y ayuda a los usuarios a trabajar de forma m\u00e1s eficiente y con mayor facilidad.<\/p>\n<p><b>Operaciones inteligentes con tecnolog\u00eda RFID integrada<\/b><\/p>\n<p>Los modelos de tecnolog\u00eda RFID Serie DS82 aportan lectura de c\u00f3digo de barras y tecnolog\u00eda RFID en un dispositivo de mano elegante y f\u00e1cil de usar, y ofrecen a los comercios minoristas la capacidad de disponer de datos de ambas fuentes para un seguimiento m\u00e1s preciso del inventario, una gesti\u00f3n de existencias m\u00e1s fluida y menos p\u00e9rdidas. Por ejemplo, verificar que un c\u00f3digo de barras escaneado coincide con la etiqueta de tecnolog\u00eda RFID en un elemento puede ayudar a prevenir el fraude y detectar inconsistencias antes de que se conviertan en p\u00e9rdidas. La antena con tecnolog\u00eda RFID est\u00e1 oculta, de esta forma no interrumpe la experiencia de compra, los clientes no notar\u00e1n que est\u00e1 all\u00ed. Y el rango ajustable de lectura ayuda a evitar la interferencia de l\u00edneas o pasillos cercanos.<\/p>\n<p><b>Innovaci\u00f3n lista para el futuro en el POS con tecnolog\u00eda de visi\u00f3n\u00a0<\/b><\/p>\n<p>El exclusivo sensor 2 MP es compatible con aplicaciones de visi\u00f3n de terceros que pueden habilitar reconocimiento de elementos y verificaci\u00f3n en tiempo real para optimizar las transacciones y reducir las p\u00e9rdidas en terminales de pago por autoservicio.<\/p>\n","protected":false},"excerpt":{"rendered":"<h3>Eleve el rendimiento con cada escaneo<\/h3>\n<p><b>Impulse la productividad con una lectura m\u00e1s r\u00e1pida, inteligente y eficiente<\/b><\/p>\n<p>Zebra redefine la lectura con el lector de im\u00e1genes inteligente PRZM, un conjunto potente de tecnolog\u00edas que habilita una captura de c\u00f3digos de barra m\u00e1s r\u00e1pida, precisa y rango m\u00e1s largo, incluso en los c\u00f3digos m\u00e1s desafiantes. Ahora, con un sistema \u00f3ptico de 2 MP, la Serie DS82 establece un nuevo est\u00e1ndar para el rendimiento de lectura y entrega rapidez, precisi\u00f3n y facilidad como nunca antes. Est\u00e1 preparado para el futuro: con una sola pasada, lee de manera instant\u00e1nea c\u00f3digos tradicionales 1D UPC y emergentes 2D Digital en empaques de productos. Un amplio rango de lectura, hasta 28 pulgadas (70\u00a0cm) para c\u00f3digos UPC y 19\u00a0pulgadas (48\u00a0cm) para c\u00f3digos QR 2D, facilita la captura de elementos dif\u00edciles de alcanzar, incluidos los que est\u00e1n en la parte inferior de los carritos de compra.<\/p>\n","protected":false},"featured_media":8982,"template":"","meta":{"inline_featured_image":false,"_joinchat":[]},"product_cat":[150,151,197,217],"product_tag":[],"class_list":{"0":"post-8981","1":"product","2":"type-product","3":"status-publish","4":"has-post-thumbnail","6":"product_cat-lectores","7":"product_cat-de-uso-general","8":"product_cat-inalambrico","9":"product_cat-zebra","11":"first","12":"instock","13":"shipping-taxable","14":"product-type-simple"},"_links":{"self":[{"href":"https:\/\/telectronica.com.uy\/index.php?rest_route=\/wp\/v2\/product\/8981","targetHints":{"allow":["GET"]}}],"collection":[{"href":"https:\/\/telectronica.com.uy\/index.php?rest_route=\/wp\/v2\/product"}],"about":[{"href":"https:\/\/telectronica.com.uy\/index.php?rest_route=\/wp\/v2\/types\/product"}],"wp:featuredmedia":[{"embeddable":true,"href":"https:\/\/telectronica.com.uy\/index.php?rest_route=\/wp\/v2\/media\/8982"}],"wp:attachment":[{"href":"https:\/\/telectronica.com.uy\/index.php?rest_route=%2Fwp%2Fv2%2Fmedia&parent=8981"}],"wp:term":[{"taxonomy":"product_cat","embeddable":true,"href":"https:\/\/telectronica.com.uy\/index.php?rest_route=%2Fwp%2Fv2%2Fproduct_cat&post=8981"},{"taxonomy":"product_tag","embeddable":true,"href":"https:\/\/telectronica.com.uy\/index.php?rest_route=%2Fwp%2Fv2%2Fproduct_tag&post=8981"}],"curies":[{"name":"wp","href":"https:\/\/api.w.org\/{rel}","templated":true}]}}