{"id":8961,"date":"2026-02-25T14:31:56","date_gmt":"2026-02-25T17:31:56","guid":{"rendered":"https:\/\/telectronica.com.uy\/?post_type=product&#038;p=8961"},"modified":"2026-02-25T14:31:58","modified_gmt":"2026-02-25T17:31:58","slug":"tarjeta-de-identificacion-zebra-ws101-ws101-h","status":"publish","type":"product","link":"https:\/\/telectronica.com.uy\/?product=tarjeta-de-identificacion-zebra-ws101-ws101-h","title":{"rendered":"Tarjeta de identificacion ZEBRA WS101\/WS101-H"},"content":{"rendered":"<h2 class=\"cmp-title__text\">La peque\u00f1a, resistente y ligera tarjeta de identificaci\u00f3n de comunicaci\u00f3n Bluetooth port\u00e1til agrega un potente control de voz manos libres a las computadoras m\u00f3viles y tabletas Zebra.<\/h2>\n<p>&nbsp;<\/p>\n<p>Ofrezca a sus empleados comunicaci\u00f3n manos libres mediante computadoras m\u00f3viles y tabletas de Zebra Android con Bluetooth o tel\u00e9fonos inteligentes y tabletas de consumo Android e iOS<sup>1<\/sup>\u00a0con los modelos WS101 y WS101-H. Los empleados pueden usar comunicaciones de voz para solicitar informaci\u00f3n a cualquier aplicaci\u00f3n de voz, desde llamar a una persona o departamento espec\u00edfico sin acceder a la lista de contactos hasta preguntar qu\u00e9 tienda tiene un art\u00edculo agotado y recibir una respuesta hablada de la aplicaci\u00f3n de inventario del comercio minorista. El altavoz y el micr\u00f3fono integrados de alta calidad, la palabra de activaci\u00f3n incorporada y Workcloud Sync opcional funcionan juntos, lo que permite la integraci\u00f3n de voz necesaria para crear flujos de trabajo de datos y voz manos libres. Las tecnolog\u00edas avanzadas proporcionan comunicaciones de voz n\u00edtidas y constantes. \u00bfEl resultado? Se ahorran segundos en los flujos de trabajo cientos de veces por d\u00eda, lo que aumenta la productividad, la eficiencia de las comunicaciones y la colaboraci\u00f3n.<\/p>\n<p>&nbsp;<\/p>\n<h4><b>Habilite la voz para sus aplicaciones<\/b><\/h4>\n<p>Las tarjetas de identificaci\u00f3n de WS101\/WS101-H pueden proporcionar la interfaz de usuario para aplicaciones habilitadas por voz que se ejecutan en el dispositivo m\u00f3vil host. Ahora, los trabajadores pueden tener las manos libres y usar la voz para iniciar, acceder y controlar aplicaciones habilitadas para voz. Y las aplicaciones con soporte de voz pueden permitir a los trabajadores simplemente pedir lo que necesitan en un lenguaje sencillo, desde un control de existencias en un comercio minorista hasta una solicitud de mantas adicionales para la habitaci\u00f3n de un paciente espec\u00edfico en un hospital.<\/p>\n<h4><b>Habilite la funcionalidad \u201cpulsar para hablar\u201d<\/b><\/h4>\n<p>La compatibilidad con Workcloud Sync de Zebra permite realizar llamadas con la funcionalidad \u201cpulsar para hablar\u201d a trav\u00e9s de redes wifi y celulares. Los trabajadores pueden realizar llamadas de difusi\u00f3n 1 a 1 o grupales.<\/p>\n<h4><b>Solicite ayuda con solo pulsar un bot\u00f3n<\/b><\/h4>\n<p>Con solo pulsar un bot\u00f3n de emergencia se puede conectar a una aplicaci\u00f3n host para solicitar ayuda para enfermeros en pasillos y habitaciones de pacientes en un hospital, y para empleados en pasillos y filas de pago en un comercio minorista. El bot\u00f3n est\u00e1 perfectamente ubicado, es de f\u00e1cil acceso, pero retirado para impedir la activaci\u00f3n accidental.<\/p>\n<h4><b>Silencie las llamadas con solo pulsar el bot\u00f3n No molestar (DND, por sus siglas en ingl\u00e9s)<\/b><\/h4>\n<p>Cuando las llamadas de voz no son convenientes o apropiadas, este interruptor se puede programar para suprimir y reactivar las llamadas de voz.<\/p>\n","protected":false},"excerpt":{"rendered":"<h3>Soporte de voz integral de nivel empresarial<\/h3>\n<h4><b>Voz n\u00edtida con funciones de audio avanzadas<\/b><\/h4>\n<p>La cancelaci\u00f3n de ruido avanzada, la ac\u00fastica calibrada y un altavoz y micr\u00f3fono de alta calidad llevan la claridad y la calidad de la voz al siguiente nivel en todas las interacciones de voz, incluso en entornos ruidosos.<\/p>\n<h4><b>Aut\u00e9ntica voz manos libres<\/b><\/h4>\n<p>Los trabajadores pueden activar el WS101\/WS101-H, subir y bajar el volumen, silenciar, responder llamadas y m\u00e1s usando palabras habladas, sin tocar el dispositivo.<\/p>\n","protected":false},"featured_media":8962,"template":"","meta":{"inline_featured_image":false,"_joinchat":[]},"product_cat":[238,174,214,217],"product_tag":[],"class_list":{"0":"post-8961","1":"product","2":"type-product","3":"status-publish","4":"has-post-thumbnail","6":"product_cat-healthy-care","7":"product_cat-vestibles","8":"product_cat-colectores-de-datos","9":"product_cat-zebra","11":"first","12":"instock","13":"shipping-taxable","14":"product-type-simple"},"_links":{"self":[{"href":"https:\/\/telectronica.com.uy\/index.php?rest_route=\/wp\/v2\/product\/8961","targetHints":{"allow":["GET"]}}],"collection":[{"href":"https:\/\/telectronica.com.uy\/index.php?rest_route=\/wp\/v2\/product"}],"about":[{"href":"https:\/\/telectronica.com.uy\/index.php?rest_route=\/wp\/v2\/types\/product"}],"wp:featuredmedia":[{"embeddable":true,"href":"https:\/\/telectronica.com.uy\/index.php?rest_route=\/wp\/v2\/media\/8962"}],"wp:attachment":[{"href":"https:\/\/telectronica.com.uy\/index.php?rest_route=%2Fwp%2Fv2%2Fmedia&parent=8961"}],"wp:term":[{"taxonomy":"product_cat","embeddable":true,"href":"https:\/\/telectronica.com.uy\/index.php?rest_route=%2Fwp%2Fv2%2Fproduct_cat&post=8961"},{"taxonomy":"product_tag","embeddable":true,"href":"https:\/\/telectronica.com.uy\/index.php?rest_route=%2Fwp%2Fv2%2Fproduct_tag&post=8961"}],"curies":[{"name":"wp","href":"https:\/\/api.w.org\/{rel}","templated":true}]}}