{"id":8959,"date":"2026-02-25T14:26:49","date_gmt":"2026-02-25T17:26:49","guid":{"rendered":"https:\/\/telectronica.com.uy\/?post_type=product&#038;p=8959"},"modified":"2026-02-25T14:26:50","modified_gmt":"2026-02-25T17:26:50","slug":"colector-vestible-ws301","status":"publish","type":"product","link":"https:\/\/telectronica.com.uy\/?product=colector-vestible-ws301","title":{"rendered":"Colector Vestible WS301"},"content":{"rendered":"<h2 class=\"cmp-title__text\">Conecte a sus trabajadores no atendidos con la computadora m\u00f3vil empresarial con Android m\u00e1s compacta, con el tama\u00f1o, las funciones y el precio ideales.<\/h2>\n<p>&nbsp;<\/p>\n<p>Proporcione a sus trabajadores de primera l\u00ednea la conexi\u00f3n en tiempo real que necesitan para incrementar la productividad, la eficiencia de los flujos de trabajo y la calidad y velocidad de su servicio al cliente con la WS301. A diferencia de los productos de consumo similares, la WS301 es netamente empresarial, y cuenta con caracter\u00edsticas, durabilidad, capacidad de administraci\u00f3n y seguridad de clase empresarial, as\u00ed como interoperabilidad completa con las computadoras m\u00f3viles, el software y las herramientas de Zebra. Los trabajadores pueden hacer y recibir llamadas \u201cpulsar para hablar\u201d a una persona o a un grupo, capturar c\u00f3digos de barras para buscar informaci\u00f3n de los art\u00edculos, capturar fotos para documentar los art\u00edculos devueltos da\u00f1ados y administrar y actualizar f\u00e1cilmente el estado de las tareas. Adem\u00e1s, la interfaz de manos libres que se activa principalmente por voz hace que sea m\u00e1s f\u00e1cil para los trabajadores pedir lo que necesiten. Optimice la productividad y la experiencia de los clientes con la WS301, la computadora m\u00f3vil empresarial m\u00e1s compacta con Android y funcionalidad para grandes empresas.<\/p>\n<p>&nbsp;<\/p>\n<p><b>Muy peque\u00f1o pero muy f\u00e1cil de encontrar<\/b><\/p>\n<p>Encuentre dispositivos extraviados f\u00e1cilmente con Zebra Device Guardian.<\/p>\n<p><b>Siempre en servicio gracias a una bater\u00eda removible<\/b><\/p>\n<p>Nunca necesitar\u00e1 quitar de servicio la WS301 para cargarla. La energ\u00eda dura 10\u00a0horas, por lo que no ser\u00e1 necesario cambiar las bater\u00edas durante el turno de trabajo. Adem\u00e1s, la carga r\u00e1pida garantiza que las bater\u00edas siempre est\u00e9n completamente cargadas y listas al inicio de cada turno.<\/p>\n<h3>\nFunciones completas de nivel empresarial<\/h3>\n<p><b>\u00daselo a su manera<\/b><\/p>\n<p>Col\u00f3queselo en la solapa, el delantal, el bolsillo de la camisa o el cintur\u00f3n, o ll\u00e9velo en la mu\u00f1eca como un reloj.<\/p>\n<p><b>La computadora con Android en miniatura que no pesa pr\u00e1cticamente nada<\/b><\/p>\n<p>Esta computadora vestible pesa apenas tres onzas en el clip o el brazalete, y mide aproximadamente dos pulgadas cuadradas, con apenas un poco m\u00e1s de media pulgada de espesor.<\/p>\n<p><b>Interfaz activada principalmente por voz<\/b><\/p>\n<p>Este peque\u00f1o dispositivo est\u00e1 desarrollado desde cero para ser impulsado por voz. Los usuarios pueden hablar naturalmente para despertar el dispositivo, hacer una llamada, recibir una tarea, cambiar el volumen y mucho m\u00e1s. Dos\u00a0micr\u00f3fonos internos con supresi\u00f3n de ruido y cancelaci\u00f3n de eco, adem\u00e1s de un altavoz orientado hacia el usuario, proporcionan una calidad de voz muy n\u00edtida.<\/p>\n","protected":false},"excerpt":{"rendered":"<h3>Flexibilidad, interoperabilidad y capacidad de administraci\u00f3n de nivel empresarial<\/h3>\n<p><b>Plataforma de Android comprobada de Zebra<\/b><\/p>\n<p>Con su plataforma com\u00fan, la WS301 se adapta a todos sus dispositivos m\u00f3viles Zebra. Obtendr\u00e1 la versi\u00f3n m\u00e1s reciente de Android, adem\u00e1s de soporte para versiones futuras. Y tambi\u00e9n se puede agregar caracter\u00edsticas que convierten a Android en un sistema operativo de nivel empresarial gracias a Mobility Extensions (Mx) de Zebra.<\/p>\n<p><b>Administraci\u00f3n centralizada f\u00e1cil<\/b><\/p>\n<p>Administre la WS301 con la misma herramienta de movilidad empresarial (EMM, por sus siglas en ingl\u00e9s) que usa actualmente para administrar sus otros dispositivos m\u00f3viles de Zebra. Y, con Zebra OEMConfig, su EMM es compatible con todas las caracter\u00edsticas de la WS301 desde el momento en que quite su dispositivo de la caja.<\/p>\n","protected":false},"featured_media":8960,"template":"","meta":{"inline_featured_image":false,"_joinchat":[]},"product_cat":[174,214,217],"product_tag":[],"class_list":{"0":"post-8959","1":"product","2":"type-product","3":"status-publish","4":"has-post-thumbnail","6":"product_cat-vestibles","7":"product_cat-colectores-de-datos","8":"product_cat-zebra","10":"first","11":"instock","12":"shipping-taxable","13":"product-type-simple"},"_links":{"self":[{"href":"https:\/\/telectronica.com.uy\/index.php?rest_route=\/wp\/v2\/product\/8959","targetHints":{"allow":["GET"]}}],"collection":[{"href":"https:\/\/telectronica.com.uy\/index.php?rest_route=\/wp\/v2\/product"}],"about":[{"href":"https:\/\/telectronica.com.uy\/index.php?rest_route=\/wp\/v2\/types\/product"}],"wp:featuredmedia":[{"embeddable":true,"href":"https:\/\/telectronica.com.uy\/index.php?rest_route=\/wp\/v2\/media\/8960"}],"wp:attachment":[{"href":"https:\/\/telectronica.com.uy\/index.php?rest_route=%2Fwp%2Fv2%2Fmedia&parent=8959"}],"wp:term":[{"taxonomy":"product_cat","embeddable":true,"href":"https:\/\/telectronica.com.uy\/index.php?rest_route=%2Fwp%2Fv2%2Fproduct_cat&post=8959"},{"taxonomy":"product_tag","embeddable":true,"href":"https:\/\/telectronica.com.uy\/index.php?rest_route=%2Fwp%2Fv2%2Fproduct_tag&post=8959"}],"curies":[{"name":"wp","href":"https:\/\/api.w.org\/{rel}","templated":true}]}}