{"id":8956,"date":"2026-02-25T14:18:15","date_gmt":"2026-02-25T17:18:15","guid":{"rendered":"https:\/\/telectronica.com.uy\/?post_type=product&#038;p=8956"},"modified":"2026-02-25T14:18:40","modified_gmt":"2026-02-25T17:18:40","slug":"colector-zebra-hc2x-hc5x","status":"publish","type":"product","link":"https:\/\/telectronica.com.uy\/?product=colector-zebra-hc2x-hc5x","title":{"rendered":"Colector ZEBRA HC2X\/HC5X"},"content":{"rendered":"<h2 class=\"cmp-title__text\">Permita que los trabajadores de la salud en entornos cl\u00ednicos y no cl\u00ednicos mejoren la eficiencia, la precisi\u00f3n de las tareas y los resultados de los pacientes.<\/h2>\n<p>&nbsp;<\/p>\n<p>La nueva familia de computadoras m\u00f3viles resistentes de Zebra para el cuidado de la salud est\u00e1 espec\u00edficamente dise\u00f1ada para que los trabajadores de la salud puedan mejorar la eficiencia, la precisi\u00f3n, la calidad del cuidado y los resultados de los pacientes. La HC20\/HC50 con conectividad wifi y la HC25\/HC55 con conectividad wifi\/celular ofrecen el equilibrio ideal de ergonom\u00eda, caracter\u00edsticas y precio en un dispositivo de bolsillo que es f\u00e1cil de transportar, usar, desinfectar y administrar. Desde hospitales y cl\u00ednicas hasta viviendas de pacientes y hogares de ancianos, las aplicaciones multimedia m\u00e1s exigentes siempre estar\u00e1n al alcance de la mano de sus trabajadores. Estos dispositivos peque\u00f1os cuentan con capacidades de comunicaci\u00f3n ampliadas: se pueden convertir en radios bidireccionales, dispositivos\u00a0PBX y estaciones de trabajo. El portafolio de Zebra Guardian<sup>1<\/sup>\u00a0protege su flota y mejora la disponibilidad de los dispositivos con rendici\u00f3n de cuentas, recuperaci\u00f3n y control de acceso mejorados. Y Zebra DNA amplifica la capacidad de uso y de gesti\u00f3n gracias a una diversidad de herramientas gratuitas.<\/p>\n<h4><b>Pantalla con un 20\u00a0% m\u00e1s de espacio para ver m\u00e1s y desplazarse menos<\/b><\/h4>\n<p>Las computadoras tienen una pantalla FHD+ (alta resoluci\u00f3n) de 6\u00a0in que se extiende de borde a borde con el brillo adecuado para leer en casi cualquier nivel de iluminaci\u00f3n. Adem\u00e1s, funcionan con los guantes finos que usan los profesionales de la salud.<\/p>\n<h4><b>Solicite ayuda con solo pulsar el bot\u00f3n de emergencia rojo<\/b><\/h4>\n<p>Se trata de un bot\u00f3n especial que se puede programar y configurar para llamar a un n\u00famero determinado o ejecutar una aplicaci\u00f3n en situaciones de emergencia o urgencia. La secuencia de activaci\u00f3n evita las falsas alarmas.<\/p>\n<h4><b>Un conjunto de accesorios para todos los modelos<\/b><\/h4>\n<p>Lleve las computadoras de un lugar a otro sin problemas con el clip o la correa de mano aptos para desinfectantes y preparados para el cuidado de la salud. Se ofrecen bases dise\u00f1adas para dep\u00f3sitos, escritorios o estaciones de enfermer\u00eda. Adem\u00e1s, dispone de bater\u00edas adicionales para tener carga todos los turnos y de un protector de pantalla que aumenta su durabilidad.<\/p>\n<h4><b>Caracter\u00edsticas de bater\u00eda sin igual<\/b><\/h4>\n<p>Si el nivel de bater\u00eda es bajo, cambie la bater\u00eda por otra cargada sin dejar de usar el dispositivo. Con un aut\u00e9ntico cambio caliente<sup>2<\/sup>, puede reemplazar las bater\u00edas sin afectar el funcionamiento: atienda todas las llamadas, vea las notificaciones y no pierda datos. La tecnolog\u00eda PowerPrecision ofrece m\u00e9tricas en tiempo real para monitorear el estado de la bater\u00eda a fin de detectar y reemplazar con facilidad las bater\u00edas que ya no retengan cargas completas. Adem\u00e1s, puede usar cualquier cable de carga USB-C convencional.<\/p>\n<p><span class=\"replace_text\">Reemplazan: <\/span><span class=\"model_text\">TC21-HC \/ TC52-HC, TC52x-HC<\/span><\/p>\n","protected":false},"excerpt":{"rendered":"<h3>Dise\u00f1o exterior ideal para el cuidado de la salud<\/h3>\n<h4><b>La ergonom\u00eda que buscan todos los profesionales de la salud<\/b><\/h4>\n<p>Las computadoras m\u00f3viles m\u00e1s delgadas y livianas de Zebra est\u00e1n perfectamente dise\u00f1adas para minimizar el cansancio de la mano. Las superficies con contorno y los protectores ergon\u00f3micos inferiores reducen los puntos de presi\u00f3n, ofrecen un agarre seguro para cualquier tama\u00f1o de mano y proporcionan comodidad todo el d\u00eda.<\/p>\n<h4><b>Dise\u00f1adas para desinfecciones constantes<\/b><\/h4>\n<p>Con un dise\u00f1o apto para desinfectantes, las computadoras ofrecen pl\u00e1sticos de avanzada, adecuados para dispositivos m\u00e9dicos y aptos para la m\u00e1s amplia selecci\u00f3n de desinfectantes del sector. Adem\u00e1s, gracias a la carcasa espec\u00edficamente dise\u00f1ada y al puerto para conectores USB-C, hay una m\u00ednima cantidad de hendiduras donde se pueden acumular pat\u00f3genos.<\/p>\n","protected":false},"featured_media":8957,"template":"","meta":{"inline_featured_image":false,"_joinchat":[]},"product_cat":[180,214,217],"product_tag":[],"class_list":{"0":"post-8956","1":"product","2":"type-product","3":"status-publish","4":"has-post-thumbnail","6":"product_cat-de-mano-industrial","7":"product_cat-colectores-de-datos","8":"product_cat-zebra","10":"first","11":"instock","12":"shipping-taxable","13":"product-type-simple"},"_links":{"self":[{"href":"https:\/\/telectronica.com.uy\/index.php?rest_route=\/wp\/v2\/product\/8956","targetHints":{"allow":["GET"]}}],"collection":[{"href":"https:\/\/telectronica.com.uy\/index.php?rest_route=\/wp\/v2\/product"}],"about":[{"href":"https:\/\/telectronica.com.uy\/index.php?rest_route=\/wp\/v2\/types\/product"}],"wp:featuredmedia":[{"embeddable":true,"href":"https:\/\/telectronica.com.uy\/index.php?rest_route=\/wp\/v2\/media\/8957"}],"wp:attachment":[{"href":"https:\/\/telectronica.com.uy\/index.php?rest_route=%2Fwp%2Fv2%2Fmedia&parent=8956"}],"wp:term":[{"taxonomy":"product_cat","embeddable":true,"href":"https:\/\/telectronica.com.uy\/index.php?rest_route=%2Fwp%2Fv2%2Fproduct_cat&post=8956"},{"taxonomy":"product_tag","embeddable":true,"href":"https:\/\/telectronica.com.uy\/index.php?rest_route=%2Fwp%2Fv2%2Fproduct_tag&post=8956"}],"curies":[{"name":"wp","href":"https:\/\/api.w.org\/{rel}","templated":true}]}}