{"id":8953,"date":"2026-02-25T14:08:12","date_gmt":"2026-02-25T17:08:12","guid":{"rendered":"https:\/\/telectronica.com.uy\/?post_type=product&#038;p=8953"},"modified":"2026-02-25T14:08:14","modified_gmt":"2026-02-25T17:08:14","slug":"colector-zebra-tc501","status":"publish","type":"product","link":"https:\/\/telectronica.com.uy\/?product=colector-zebra-tc501","title":{"rendered":"Colector ZEBRA TC501"},"content":{"rendered":"<h2 class=\"cmp-title__text\">Computadora m\u00f3vil resistente redise\u00f1ada para operaciones impulsadas por IA<\/h2>\n<p>&nbsp;<\/p>\n<p>Empoderar las operaciones con IA impulsa la productividad, la eficiencia, la satisfacci\u00f3n del cliente y la rentabilidad a niveles excepcionales. Pero ejecutar aplicaciones con IA exige el dispositivo correcto. Requiere potencia para habilitar aplicaciones ultrareceptivas. Requiere la capacidad de capturar una gran cantidad de datos para facilitar y automatizar los flujos de trabajo, y empoderar a los trabajadores con un nuevo nivel de inteligencia comercial, m\u00e1s la durabilidad para gestionar lo que traiga el d\u00eda de trabajo. Obtenga todo eso con la TC501. Un nuevo procesador innovador es el nuevo coraz\u00f3n de la TC501, construida espec\u00edficamente para habilitar un alto rendimiento de IA en el dispositivo. La plataforma m\u00e1s poderosa de Zebra ofrece la tecnolog\u00eda de visualizaci\u00f3n m\u00e1s avanzada y la mayor memoria, las redes inal\u00e1mbricas m\u00e1s r\u00e1pidas y la mayor\u00eda de las opciones de captura de datos en cualquier dispositivo TC5, todo en los dispositivos TC5 m\u00e1s resistentes que hemos construido hasta la fecha. Desarrolle aplicaciones con IA en d\u00edas en lugar de meses con el paquete de IA de operaciones de Zebra. Empodere a sus empleados para que trabajen de forma m\u00e1s inteligente todos los d\u00edas con la TC501, la computadora m\u00f3vil construida para la generaci\u00f3n impulsada por IA.<\/p>\n<p>&nbsp;<\/p>\n<p><b>Una pantalla avanzada dise\u00f1ada para trabajadores empresariales<\/b><\/p>\n<p>La pantalla AMOLED din\u00e1mica de alta resoluci\u00f3n de 6\u00a0pulgadas ofrece una experiencia de visi\u00f3n superior. Colores brillantes, texto n\u00edtido y un brillo de 1500\u00a0nits sin precedentes proporcionan una lectura excepcional en cualquier condici\u00f3n de iluminaci\u00f3n. El \u00e1rea de pantalla un 20\u00a0% mayor<sup>2<\/sup>\u00a0permite a los trabajadores ver m\u00e1s informaci\u00f3n de un vistazo, y la pantalla es f\u00e1cil de leer, incluso en \u00e1ngulos extremos. Y Gorilla\u00ae Glass Victus<sup>3<\/sup>, el vidrio m\u00e1s resistente de Corning con pruebas de ca\u00eddas sobre superficies similares al concreto, proporciona protecci\u00f3n m\u00e1xima para este componente m\u00e1s vulnerable. La tasa de renovaci\u00f3n de variable sin espera mejora la respuesta t\u00e1ctil. Y los requisitos de energ\u00eda se reducen en hasta el 40\u00a0%.<sup>4<\/sup><\/p>\n<p><b>Todas las redes inal\u00e1mbricas m\u00e1s r\u00e1pidas<\/b><\/p>\n<p>Obtenga lo \u00faltimo en velocidad, desempe\u00f1o y confiabilidad para todas sus conexiones inal\u00e1mbricas, voz, datos y perif\u00e9ricos. Habilite el servicio de celular en cualquier lugar del mundo con 5G de 3.\u00b0\u00a0Gen versi\u00f3n\u00a017. Compatibilidad con 5G privado, CBRS y servicio simult\u00e1neo en dos redes para flexibilidad de red celular completa. Wifi\u00a07 ofrece conexiones extremadamente r\u00e1pidas, mayor capacidad de red y compatibilidad con las \u00faltimas tres generaciones de wifi. Y Bluetooth\u00a06 aumenta las velocidades, el rango y la seguridad de los datos, todo con menor consumo de energ\u00eda.<\/p>\n<p><b>M\u00e1s resistente y m\u00e1s confiable que cualquier otro dispositivo de la serie TC5<\/b><\/p>\n<p>La TC501 puede soportar ca\u00eddas de 8\u00a0pies (2,4\u00a0m) y de 9\u00a0pies (2,7\u00a0m) con funda resistente. Sobrevive de dos a cuatro veces la cantidad de impactos que otros dispositivos de la serie TC5. Una nueva prueba de golpe t\u00e9rmico garantiza un funcionamiento confiable para trabajadores que est\u00e1n en ambientes interiores o exteriores con cambios importantes de temperatura, como transportistas postales o t\u00e9cnicos de campo.<\/p>\n","protected":false},"excerpt":{"rendered":"<h3>Construida para potenciar las aplicaciones de IA de hoy y de ma\u00f1ana<\/h3>\n<p><b>Potencia de procesamiento excepcional para un desempe\u00f1o igual de excepcional de la aplicaci\u00f3n<\/b><\/p>\n<p>Obtenga la potencia de procesamiento de una estaci\u00f3n de trabajo con el nuevo Dragonwing&#x2122; Q-6690 de Qualcomm, que ofrece un aumento de hasta el 300\u00a0% de rendimiento en los dispositivos heredados de la serie TC5.<sup>1<\/sup>\u00a0Respalde f\u00e1cilmente las aplicaciones de IA de hoy y de ma\u00f1ana con el motor de IA integrado y exclusivo. La mejora importante en la eficiencia de procesamiento reduce los requisitos de energ\u00eda, lo que conserva la energ\u00eda de la bater\u00eda.<\/p>\n<p><b>Memoria m\u00e1xima<\/b><\/p>\n<p>La memoria l\u00edder en su clase admite las aplicaciones de datos de IA m\u00e1s intensivas, con hasta 12\u00a0GB de RAM y 256\u00a0GB de memoria flash, hasta 3\u00a0veces m\u00e1s la memoria RAM y 8\u00a0veces la memoria flash en comparaci\u00f3n con dispositivos heredados TC5, y una ranura para tarjetas MicroSD de 2\u00a0TB<\/p>\n","protected":false},"featured_media":8954,"template":"","meta":{"inline_featured_image":false,"_joinchat":[]},"product_cat":[180,214,217],"product_tag":[],"class_list":{"0":"post-8953","1":"product","2":"type-product","3":"status-publish","4":"has-post-thumbnail","6":"product_cat-de-mano-industrial","7":"product_cat-colectores-de-datos","8":"product_cat-zebra","10":"first","11":"instock","12":"shipping-taxable","13":"product-type-simple"},"_links":{"self":[{"href":"https:\/\/telectronica.com.uy\/index.php?rest_route=\/wp\/v2\/product\/8953","targetHints":{"allow":["GET"]}}],"collection":[{"href":"https:\/\/telectronica.com.uy\/index.php?rest_route=\/wp\/v2\/product"}],"about":[{"href":"https:\/\/telectronica.com.uy\/index.php?rest_route=\/wp\/v2\/types\/product"}],"wp:featuredmedia":[{"embeddable":true,"href":"https:\/\/telectronica.com.uy\/index.php?rest_route=\/wp\/v2\/media\/8954"}],"wp:attachment":[{"href":"https:\/\/telectronica.com.uy\/index.php?rest_route=%2Fwp%2Fv2%2Fmedia&parent=8953"}],"wp:term":[{"taxonomy":"product_cat","embeddable":true,"href":"https:\/\/telectronica.com.uy\/index.php?rest_route=%2Fwp%2Fv2%2Fproduct_cat&post=8953"},{"taxonomy":"product_tag","embeddable":true,"href":"https:\/\/telectronica.com.uy\/index.php?rest_route=%2Fwp%2Fv2%2Fproduct_tag&post=8953"}],"curies":[{"name":"wp","href":"https:\/\/api.w.org\/{rel}","templated":true}]}}