{"id":8937,"date":"2026-02-10T16:47:58","date_gmt":"2026-02-10T19:47:58","guid":{"rendered":"https:\/\/telectronica.com.uy\/?post_type=product&#038;p=8937"},"modified":"2026-02-10T16:47:59","modified_gmt":"2026-02-10T19:47:59","slug":"colector-zebra-tc53","status":"publish","type":"product","link":"https:\/\/telectronica.com.uy\/?product=colector-zebra-tc53","title":{"rendered":"Colector ZEBRA TC53"},"content":{"rendered":"<h2 class=\"cmp-title \">Descripci\u00f3n<\/h2>\n<div class=\"cmp-text\">\n<p>La computadora m\u00f3vil TC53 con conexi\u00f3n por wifi es resistente y est\u00e1 equipada con la \u00faltima tecnolog\u00eda m\u00f3vil, como Wi-Fi\u00a06E. Se ofrece con el motor de escaneo 1D\/2D SE4720 o el 1D\/2D SE55 de alcance avanzado con tecnolog\u00eda IntelliFocus&#x2122;, Device Tracker, Workstation Connect, Dimensioning&#x2122; Certified Mobile Parcel de Zebra y herramientas de Zebra DNA para computadoras m\u00f3viles. Con todas estas caracter\u00edsticas, la TC53 es la nueva generaci\u00f3n de computadoras para recopilar datos en interiores.<\/p>\n<\/div>\n<div class=\"text-jumbo text zbr-bg-cmp--pt-24 zbr-bg-cmp--pb-0 aem-GridColumn aem-GridColumn--default--12\">\n<section id=\"i49caf3bdd6dd02bfb471bd8b01707ffd1e199980bc74cdf6e8f5bcb2fae59bd1\" class=\"cmp-text-jumbo\">\n<div class=\"text-jumbo text-left text-dark\">\n<div class=\"cmp-text\">\n<p>Presentamos las computadoras m\u00f3viles TC53 y TC58, los primeros miembros de una nueva generaci\u00f3n de computadoras m\u00f3viles de Zebra dise\u00f1adas para hacer mucho m\u00e1s. \u00bfPor qu\u00e9 son tan distintos estos dispositivos? El nuevo hardware redefine el rendimiento del c\u00f3mputo m\u00f3vil. Nuevas soluciones y tecnolog\u00edas de sensor redefinen el mundo de las posibilidades: desde pagos m\u00f3viles hasta el dimensionamiento de paquetes. Con las \u00faltimas tecnolog\u00edas inal\u00e1mbricas, como 5G, Wi-Fi\u00a06E y CBRS (solo en EE.\u00a0UU.), los trabajadores obtienen un acceso m\u00e1s r\u00e1pido y fiable a la informaci\u00f3n necesaria para llevar a cabo las tareas. Gracias a la mejor pantalla de 6\u00a0pulgadas del sector, los trabajadores pueden ver y hacer m\u00e1s sin desplazarse tanto por la pantalla. Las herramientas Mobility DNA<sup>TM<\/sup>\u00a0exclusivas de Zebra traen consigo una ventaja porque maximizan la productividad del usuario, al tiempo que minimizan las complejidades de TI en todo el ciclo de vida de los dispositivos. Las nuevas tecnolog\u00edas de manufactura permiten que los equipos TC53 y TC58 sean m\u00e1s delgados, pero m\u00e1s resistentes. \u00bfEl resultado? Una nueva generaci\u00f3n de recopilaci\u00f3n de datos. Un nuevo nivel de eficiencia operativa. Y un nuevo nivel de productividad del personal. TC53\/TC58: nuevas posibilidades para el mundo de la movilidad.<\/p>\n<\/div>\n<\/div>\n<\/section>\n<\/div>\n<div class=\"background responsivegrid zbr-bg-container--pt-0 zbr-bg-container--pb-24 aem-GridColumn aem-GridColumn--default--12 zbr-theme-container\">\n<div id=\"background-03b64d6629\" class=\"cmp-container cmp-container-v2 cmp-container--2-col-50-50  \">\n<div class=\"cmp-container__wrapper\">\n<div class=\"aem-Grid aem-Grid--12 aem-Grid--default--12 \">\n<div class=\"responsivegrid aem-GridColumn--default--none aem-GridColumn aem-GridColumn--default--6 aem-GridColumn--offset--default--0\">\n<div class=\"aem-Grid aem-Grid--6 aem-Grid--default--6 \">\n<div class=\"image zbr-bg-cmp--pt-8 zbr-bg-cmp--pb-8 aem-GridColumn aem-GridColumn--default--6\">\n<div class=\"image-center\"><picture><source srcset=\"\/content\/dam\/zebra_dam\/global\/zcom-web-production\/web-production-graphics\/spec-sheet-assets\/tc53-tc58-spec-sheet-asset-photography.jpg.imgw.3600.3600.jpg , \/content\/dam\/zebra_dam\/global\/zcom-web-production\/web-production-graphics\/spec-sheet-assets\/tc53-tc58-spec-sheet-asset-photography.jpg.imgw.3600.3600.jpg\" media=\"(min-width: 1400px)\" \/><source srcset=\"\/content\/dam\/zebra_dam\/global\/zcom-web-production\/web-production-graphics\/spec-sheet-assets\/tc53-tc58-spec-sheet-asset-photography.jpg.imgw.1920.1920.jpg , \/content\/dam\/zebra_dam\/global\/zcom-web-production\/web-production-graphics\/spec-sheet-assets\/tc53-tc58-spec-sheet-asset-photography.jpg.imgw.3600.3600.jpg\" media=\"(min-width: 992px) and (max-width: 1399px)\" \/><source srcset=\"\/content\/dam\/zebra_dam\/global\/zcom-web-production\/web-production-graphics\/spec-sheet-assets\/tc53-tc58-spec-sheet-asset-photography.jpg.imgw.1200.1200.jpg , \/content\/dam\/zebra_dam\/global\/zcom-web-production\/web-production-graphics\/spec-sheet-assets\/tc53-tc58-spec-sheet-asset-photography.jpg.imgw.1920.1920.jpg\" media=\"(min-width: 768px) and (max-width: 991px)\" \/><source srcset=\"\/content\/dam\/zebra_dam\/global\/zcom-web-production\/web-production-graphics\/spec-sheet-assets\/tc53-tc58-spec-sheet-asset-photography.jpg.imgw.600.600.jpg , \/content\/dam\/zebra_dam\/global\/zcom-web-production\/web-production-graphics\/spec-sheet-assets\/tc53-tc58-spec-sheet-asset-photography.jpg.imgw.1200.1200.jpg\" media=\"(max-width: 767px)\" \/><\/picture>Proporcione a sus trabajadores las velocidades m\u00e1s r\u00e1pidas con Wi-Fi\u00a06E y 5G. Gracias a la compatibilidad con redes LTE privadas de servicio de radio de banda ancha ciudadana (CBRS, por sus siglas en ingl\u00e9s), se puede tener acceso a conectividad inal\u00e1mbrica rentable en las instalaciones m\u00e1s grandes, ya sea en exteriores o interiores.<\/p>\n<p>&nbsp;<\/p>\n<h4><b>La mejor pantalla avanzada de 6\u00a0pulgadas del sector<\/b><\/h4>\n<p>Obtenga la pantalla m\u00e1s grande, de m\u00e1s alta resoluci\u00f3n y de mayor brillo del sector. Las pantallas se pueden ver con claridad en interiores y exteriores. La tecnolog\u00eda de pantalla de borde a borde le ofrece m\u00e1s informaci\u00f3n sin necesidad de desplazarse. Funciona por m\u00e1s que est\u00e9 mojada. Los trabajadores pueden usar un l\u00e1piz \u00f3ptico o el dedo (con o sin guantes) sin necesidad de cambiar de modo.<\/p>\n<p>&nbsp;<\/p>\n<h4><b>M\u00e1s delgada y m\u00e1s resistente<\/b><\/h4>\n<p>El dise\u00f1o ergon\u00f3mico y la tecnolog\u00eda avanzada de manufactura y materiales hacen que la TC53 y la TC58 sean m\u00e1s delgadas, pero resistentes.<\/p>\n<p>&nbsp;<\/p>\n<h4><b>Tecnolog\u00eda de bater\u00edas sin igual<\/b><\/h4>\n<p>Garantice energ\u00eda para turnos completos y acceda a la inteligencia necesaria para administrar la energ\u00eda con las bater\u00edas de 4680\u00a0mAh (est\u00e1ndar) y 7000\u00a0mAh (larga duraci\u00f3n) PowerPrecision+ de Zebra.<\/p>\n<h4><b>No se pierda ni una palabra en todas las llamadas<\/b><\/h4>\n<p>Con tres micr\u00f3fonos integrados, dos altavoces y compatibilidad con auriculares cableados e inal\u00e1mbricos, es muy f\u00e1cil trabajar con otras personas.<\/p>\n<h4><b>Capture fotograf\u00edas y videos en resoluci\u00f3n ultraalta<\/b><\/h4>\n<p>La c\u00e1mara integrada de 16\u00a0MP ofrece la resoluci\u00f3n m\u00e1s alta en dispositivos de este tipo. Gracias a la estabilizaci\u00f3n de imagen \u00f3ptica (OIS, por sus siglas en ingl\u00e9s) opcional, podr\u00e1 capturar con facilidad fotograf\u00edas n\u00edtidas y repletas de detalles para documentar condiciones, entregas y m\u00e1s.<\/p>\n<\/div>\n<\/div>\n<\/div>\n<\/div>\n<\/div>\n<\/div>\n<\/div>\n<\/div>\n<h3>Las mejores innovaciones del sector, desde la carcasa hasta el procesador<\/h3>\n<h4><b>Velocidad ultrarr\u00e1pida<\/b><\/h4>\n<p>Obtenga tiempos de respuesta casi instant\u00e1neos en las aplicaciones m\u00e1s exigentes gracias a la mejor potencia de procesamiento, memoria y almacenamiento del sector: el nuevo procesador Qualcomm&#x2122; 6490 de ocho n\u00facleos, hasta 8\u00a0GB de RAM y 128\u00a0GB de memoria Flash, y una ranura para tarjetas de memoria MicroSD de 2\u00a0TB.<\/p>\n<h4><b>Las conexiones inal\u00e1mbricas m\u00e1s recientes<\/b><\/h4>\n<p>&nbsp;<\/p>\n<p>&nbsp;<\/p>\n<p>Reemplaza TC51, TC52, TC52x, TC52ax<\/p>\n","protected":false},"excerpt":{"rendered":"<h2 class=\"bulleted-list__listTitle\"><strong>Funciones principales<\/strong><\/h2>\n<ul>\n<li class=\"bulleted-list__title\">Tama\u00f1o de la pantalla: 6\u00a0in (15,2\u00a0cm)<\/li>\n<li class=\"bulleted-list__title\">Conectividad: Wi-Fi 6E, Bluetooth (WPAN)<\/li>\n<li class=\"bulleted-list__title\">Memoria: 4\u00a0GB de RAM\/64\u00a0GB de memoria flash UFS, 8\u00a0GB de RAM\/64\u00a0GB de memoria flash UFS, 8\u00a0GB de RAM\/128\u00a0GB de memoria flash UFS<\/li>\n<li class=\"bulleted-list__title\">Sistema operativo:<\/li>\n<li>Android; para ver las versiones compatibles, visite:\u00a0<a href=\"https:\/\/www.zebra.com\/android-versions\">www.zebra.com\/android-versions<\/a><\/li>\n<li>Capacidad de la bater\u00eda: Est\u00e1ndar y BLE: Hasta 15 horas, 18,01 Wh (4680 mAh), Capacidad extendida: 26,95 Wh (7000 mAh)<\/li>\n<\/ul>\n","protected":false},"featured_media":8940,"template":"","meta":{"inline_featured_image":false,"_joinchat":[]},"product_cat":[180,214,217],"product_tag":[],"class_list":{"0":"post-8937","1":"product","2":"type-product","3":"status-publish","4":"has-post-thumbnail","6":"product_cat-de-mano-industrial","7":"product_cat-colectores-de-datos","8":"product_cat-zebra","10":"first","11":"instock","12":"shipping-taxable","13":"product-type-simple"},"_links":{"self":[{"href":"https:\/\/telectronica.com.uy\/index.php?rest_route=\/wp\/v2\/product\/8937","targetHints":{"allow":["GET"]}}],"collection":[{"href":"https:\/\/telectronica.com.uy\/index.php?rest_route=\/wp\/v2\/product"}],"about":[{"href":"https:\/\/telectronica.com.uy\/index.php?rest_route=\/wp\/v2\/types\/product"}],"wp:featuredmedia":[{"embeddable":true,"href":"https:\/\/telectronica.com.uy\/index.php?rest_route=\/wp\/v2\/media\/8940"}],"wp:attachment":[{"href":"https:\/\/telectronica.com.uy\/index.php?rest_route=%2Fwp%2Fv2%2Fmedia&parent=8937"}],"wp:term":[{"taxonomy":"product_cat","embeddable":true,"href":"https:\/\/telectronica.com.uy\/index.php?rest_route=%2Fwp%2Fv2%2Fproduct_cat&post=8937"},{"taxonomy":"product_tag","embeddable":true,"href":"https:\/\/telectronica.com.uy\/index.php?rest_route=%2Fwp%2Fv2%2Fproduct_tag&post=8937"}],"curies":[{"name":"wp","href":"https:\/\/api.w.org\/{rel}","templated":true}]}}