{"id":8927,"date":"2025-05-15T12:06:43","date_gmt":"2025-05-15T15:06:43","guid":{"rendered":"https:\/\/telectronica.com.uy\/?post_type=product&#038;p=8927"},"modified":"2025-05-15T12:14:35","modified_gmt":"2025-05-15T15:14:35","slug":"lectro-de-banda-magnetica-unitech-ms246","status":"publish","type":"product","link":"https:\/\/telectronica.com.uy\/?product=lectro-de-banda-magnetica-unitech-ms246","title":{"rendered":"Lectro de banda magnetica UNITECH MS246"},"content":{"rendered":"<div class=\"p-product-intro p-product-intro--text p-product-intro--left wow fadeInUp\" data-wow-delay=\"0.2s\">\n<div class=\"col-container--s\">\n<p>Dise\u00f1o compacto, formato robusto<\/p>\n<p>Deslice hacia la eficiencia. Sin necesidad de configuraci\u00f3n ni programaci\u00f3n, el MS246 es una soluci\u00f3n plug-and-play.<\/p>\n<p>El lector de banda magn\u00e9tica MS246 es compatible con cualquier ordenador Windows o Mac. Simplemente conecte el dispositivo a un puerto USB y la informaci\u00f3n aparecer\u00e1 en la pantalla como si se hubiera introducido desde un teclado.<\/p>\n<p>Este eficiente dispositivo no requiere alimentaci\u00f3n externa.<\/p>\n<\/div>\n<\/div>\n<div class=\"p-product-intro p-product-intro--text p-product-intro--left wow fadeInUp\" data-wow-delay=\"0.2s\">\n<div class=\"col-container--s\">\n<p>&nbsp;<\/p>\n<\/div>\n<\/div>\n","protected":false},"excerpt":{"rendered":"<p>El lector de banda magn\u00e9tica MS246 es una soluci\u00f3n de recopilaci\u00f3n de datos pr\u00e1ctica y compacta, f\u00e1cil de integrar en cualquier gimnasio, tienda minorista, restaurante, biblioteca u oficina.<\/p>\n<h3><strong>Caracter\u00edsticas<\/strong><\/h3>\n<p>\u2022 Tama\u00f1o peque\u00f1o para adaptarse a lugares estrechos<\/p>\n<p>\u2022 Lee hasta 3 pistas de informaci\u00f3n<\/p>\n<p>\u2022 Deslizamiento de tarjeta bidireccional<\/p>\n<p>\u2022 Lectura superior de tarjetas con alta vibraci\u00f3n, rayadas y desgastadas<\/p>\n<p>\u2022 Confiable para m\u00e1s de 1.000.000 de pases de tarjeta<\/p>\n<p>\u2022 Almohadillas de velcro para un f\u00e1cil montaje.<\/p>\n<p>\u2022 Interfaz USB-KB o USB-HID, no requiere fuente de alimentaci\u00f3n externa<\/p>\n<p>\u2022 Controlador OPOS disponible (compatible con Windows 7, Vista y XP)<\/p>\n<p>\u2022 Garant\u00eda de 2 a\u00f1os<\/p>\n","protected":false},"featured_media":8928,"template":"","meta":{"inline_featured_image":false,"_joinchat":[]},"product_cat":[150,218],"product_tag":[],"class_list":{"0":"post-8927","1":"product","2":"type-product","3":"status-publish","4":"has-post-thumbnail","6":"product_cat-lectores","7":"product_cat-de-tarjeta-y-de-huella","9":"first","10":"instock","11":"shipping-taxable","12":"product-type-simple"},"_links":{"self":[{"href":"https:\/\/telectronica.com.uy\/index.php?rest_route=\/wp\/v2\/product\/8927","targetHints":{"allow":["GET"]}}],"collection":[{"href":"https:\/\/telectronica.com.uy\/index.php?rest_route=\/wp\/v2\/product"}],"about":[{"href":"https:\/\/telectronica.com.uy\/index.php?rest_route=\/wp\/v2\/types\/product"}],"wp:featuredmedia":[{"embeddable":true,"href":"https:\/\/telectronica.com.uy\/index.php?rest_route=\/wp\/v2\/media\/8928"}],"wp:attachment":[{"href":"https:\/\/telectronica.com.uy\/index.php?rest_route=%2Fwp%2Fv2%2Fmedia&parent=8927"}],"wp:term":[{"taxonomy":"product_cat","embeddable":true,"href":"https:\/\/telectronica.com.uy\/index.php?rest_route=%2Fwp%2Fv2%2Fproduct_cat&post=8927"},{"taxonomy":"product_tag","embeddable":true,"href":"https:\/\/telectronica.com.uy\/index.php?rest_route=%2Fwp%2Fv2%2Fproduct_tag&post=8927"}],"curies":[{"name":"wp","href":"https:\/\/api.w.org\/{rel}","templated":true}]}}