{"id":8909,"date":"2025-05-13T17:07:07","date_gmt":"2025-05-13T20:07:07","guid":{"rendered":"https:\/\/telectronica.com.uy\/?post_type=product&#038;p=8909"},"modified":"2025-05-13T17:07:08","modified_gmt":"2025-05-13T20:07:08","slug":"impresora-de-escritorio-healthy-care-zebra-zd421-hc","status":"publish","type":"product","link":"https:\/\/telectronica.com.uy\/?product=impresora-de-escritorio-healthy-care-zebra-zd421-hc","title":{"rendered":"Impresora de escritorio Healthy Care ZEBRA ZD421-HC"},"content":{"rendered":"<h4><b><span>F\u00e1cil de limpiar, desinfectar y alimentar de forma segura<\/span><\/b><\/h4>\n<p><span>Los pl\u00e1sticos aptos para desinfectantes, la carcasa resistente a los rayos UV y la interfaz de botones sellada facilitan la limpieza y desinfecci\u00f3n de la impresora sanitaria ZD421, lo que ayuda a prevenir la propagaci\u00f3n de infecciones en hospitales y cl\u00ednicas. Adem\u00e1s, la fuente de alimentaci\u00f3n cumple con la norma IEC 60601-1 para su uso en centros sanitario<\/span><\/p>\n<h4><b><span>Operaci\u00f3n intuitiva y potente<\/span><\/b><\/h4>\n<p><span>La ZD421 ofrece nuevas funciones avanzadas que la distinguen. Incluye una nueva interfaz de usuario m\u00e1s intuitiva, una arquitectura potente y un kit inal\u00e1mbrico actualizable en campo. Adem\u00e1s, cuenta con nuevos dise\u00f1os de gu\u00eda y manejo de medios que facilitan a\u00fan m\u00e1s la operaci\u00f3n diaria.<\/span><\/p>\n<h4><b><span>M\u00faltiples modelos para satisfacer sus necesidades<\/span><\/b><\/h4>\n<p><span>Disponible en modelos de impresi\u00f3n t\u00e9rmica directa, transferencia t\u00e9rmica y cartucho de cinta, todos espec\u00edficamente para el sector sanitario, la impresora para el sector sanitario ZD421 satisface una amplia variedad de casos de uso y requisitos espec\u00edficos del sector sanitario.<\/span><\/p>\n<h4><b><span>Migrar de G a Z<\/span><\/b><\/h4>\n<p><span>La ZD421 se basa en el legado de las impresoras Zebra de las series GK y ZD420, ofreciendo las funciones y capacidades de su predecesora, y mucho m\u00e1s. La ZD421 de nueva generaci\u00f3n aprovecha esta herencia para ofrecer funciones avanzadas para una nueva era de inteligencia y flexibilidad, todo en un modelo sanitario listo para usar.<\/span><\/p>\n","protected":false},"excerpt":{"rendered":"<h2 class=\"cmp-title__text\"><span>Eleve sus expectativas con las impresoras de escritorio avanzadas para el cuidado de la salud<\/span><\/h2>\n<p>Necesita una impresora confiable dise\u00f1ada para el sector salud que ofrezca un rendimiento de calidad, ahora y en los a\u00f1os venideros. Debe contar con caracter\u00edsticas clave y ser f\u00e1cil de configurar, operar, administrar y mantener, ya sea in situ o remotamente. Debe ser segura para proteger la informaci\u00f3n del paciente, ya sea integrada en su red o no, y as\u00ed evitar tiempos de inactividad y costosos ciberataques. Usted la necesita, y Zebra se la ofrece desde hace m\u00e1s de 50 a\u00f1os. Hemos dise\u00f1ado nuestras impresoras para el sector salud para que se adapten a sus flujos de trabajo y brinden un rendimiento sin complicaciones. Bas\u00e1ndose en el legado de las impresoras Zebra de la serie GK y la ZD420, la ZD421 ofrece la flexibilidad y confiabilidad que necesita, con a\u00fan m\u00e1s capacidades y seguridad, para que pueda usarla durante a\u00f1os.<\/p>\n","protected":false},"featured_media":8910,"template":"","meta":{"inline_featured_image":false,"_joinchat":[]},"product_cat":[238],"product_tag":[162],"class_list":{"0":"post-8909","1":"product","2":"type-product","3":"status-publish","4":"has-post-thumbnail","6":"product_cat-healthy-care","7":"product_tag-zebra","9":"first","10":"instock","11":"shipping-taxable","12":"product-type-simple"},"_links":{"self":[{"href":"https:\/\/telectronica.com.uy\/index.php?rest_route=\/wp\/v2\/product\/8909","targetHints":{"allow":["GET"]}}],"collection":[{"href":"https:\/\/telectronica.com.uy\/index.php?rest_route=\/wp\/v2\/product"}],"about":[{"href":"https:\/\/telectronica.com.uy\/index.php?rest_route=\/wp\/v2\/types\/product"}],"wp:featuredmedia":[{"embeddable":true,"href":"https:\/\/telectronica.com.uy\/index.php?rest_route=\/wp\/v2\/media\/8910"}],"wp:attachment":[{"href":"https:\/\/telectronica.com.uy\/index.php?rest_route=%2Fwp%2Fv2%2Fmedia&parent=8909"}],"wp:term":[{"taxonomy":"product_cat","embeddable":true,"href":"https:\/\/telectronica.com.uy\/index.php?rest_route=%2Fwp%2Fv2%2Fproduct_cat&post=8909"},{"taxonomy":"product_tag","embeddable":true,"href":"https:\/\/telectronica.com.uy\/index.php?rest_route=%2Fwp%2Fv2%2Fproduct_tag&post=8909"}],"curies":[{"name":"wp","href":"https:\/\/api.w.org\/{rel}","templated":true}]}}