{"id":8904,"date":"2025-05-13T16:58:50","date_gmt":"2025-05-13T19:58:50","guid":{"rendered":"https:\/\/telectronica.com.uy\/?post_type=product&#038;p=8904"},"modified":"2025-05-13T17:01:12","modified_gmt":"2025-05-13T20:01:12","slug":"impresora-de-escritorio-healthy-care-zebra-zd621-hc","status":"publish","type":"product","link":"https:\/\/telectronica.com.uy\/?product=impresora-de-escritorio-healthy-care-zebra-zd621-hc","title":{"rendered":"Impresora de escritorio Healthy Care ZEBRA ZD621-HC"},"content":{"rendered":"<h4><b>F\u00e1cil de limpiar, desinfectar y alimentar de forma segura<\/b><\/h4>\n<p>Los pl\u00e1sticos aptos para desinfectantes, la carcasa resistente a los rayos UV y la interfaz de botones sellada facilitan la limpieza y desinfecci\u00f3n de las impresoras sanitarias ZD621, lo que ayuda a prevenir la propagaci\u00f3n de infecciones en hospitales y cl\u00ednicas. Adem\u00e1s, la fuente de alimentaci\u00f3n cumple con la norma IEC 60601-1 para su uso en centros sanitarios.<\/p>\n<h4><b>Rendimiento de impresi\u00f3n de primer nivel<\/b><\/h4>\n<p>Conf\u00ede en la ZD621 para superar sus expectativas d\u00eda tras d\u00eda. Desde velocidades de impresi\u00f3n l\u00edderes en la industria hasta portabilidad para una mayor flexibilidad de aplicaciones, tecnolog\u00eda emergente y opciones de instalaci\u00f3n en campo, la ZD621 destaca. Disponible en modelos para el sector sanitario, tanto t\u00e9rmico directo como de transferencia t\u00e9rmica, y un modelo RFID*, la ZD621 es compatible con una amplia variedad de casos de uso y requisitos espec\u00edficos del sector sanitario.<\/p>\n<h4><b>F\u00e1cil de implementar, usar, administrar y proteger<\/b><\/h4>\n<p>Respaldado por el innovador paquete de software Print DNA de Zebra, la ZD621 es incre\u00edblemente f\u00e1cil de operar.<\/p>\n<h4><b>Ampliando el legado de la serie ZD<\/b><\/h4>\n<p>Las impresoras de la serie ZD620 de Zebra son reconocidas por su calidad y rendimiento premium. Al elegir su pr\u00f3xima impresora, puede estar seguro de que la ZD621 de nueva generaci\u00f3n incluye todo lo que amaba de las impresoras tradicionales y se basa en esta herencia para ofrecer las mejores funciones de su clase para esta nueva era de inteligencia y adaptabilidad.<\/p>\n","protected":false},"excerpt":{"rendered":"<h2 class=\"cmp-title__text\">Funciones premium, m\u00e1ximo rendimiento y seguridad inigualable para a\u00f1os de impresi\u00f3n de calidad en entornos sanitarios.<\/h2>\n<p>Necesita una impresora de atenci\u00f3n m\u00e9dica de primera calidad, dise\u00f1ada para funcionar a la perfecci\u00f3n, d\u00eda tras d\u00eda. Conf\u00ede en las impresoras de escritorio para atenci\u00f3n m\u00e9dica ZD621 de Zebra, dise\u00f1adas espec\u00edficamente para el sector salud y que mejoran las probadas y populares impresoras ZD620. No se conforme. Cons\u00edgalo todo: una arquitectura innovadora que impulsa nuestras capacidades y software de impresi\u00f3n en constante expansi\u00f3n. Ingenier\u00eda espec\u00edfica para atenci\u00f3n m\u00e9dica con pl\u00e1sticos aptos para desinfectantes, resistente a los rayos UV y fuente de alimentaci\u00f3n de grado m\u00e9dico. Seguridad inigualable en constante evoluci\u00f3n para protegerlo de ciberataques y salvaguardar sus datos confidenciales, incluida la informaci\u00f3n de sus pacientes. Una nueva pantalla t\u00e1ctil LCD a todo color est\u00e1ndar de 4.3 pulgadas con men\u00fa intuitivo. Funciones mejoradas, opciones de comunicaci\u00f3n y manejo de soportes instalables en campo. Y mayores capacidades de administraci\u00f3n remota. En conjunto, le brindan un rendimiento de impresi\u00f3n excepcional, a\u00f1os de uso \u00f3ptimo, confiabilidad l\u00edder en la industria e inteligencia y seguridad inigualables para que siga avanzando.<\/p>\n","protected":false},"featured_media":8908,"template":"","meta":{"inline_featured_image":false,"_joinchat":[]},"product_cat":[238],"product_tag":[162],"class_list":{"0":"post-8904","1":"product","2":"type-product","3":"status-publish","4":"has-post-thumbnail","6":"product_cat-healthy-care","7":"product_tag-zebra","9":"first","10":"instock","11":"shipping-taxable","12":"product-type-simple"},"_links":{"self":[{"href":"https:\/\/telectronica.com.uy\/index.php?rest_route=\/wp\/v2\/product\/8904","targetHints":{"allow":["GET"]}}],"collection":[{"href":"https:\/\/telectronica.com.uy\/index.php?rest_route=\/wp\/v2\/product"}],"about":[{"href":"https:\/\/telectronica.com.uy\/index.php?rest_route=\/wp\/v2\/types\/product"}],"wp:featuredmedia":[{"embeddable":true,"href":"https:\/\/telectronica.com.uy\/index.php?rest_route=\/wp\/v2\/media\/8908"}],"wp:attachment":[{"href":"https:\/\/telectronica.com.uy\/index.php?rest_route=%2Fwp%2Fv2%2Fmedia&parent=8904"}],"wp:term":[{"taxonomy":"product_cat","embeddable":true,"href":"https:\/\/telectronica.com.uy\/index.php?rest_route=%2Fwp%2Fv2%2Fproduct_cat&post=8904"},{"taxonomy":"product_tag","embeddable":true,"href":"https:\/\/telectronica.com.uy\/index.php?rest_route=%2Fwp%2Fv2%2Fproduct_tag&post=8904"}],"curies":[{"name":"wp","href":"https:\/\/api.w.org\/{rel}","templated":true}]}}