{"id":8900,"date":"2025-05-13T16:49:27","date_gmt":"2025-05-13T19:49:27","guid":{"rendered":"https:\/\/telectronica.com.uy\/?post_type=product&#038;p=8900"},"modified":"2025-05-13T16:50:19","modified_gmt":"2025-05-13T19:50:19","slug":"impresora-healthy-care-zebra-zq600-plus-hc","status":"publish","type":"product","link":"https:\/\/telectronica.com.uy\/?product=impresora-healthy-care-zebra-zq600-plus-hc","title":{"rendered":"Impresora de etiquetas port\u00e1til Healthy Care ZEBRA ZQ600 PLUS-HC"},"content":{"rendered":"<h4><b>Roaming r\u00e1pido 802.11r, est\u00e1ndar de la industria, para un acceso sin interrupciones<\/b><\/h4>\n<p>La compatibilidad con la tecnolog\u00eda de roaming r\u00e1pido 802.11r ofrece la conexi\u00f3n inal\u00e1mbrica confiable que su personal en movimiento necesita.<\/p>\n<h4><b>Activaci\u00f3n instant\u00e1nea a trav\u00e9s de Wi-Fi<\/b><\/h4>\n<p>Cada segundo cuenta en el crucial mundo de la salud; por eso, la ZQ600 Plus ofrece activaci\u00f3n instant\u00e1nea por Wi-Fi. Esta impresora inteligente entra en modo de suspensi\u00f3n cuando est\u00e1 inactiva y se reactiva autom\u00e1ticamente en cuanto el usuario env\u00eda un trabajo de impresi\u00f3n, ofreciendo disponibilidad instant\u00e1nea y m\u00e1xima duraci\u00f3n de la bater\u00eda. La activaci\u00f3n instant\u00e1nea de la ZQ600 Plus funciona tanto por Wi-Fi como por Bluetooth.<\/p>\n<h4><b>La gran pantalla a color facilita la configuraci\u00f3n y el funcionamiento<\/b><\/h4>\n<p>La configuraci\u00f3n y el mantenimiento de la Serie ZQ600 Plus son f\u00e1ciles gracias a su gran pantalla, interfaz intuitiva y men\u00fa personalizable. La pantalla cambia de color cuando la impresora est\u00e1 en pausa o presenta un error, como si se agot\u00f3 el material o el pestillo est\u00e1 abierto, lo que permite a los usuarios saber al instante qu\u00e9 necesita la impresora para seguir funcionando. Adem\u00e1s, como la Serie ZQ600 Plus se basa en el sistema de men\u00fas Link-OS de Zebra, disfrutar\u00e1 de una interfaz de usuario y una experiencia de usuario comunes a las de otras impresoras Zebra Link-OS m\u00f3viles, de escritorio e industriales, lo que facilita el aprendizaje.<\/p>\n<h4><b>Resistente para los negocios: dise\u00f1ado para usarse todo el d\u00eda, todos los d\u00edas<\/b><\/h4>\n<p>Si bien el ZQ600 Plus es liviano y c\u00f3modo de usar durante todo el turno, est\u00e1 repleto de caracter\u00edsticas que le otorgan una durabilidad duradera, incluido un sobremoldeo, una pantalla de vidrio templado y un dise\u00f1o de una sola pieza sin costuras.<\/p>\n<h4><b>La primera impresora m\u00f3vil con Wi-Fi&#x2122; 6 de la industria<\/b><\/h4>\n<p>La serie ZQ600 Plus ofrece conexiones inal\u00e1mbricas r\u00e1pidas, fiables y seguras para su personal sanitario. Aproveche la actualizaci\u00f3n de su red Wi-Fi 6\/6E y obtenga la mejor seguridad WPA3, velocidades ultrarr\u00e1pidas y roaming mejorado. Para mayor flexibilidad, elija entre las opciones de radio dual 802.11ax\/Bluetooth&#x2122; 5.3 o 802.11ac\/Bluetooth 4.2, seg\u00fan su entorno de red.<\/p>\n","protected":false},"excerpt":{"rendered":"<h2 class=\"cmp-title__text\">Reduzca f\u00e1cilmente el riesgo de errores en la recolecci\u00f3n de muestras con la impresi\u00f3n m\u00f3vil premium en el punto de atenci\u00f3n<\/h2>\n<p>\u00bfDesea mejorar la precisi\u00f3n del etiquetado de muestras, la productividad del personal y la seguridad del paciente? Con la serie ZQ600 Plus para el sector sanitario, es posible. La ZQ600 Plus optimiza la popular plataforma QLn de Zebra, incorporando tecnolog\u00eda avanzada y un dise\u00f1o innovador que impulsa la productividad, la facilidad de uso y la capacidad de gesti\u00f3n a un nuevo nivel. Dise\u00f1adas espec\u00edficamente para el sector sanitario, estas impresoras compactas est\u00e1n dise\u00f1adas para soportar la desinfecci\u00f3n constante. La pantalla a color facilita el manejo del estado de la impresora. La avanzada tecnolog\u00eda de bater\u00eda garantiza la duraci\u00f3n de cada minuto, incluso en turnos largos. La ZQ600 Plus ofrece conexiones inal\u00e1mbricas r\u00e1pidas y fiables, y su departamento de TI descubrir\u00e1 que la ZQ600 Plus es m\u00e1s f\u00e1cil de integrar, gestionar y proteger gracias al potente conjunto de aplicaciones, utilidades y herramientas para desarrolladores Print DNA&#x2122; de Zebra.<\/p>\n","protected":false},"featured_media":8901,"template":"","meta":{"inline_featured_image":false,"_joinchat":[]},"product_cat":[238],"product_tag":[162],"class_list":{"0":"post-8900","1":"product","2":"type-product","3":"status-publish","4":"has-post-thumbnail","6":"product_cat-healthy-care","7":"product_tag-zebra","9":"first","10":"instock","11":"shipping-taxable","12":"product-type-simple"},"_links":{"self":[{"href":"https:\/\/telectronica.com.uy\/index.php?rest_route=\/wp\/v2\/product\/8900","targetHints":{"allow":["GET"]}}],"collection":[{"href":"https:\/\/telectronica.com.uy\/index.php?rest_route=\/wp\/v2\/product"}],"about":[{"href":"https:\/\/telectronica.com.uy\/index.php?rest_route=\/wp\/v2\/types\/product"}],"wp:featuredmedia":[{"embeddable":true,"href":"https:\/\/telectronica.com.uy\/index.php?rest_route=\/wp\/v2\/media\/8901"}],"wp:attachment":[{"href":"https:\/\/telectronica.com.uy\/index.php?rest_route=%2Fwp%2Fv2%2Fmedia&parent=8900"}],"wp:term":[{"taxonomy":"product_cat","embeddable":true,"href":"https:\/\/telectronica.com.uy\/index.php?rest_route=%2Fwp%2Fv2%2Fproduct_cat&post=8900"},{"taxonomy":"product_tag","embeddable":true,"href":"https:\/\/telectronica.com.uy\/index.php?rest_route=%2Fwp%2Fv2%2Fproduct_tag&post=8900"}],"curies":[{"name":"wp","href":"https:\/\/api.w.org\/{rel}","templated":true}]}}