{"id":8894,"date":"2025-05-13T16:38:57","date_gmt":"2025-05-13T19:38:57","guid":{"rendered":"https:\/\/telectronica.com.uy\/?post_type=product&#038;p=8894"},"modified":"2025-05-13T16:41:39","modified_gmt":"2025-05-13T19:41:39","slug":"lector-healthy-care-zebra-cs60-hc","status":"publish","type":"product","link":"https:\/\/telectronica.com.uy\/?product=lector-healthy-care-zebra-cs60-hc","title":{"rendered":"Lector Healthy Care ZEBRA CS60-HC"},"content":{"rendered":"<p>Simplemente cambie la bater\u00eda y el convertidor USB con cable en cualquier momento para alternar entre escaneo con cable e inal\u00e1mbrico. A\u00f1ada el soporte o la base de presentaci\u00f3n opcional para cambiar autom\u00e1ticamente entre el modo manos libres y el modo port\u00e1til. Esta versatilidad inigualable minimiza el riesgo de inversi\u00f3n, ya que facilita la adaptaci\u00f3n a nuevas necesidades de flujo de trabajo o la reutilizaci\u00f3n de los esc\u00e1neres CS60-HC para una aplicaci\u00f3n diferente.<\/p>\n<h4><b>Rendimiento de escaneo comprobado en el que puede confiar<\/b><\/h4>\n<p>Con un sensor megap\u00edxel de alta resoluci\u00f3n y la exclusiva tecnolog\u00eda de im\u00e1genes inteligentes PRZM de Zebra, el CS60-HC captura con facilidad y precisi\u00f3n los diversos tipos de c\u00f3digos de barras que se utilizan habitualmente en hospitales, como los c\u00f3digos de barras de pulseras de pacientes, viales de medicamentos, bolsas de suero y bandejas de muestras. Al elegir el CS60-HC, obtiene la calidad y la fiabilidad de renombre mundial de Zebra.<\/p>\n<h4><b>Multitarea sin esfuerzo con un segundo bot\u00f3n programable<\/b><\/h4>\n<p>Un segundo bot\u00f3n programable permite alternar instant\u00e1neamente entre dos aplicaciones principales, como la Historia Cl\u00ednica Electr\u00f3nica (HCE) y las aplicaciones de recolecci\u00f3n de sangre. Con solo pulsar el bot\u00f3n, los profesionales sanitarios pueden enviar datos a la aplicaci\u00f3n correcta en el formato y orden adecuados.<\/p>\n<h4><b>Carcasas construidas espec\u00edficamente para este fin ofrecen la m\u00e1xima protecci\u00f3n contra la propagaci\u00f3n de bacterias<\/b><\/h4>\n<p>Los pl\u00e1sticos especiales y el sellado IP65 permiten una limpieza segura con la m\u00e1s amplia selecci\u00f3n de desinfectantes agresivos utilizados en los hospitales actuales. Adem\u00e1s, con un dise\u00f1o monocasco, botones t\u00e1ctiles con detecci\u00f3n inductiva y carga sin contacto, la superficie sin grietas del esc\u00e1ner ayuda a eliminar los lugares donde pueden ocultarse los g\u00e9rmenes.<\/p>\n<h4><b>El primer dise\u00f1o convertible de su tipo minimiza el riesgo de inversi\u00f3n<\/b><\/h4>\n<p>Ya sea que necesite un esc\u00e1ner complementario inal\u00e1mbrico conectado a una base montada en un carrito, un dispositivo m\u00f3vil o una estaci\u00f3n de trabajo en la habitaci\u00f3n en el punto de atenci\u00f3n, un esc\u00e1ner de presentaci\u00f3n manos libres en el laboratorio o un esc\u00e1ner port\u00e1til con cable en la farmacia, el CS60-HC lo tiene cubierto.<\/p>\n","protected":false},"excerpt":{"rendered":"<h2 class=\"cmp-title__text\">Esc\u00e1ner ultra vers\u00e1til para el cuidado de la salud con un dise\u00f1o convertible \u00fanico en su tipo<\/h2>\n<p>\u00bfNecesita un esc\u00e1ner inal\u00e1mbrico en el punto de atenci\u00f3n y un esc\u00e1ner manos libres con cable en la farmacia y el laboratorio? \u00bfQu\u00e9 le parecer\u00eda no tener que usar diferentes esc\u00e1neres para cada tarea? Presentamos el esc\u00e1ner complementario para el sector sanitario de la serie CS60-HC, con un dise\u00f1o innovador que se adapta f\u00e1cilmente a sus necesidades, ya sea con cable o inal\u00e1mbrico, port\u00e1til o manos libres. Como esc\u00e1ner inal\u00e1mbrico, el CS60-HC es ultraport\u00e1til y cabe en el bolsillo, adapt\u00e1ndose a cualquier flujo de trabajo de enfermer\u00eda y ofrece la \u00faltima tecnolog\u00eda m\u00f3vil, incluyendo carga sin contacto. Como esc\u00e1ner con cable, el CS60-HC ofrece un escaneo compacto para el mostrador de la farmacia, la estaci\u00f3n de laboratorio y m\u00e1s. Tanto si adquiere un modelo con cable como inal\u00e1mbrico por adelantado, puede cambiar de modo en cualquier momento para una mayor protecci\u00f3n de la inversi\u00f3n. Obtendr\u00e1 el rendimiento de escaneo l\u00edder en la industria de Zebra, una entrada de datos m\u00e1s sencilla entre m\u00faltiples aplicaciones host y pl\u00e1sticos compatibles con desinfectantes. Adem\u00e1s, nuestra exclusiva tecnolog\u00eda DataCapture DNA\u00a0<sup>&#x2122;<\/sup>\u00a0y las herramientas de gesti\u00f3n preferidas por la industria facilitan m\u00e1s que nunca la integraci\u00f3n, la implementaci\u00f3n y la gesti\u00f3n de sus esc\u00e1neres.<\/p>\n","protected":false},"featured_media":8899,"template":"","meta":{"inline_featured_image":false,"_joinchat":[]},"product_cat":[238],"product_tag":[162],"class_list":{"0":"post-8894","1":"product","2":"type-product","3":"status-publish","4":"has-post-thumbnail","6":"product_cat-healthy-care","7":"product_tag-zebra","9":"first","10":"instock","11":"shipping-taxable","12":"product-type-simple"},"_links":{"self":[{"href":"https:\/\/telectronica.com.uy\/index.php?rest_route=\/wp\/v2\/product\/8894","targetHints":{"allow":["GET"]}}],"collection":[{"href":"https:\/\/telectronica.com.uy\/index.php?rest_route=\/wp\/v2\/product"}],"about":[{"href":"https:\/\/telectronica.com.uy\/index.php?rest_route=\/wp\/v2\/types\/product"}],"wp:featuredmedia":[{"embeddable":true,"href":"https:\/\/telectronica.com.uy\/index.php?rest_route=\/wp\/v2\/media\/8899"}],"wp:attachment":[{"href":"https:\/\/telectronica.com.uy\/index.php?rest_route=%2Fwp%2Fv2%2Fmedia&parent=8894"}],"wp:term":[{"taxonomy":"product_cat","embeddable":true,"href":"https:\/\/telectronica.com.uy\/index.php?rest_route=%2Fwp%2Fv2%2Fproduct_cat&post=8894"},{"taxonomy":"product_tag","embeddable":true,"href":"https:\/\/telectronica.com.uy\/index.php?rest_route=%2Fwp%2Fv2%2Fproduct_tag&post=8894"}],"curies":[{"name":"wp","href":"https:\/\/api.w.org\/{rel}","templated":true}]}}