{"id":8890,"date":"2025-05-13T16:21:23","date_gmt":"2025-05-13T19:21:23","guid":{"rendered":"https:\/\/telectronica.com.uy\/?post_type=product&#038;p=8890"},"modified":"2025-05-13T16:21:24","modified_gmt":"2025-05-13T19:21:24","slug":"lector-healthy-care-zebra-ds2200-hc","status":"publish","type":"product","link":"https:\/\/telectronica.com.uy\/?product=lector-healthy-care-zebra-ds2200-hc","title":{"rendered":"Lector Healthy Care ZEBRA DS2200-HC"},"content":{"rendered":"<h4><b><span>F\u00e1cil de limpiar y desinfectar<\/span><\/b><\/h4>\n<p><span>A diferencia de los esc\u00e1neres de uso general, la Serie DS2200-HC cuenta con una carcasa preparada para desinfectantes, dise\u00f1ada para soportar una desinfecci\u00f3n regular con desinfectantes populares.<\/span><\/p>\n<h4><b><span>Modo \u201cNo molestar\u201d<\/span><\/b><\/h4>\n<p><span>La retroalimentaci\u00f3n del esc\u00e1ner es fundamental, al igual que la experiencia del paciente. Para entornos sensibles al ruido, el Indicador de Decodificaci\u00f3n Directa de Zebra proyecta una iluminaci\u00f3n en el c\u00f3digo de barras para indicar una decodificaci\u00f3n correcta. Los m\u00e9dicos saben al instante si un medicamento, una pulsera o una bolsa intravenosa se escanearon correctamente, sin que los pacientes sean molestados por un pitido fuerte.<\/span><\/p>\n<h4><b><span>Tecnolog\u00eda pendiente de patente para la punter\u00eda m\u00e1s intuitiva<\/span><\/b><\/h4>\n<p><span>Una innovadora l\u00ednea de punter\u00eda elimina las conjeturas al guiar a los m\u00e9dicos para escanear a la distancia ideal del c\u00f3digo de barras.<\/span><\/p>\n<h4><b><span>Bater\u00eda con potencia garantizada durante todo el turno<\/span><\/b><\/h4>\n<p><span>Con 14 horas de energ\u00eda, sus esc\u00e1neres inal\u00e1mbricos DS2278-HC siempre est\u00e1n disponibles para su uso: no hay necesidad de perder tiempo valioso recargando una bater\u00eda durante el turno de un m\u00e9dico.<\/span><\/p>\n<h4><b><span>Cambio sobre la marcha entre escaneo port\u00e1til y manos libres<\/span><\/b><\/h4>\n<p><span>En el laboratorio y la farmacia, algunas tareas pueden ser m\u00e1s adecuadas para el escaneo manual y otras para el modo manos libres. Con la serie DS2200-HC, cambiar de modo es r\u00e1pido y sencillo. Simplemente coloque el esc\u00e1ner en el soporte de presentaci\u00f3n opcional para cambiar autom\u00e1ticamente al modo manos libres; luego, levante el esc\u00e1ner para el modo manual.<\/span><\/p>\n<h4><b><span>Decodificaci\u00f3n instant\u00e1nea con im\u00e1genes inteligentes PRZM<\/span><\/b><\/h4>\n<p><span>La serie DS2200-HC est\u00e1 dise\u00f1ada para garantizar la decodificaci\u00f3n instant\u00e1nea y precisa de los numerosos c\u00f3digos de barras que se encuentran en el punto de atenci\u00f3n, laboratorios y farmacias. Los algoritmos de decodificaci\u00f3n de software PRZM, exclusivos de Zebra, ofrecen un rendimiento superior con c\u00f3digos de barras de baja calidad y complejos. Adem\u00e1s, su amplio rango de trabajo minimiza la precisi\u00f3n necesaria al posicionar el esc\u00e1ner, lo que simplifica la operaci\u00f3n de apuntar y disparar. El resultado es el escaneo inmediato que sus profesionales sanitarios necesitan para mejorar la seguridad del paciente y la eficiencia del flujo de trabajo.<\/span><\/p>\n","protected":false},"excerpt":{"rendered":"<h2 class=\"cmp-title__text\"><span>Confiable, asequible y dise\u00f1ado espec\u00edficamente para la atenci\u00f3n m\u00e9dica<\/span><\/h2>\n<p>a sea que su personal de salud est\u00e9 ingresando a un paciente, administrando medicamentos, tomando muestras o gestionando el inventario y la dieta, no hay margen de error. Ahora puede brindarle a su personal la capacidad de hacerlo todo correctamente con la Serie DS2200 para el Cuidado de la Salud. A diferencia de los esc\u00e1neres de uso general, la Serie DS2200-HC puede soportar la desinfecci\u00f3n constante requerida en el punto de atenci\u00f3n. Captura con facilidad y precisi\u00f3n los diversos tipos de c\u00f3digos de barras que se usan com\u00fanmente en hospitales, desde c\u00f3digos de barras en pulseras de pacientes y viales de medicamentos hasta bolsas de suero y bandejas de muestras. Obtendr\u00e1 un esc\u00e1ner de atenci\u00f3n m\u00e9dica dise\u00f1ado espec\u00edficamente para su presupuesto, sin comprometer el rendimiento ni las caracter\u00edsticas. Los modelos con cable e inal\u00e1mbricos satisfacen sus necesidades de escaneo, desde la cabecera del paciente hasta la farmacia, el ingreso y m\u00e1s. La Serie DS2200 para el Cuidado de la Salud: el escaneo asequible y confiable que necesita para mejorar la seguridad del paciente y la productividad del personal.<\/p>\n","protected":false},"featured_media":8891,"template":"","meta":{"inline_featured_image":false,"_joinchat":[]},"product_cat":[238],"product_tag":[162],"class_list":{"0":"post-8890","1":"product","2":"type-product","3":"status-publish","4":"has-post-thumbnail","6":"product_cat-healthy-care","7":"product_tag-zebra","9":"first","10":"instock","11":"shipping-taxable","12":"product-type-simple"},"_links":{"self":[{"href":"https:\/\/telectronica.com.uy\/index.php?rest_route=\/wp\/v2\/product\/8890","targetHints":{"allow":["GET"]}}],"collection":[{"href":"https:\/\/telectronica.com.uy\/index.php?rest_route=\/wp\/v2\/product"}],"about":[{"href":"https:\/\/telectronica.com.uy\/index.php?rest_route=\/wp\/v2\/types\/product"}],"wp:featuredmedia":[{"embeddable":true,"href":"https:\/\/telectronica.com.uy\/index.php?rest_route=\/wp\/v2\/media\/8891"}],"wp:attachment":[{"href":"https:\/\/telectronica.com.uy\/index.php?rest_route=%2Fwp%2Fv2%2Fmedia&parent=8890"}],"wp:term":[{"taxonomy":"product_cat","embeddable":true,"href":"https:\/\/telectronica.com.uy\/index.php?rest_route=%2Fwp%2Fv2%2Fproduct_cat&post=8890"},{"taxonomy":"product_tag","embeddable":true,"href":"https:\/\/telectronica.com.uy\/index.php?rest_route=%2Fwp%2Fv2%2Fproduct_tag&post=8890"}],"curies":[{"name":"wp","href":"https:\/\/api.w.org\/{rel}","templated":true}]}}