{"id":8885,"date":"2025-05-13T16:03:40","date_gmt":"2025-05-13T19:03:40","guid":{"rendered":"https:\/\/telectronica.com.uy\/?post_type=product&#038;p=8885"},"modified":"2025-05-15T11:51:21","modified_gmt":"2025-05-15T14:51:21","slug":"tablet-healthy-care-zebra-et40-hc-et45-hc","status":"publish","type":"product","link":"https:\/\/telectronica.com.uy\/?product=tablet-healthy-care-zebra-et40-hc-et45-hc","title":{"rendered":"Tablet Healthy Care ZEBRA ET40-HC \/ ET45-HC"},"content":{"rendered":"<h4><b>Bot\u00f3n exclusivo de alerta de emergencias<\/b><\/h4>\n<p>El bot\u00f3n de alerta roja completamente programable puede configurarse para llamar a un servicio de emergencias espec\u00edfico, por ejemplo, seguridad o un enfermero, o iniciar una aplicaci\u00f3n para seguir protocolos en caso de una emergencia m\u00e9dica.<\/p>\n<h4><b>Una pantalla de alta resoluci\u00f3n para ver y hacer todo<\/b><\/h4>\n<p>Vea f\u00e1cilmente todos los detalles de los registros m\u00e9dicos del paciente con menos desplazamiento y edite las historias cl\u00ednicas en la pantalla brillante de gran tama\u00f1o de 10,1 pulgadas. Y la pantalla de alta resoluci\u00f3n hace que sea f\u00e1cil leer texto y ver los detalles m\u00e1s peque\u00f1os de una foto.<\/p>\n<h4><b>La conexi\u00f3n inal\u00e1mbrica m\u00e1s r\u00e1pida para un rendimiento inigualable<\/b><\/h4>\n<p>Estas tabletas son las \u00fanicas de su clase que ofrecen las velocidades de wifi y celulares m\u00e1s r\u00e1pidas. La ET40-HC con wifi 6 es ideal para cuidadores que trabajan dentro de sus instalaciones, mientras que la ET45-HC con 5G y wifi 6 mantiene conectados a los cuidadores en el hogar. Estas tabletas, el \u00fanico dispositivo de su clase que ofrece Bluetooth 5.1, permiten una ubicaci\u00f3n precisa muy cerca, ideal para ubicar al personal en caso de emergencia. Adem\u00e1s, las conexiones son m\u00e1s r\u00e1pidas, m\u00e1s f\u00e1ciles, libres de interferencias y con menos uso de energ\u00eda, lo que permite la creaci\u00f3n de una soluci\u00f3n robusta \u201ctotalmente inal\u00e1mbrica\u201d que puede incluir auriculares inal\u00e1mbricos, impresoras y m\u00e1s. Adem\u00e1s, puede crear una red LTE privada para permitir conectividad inal\u00e1mbrica rentable en entornos grandes tipo campus gracias a la compatibilidad con el servicio de radio de banda ancha ciudadana (CBRS, por sus siglas en ingl\u00e9s).<sup>1<\/sup><\/p>\n<h4><b>Potencia confiable: cada minuto de cada turno<\/b><\/h4>\n<p>La bater\u00eda PowerPrecision de alta capacidad mantiene a las tabletas en funcionamiento y brinda la inteligencia para detectar y descartar con facilidad bater\u00edas agotadas que ya no soportan una carga completa.<\/p>\n<h4><b>Desinfectar despu\u00e9s de cada uso<\/b><\/h4>\n<p>Los pl\u00e1sticos de grado m\u00e9dico de la cubierta permiten la limpieza frecuente con algunos de los desinfectantes m\u00e1s abrasivos para ayudar a evitar la propagaci\u00f3n de g\u00e9rmenes entre los cuidadores y los pacientes.<\/p>\n<h4><b>Resistente y construida para durar a\u00f1os<\/b><\/h4>\n<p>Obtenga la operaci\u00f3n confiable que exigen las demandas del mundo cr\u00edtico del cuidado de la salud. D\u00e9jelo caer al suelo. Puede usarlas dentro y fuera de las instalaciones, con temperaturas altas y bajas, cuando est\u00e1 lloviendo o nevando: aun as\u00ed, funcionar\u00e1n.<\/p>\n","protected":false},"excerpt":{"rendered":"<h2 class=\"cmp-title__text\">Dise\u00f1ada para satisfacer las demandas del cuidado de la salud, y su presupuesto<\/h2>\n<p>Las tabletas de uso personal podr\u00edan parecer una opci\u00f3n rentable para mejorar la eficiencia de los empleados, la calidad de la atenci\u00f3n y la experiencia del paciente, pero la falta de caracter\u00edsticas de atenci\u00f3n m\u00e9dica a\u00f1ade inquietudes relacionadas con el costo y la seguridad. La imposibilidad de desinfectar los dispositivos permite la propagaci\u00f3n de g\u00e9rmenes. Deber\u00e1 comprar esc\u00e1neres para capturar los c\u00f3digos de barras y reemplazar dispositivos con mayor frecuencia, debido a la falta de durabilidad. Presentamos la ET40-HC y la ET45-HC, que ofrecen todas las caracter\u00edsticas de cuidado de la salud que necesita, al precio correcto. Dise\u00f1ada con la resistencia para durar a\u00f1os y resistir la desinfecci\u00f3n constante. Un bot\u00f3n de alerta de emergencias. Escaneo incorporado en el primer intento, siempre. Potencia de procesamiento avanzada y conexiones inal\u00e1mbricas, que incluyen 5G y wifi 6. Y m\u00e1s. Y estas tabletas vers\u00e1tiles son aptas para todo tipo de uso: en las manos de los cuidadores en entornos de cuidados intensivos y en el hogar del paciente, junto a la cama en la habitaci\u00f3n del paciente y en \u00e1reas de recepci\u00f3n, por ejemplo, en mostradores de registro. Ayude a los cuidadores a dar lo mejor de s\u00ed con la serie ET4x-HC, las tabletas resistentes al precio correcto para el cuidado de la salud.<\/p>\n","protected":false},"featured_media":8889,"template":"","meta":{"inline_featured_image":false,"_joinchat":[]},"product_cat":[238,173],"product_tag":[162],"class_list":{"0":"post-8885","1":"product","2":"type-product","3":"status-publish","4":"has-post-thumbnail","6":"product_cat-healthy-care","7":"product_cat-tablets","8":"product_tag-zebra","10":"first","11":"instock","12":"shipping-taxable","13":"product-type-simple"},"_links":{"self":[{"href":"https:\/\/telectronica.com.uy\/index.php?rest_route=\/wp\/v2\/product\/8885","targetHints":{"allow":["GET"]}}],"collection":[{"href":"https:\/\/telectronica.com.uy\/index.php?rest_route=\/wp\/v2\/product"}],"about":[{"href":"https:\/\/telectronica.com.uy\/index.php?rest_route=\/wp\/v2\/types\/product"}],"wp:featuredmedia":[{"embeddable":true,"href":"https:\/\/telectronica.com.uy\/index.php?rest_route=\/wp\/v2\/media\/8889"}],"wp:attachment":[{"href":"https:\/\/telectronica.com.uy\/index.php?rest_route=%2Fwp%2Fv2%2Fmedia&parent=8885"}],"wp:term":[{"taxonomy":"product_cat","embeddable":true,"href":"https:\/\/telectronica.com.uy\/index.php?rest_route=%2Fwp%2Fv2%2Fproduct_cat&post=8885"},{"taxonomy":"product_tag","embeddable":true,"href":"https:\/\/telectronica.com.uy\/index.php?rest_route=%2Fwp%2Fv2%2Fproduct_tag&post=8885"}],"curies":[{"name":"wp","href":"https:\/\/api.w.org\/{rel}","templated":true}]}}