{"id":8864,"date":"2025-05-13T14:04:29","date_gmt":"2025-05-13T17:04:29","guid":{"rendered":"https:\/\/telectronica.com.uy\/?post_type=product&#038;p=8864"},"modified":"2025-05-13T14:18:01","modified_gmt":"2025-05-13T17:18:01","slug":"lector-anillo-1d-zebra-rs4000","status":"publish","type":"product","link":"https:\/\/telectronica.com.uy\/?product=lector-anillo-1d-zebra-rs4000","title":{"rendered":"Lector anillo 1D ZEBRA RS4000"},"content":{"rendered":"<h4><b>Dos modos de escaneo<\/b><\/h4>\n<p>Los trabajadores pueden presionar el gatillo una vez para escanear un solo c\u00f3digo de barras o mantener el gatillo presionado para escanear c\u00f3digos de barras de forma continua.<\/p>\n<h4><b>Capture casi cualquier c\u00f3digo de barras en pr\u00e1cticamente cualquier estado<\/b><\/h4>\n<p>Con nuestros algoritmos de escaneado avanzados, sus trabajadores pueden capturar c\u00f3digos de barras rayados, sucios, da\u00f1ados y mal impresos al primer intento, siempre.<\/p>\n<h4><b>Una herramienta de escaneo de pol\u00edmero l\u00edquido patentada con garant\u00eda de por vida<\/b><\/h4>\n<p>Se eliminan la fricci\u00f3n y el desgaste para maximizar el tiempo de funcionamiento y la productividad de los empleados, adem\u00e1s de obtener un costo total de propiedad bajo.<\/p>\n<h4><b>L\u00ednea de escaneo brillante<\/b><\/h4>\n<p>La l\u00ednea de escaneo f\u00e1cil de ver garantiza un enfoque sencillo para capturar c\u00f3digos de barras al primer intento y en pr\u00e1cticamente cualquier condici\u00f3n de iluminaci\u00f3n. Y con una luz LED de gran tama\u00f1o, los usuarios pueden ver f\u00e1cilmente si el escaneo fue exitoso.<\/p>\n<h4><b>Chasis del motor de escaneo de zinc fundido, dise\u00f1o de placa \u00fanica y aislamiento del motor de escaneo<\/b><\/h4>\n<p>La protecci\u00f3n contra impactos superior para el motor de escaneo mejora la fiabilidad en caso de ca\u00edda.<\/p>\n<h4><b>Proporcione a sus trabajadores potencia de escaneo manos libres<\/b><\/h4>\n<p>El dise\u00f1o de esc\u00e1ner tipo anillo deja las manos libres para mover paquetes y otros materiales, por lo que mejora la productividad de los trabajadores y la eficiencia operativa.<\/p>\n<h4><b>Mejore la productividad con un amplio rango de funcionamiento<\/b><\/h4>\n<p>Nuestra tecnolog\u00eda patentada de escaneo adaptativo permite a los trabajadores capturar c\u00f3digos de barras desde proximidad hasta 4,5\u00a0m\/15\u00a0ft.<\/p>\n","protected":false},"excerpt":{"rendered":"<h2 class=\"cmp-title__text\">Potente escaneo 1D manos libres para la computadora m\u00f3vil vestible WT6000 de pr\u00f3xima generaci\u00f3n de Zebra<\/h2>\n<p>Ya sea que sus trabajadores pasen sus d\u00edas moviendo productos por su almac\u00e9n o tienda de comercio minorista, o moviendo paquetes por centros de distribuci\u00f3n y a bordo de camiones de entrega, cada vez que tienen que dejar un art\u00edculo para consultar una orden de trabajo impresa o escanear un c\u00f3digo de barras con un dispositivo de mano, su productividad disminuye. Pero, con el peque\u00f1o y ligero esc\u00e1ner tipo anillo 1D RS4000 en las manos de los trabajadores que usan la computadora\u00a0m\u00f3vil vestible\u00a0WT6000 de Zebra, estos podr\u00e1n mantener las manos y la vista en los art\u00edculos que est\u00e1n manipulando. \u00bfEl resultado? La productividad de los trabajadores aumenta. Adem\u00e1s, con apenas presionar el gatillo del RS4000, se puede verificar la exactitud de la tarea y obtener la visibilidad en tiempo real del inventario que necesita para acabar con las existencias agotadas.<\/p>\n","protected":false},"featured_media":8865,"template":"","meta":{"inline_featured_image":false,"_joinchat":[]},"product_cat":[150,197,217],"product_tag":[162],"class_list":{"0":"post-8864","1":"product","2":"type-product","3":"status-publish","4":"has-post-thumbnail","6":"product_cat-lectores","7":"product_cat-inalambrico","8":"product_cat-zebra","9":"product_tag-zebra","11":"first","12":"instock","13":"shipping-taxable","14":"product-type-simple"},"_links":{"self":[{"href":"https:\/\/telectronica.com.uy\/index.php?rest_route=\/wp\/v2\/product\/8864","targetHints":{"allow":["GET"]}}],"collection":[{"href":"https:\/\/telectronica.com.uy\/index.php?rest_route=\/wp\/v2\/product"}],"about":[{"href":"https:\/\/telectronica.com.uy\/index.php?rest_route=\/wp\/v2\/types\/product"}],"wp:featuredmedia":[{"embeddable":true,"href":"https:\/\/telectronica.com.uy\/index.php?rest_route=\/wp\/v2\/media\/8865"}],"wp:attachment":[{"href":"https:\/\/telectronica.com.uy\/index.php?rest_route=%2Fwp%2Fv2%2Fmedia&parent=8864"}],"wp:term":[{"taxonomy":"product_cat","embeddable":true,"href":"https:\/\/telectronica.com.uy\/index.php?rest_route=%2Fwp%2Fv2%2Fproduct_cat&post=8864"},{"taxonomy":"product_tag","embeddable":true,"href":"https:\/\/telectronica.com.uy\/index.php?rest_route=%2Fwp%2Fv2%2Fproduct_tag&post=8864"}],"curies":[{"name":"wp","href":"https:\/\/api.w.org\/{rel}","templated":true}]}}