{"id":8859,"date":"2025-05-13T13:53:25","date_gmt":"2025-05-13T16:53:25","guid":{"rendered":"https:\/\/telectronica.com.uy\/?post_type=product&#038;p=8859"},"modified":"2025-05-13T14:18:48","modified_gmt":"2025-05-13T17:18:48","slug":"lector-inalambrico-vestible-zebra-rs2100","status":"publish","type":"product","link":"https:\/\/telectronica.com.uy\/?product=lector-inalambrico-vestible-zebra-rs2100","title":{"rendered":"Lector inal\u00e1mbrico vestible ZEBRA RS2100"},"content":{"rendered":"<h4><b>Listo para usar, no requiere configuraci\u00f3n previa<\/b><\/h4>\n<p>Los trabajadores sabr\u00e1n c\u00f3mo colocarse el RS2100 de manera intuitiva. El montaje del RS2100 se adapta con comodidad a todos los tama\u00f1os de manos, de manera que no necesita pedir y administrar distintos tama\u00f1os de montaje: simplemente elige entre la versi\u00f3n para mano derecha o izquierda. Y la bater\u00eda est\u00e1 integrada, con lo cual se elimina la necesidad de administrar bater\u00edas separadas.<\/p>\n<h4><b>Olv\u00eddese de los esc\u00e1neres extraviados<\/b><\/h4>\n<p>Si su negocio tiene problemas con los esc\u00e1neres vestibles perdidos y extraviados, Device Tracker<sup>1<\/sup>\u00a0es la respuesta que estaba esperando. La herramienta de Mobility DNA opcional facilita la tarea de determinar la ubicaci\u00f3n de un RS2100 extraviado, ya sea que haya quedado olvidado en una sala de descanso o en el estante de un almac\u00e9n. Y puede crear una conexi\u00f3n virtual a fin de evitar que los trabajadores dejen olvidado su esc\u00e1ner vestible o su computadora m\u00f3vil. Olv\u00eddese de las b\u00fasquedas prolongadas, las interrupciones en el flujo de trabajo y los costos de reemplazo.<\/p>\n<h4><b>Captura de c\u00f3digos de barras r\u00e1pida y sin errores<\/b><\/h4>\n<p>Nuestro motor de escaneo de alto rendimiento con tecnolog\u00eda PRZM Intelligent Imaging permite capturar con rapidez pr\u00e1cticamente cualquier c\u00f3digo de barras 1D\/2D, aunque est\u00e9n da\u00f1ados, mal impresos o sucios. El campo de visi\u00f3n m\u00e1s amplio permite contar con una zona de lectura m\u00e1s grande para que sea a\u00fan m\u00e1s f\u00e1cil escanear c\u00f3digos de barras de cualquier tama\u00f1o, grandes o peque\u00f1os.<\/p>\n<h4><b>El esc\u00e1ner vestible empresarial m\u00e1s peque\u00f1o del mercado<\/b><\/h4>\n<p>Cuando sus trabajadores escanean cientos de miles de art\u00edculos por turno, la comodidad del usuario es indispensable. El RS2100 es ultraliviano: pesa apenas un poco m\u00e1s de una onza (31\u00a0g), lo que minimiza la fatiga durante los turnos largos. Con solo 0,57\u00a0in\/14,6\u00a0mm de altura, el RS2100 ofrece el perfil m\u00e1s bajo del mercado para facilitar la tarea de selecci\u00f3n de art\u00edculos, incluso en los espacios m\u00e1s reducidos.<\/p>\n<h4><b>Capacidad l\u00edder de agarre con la palma libre<\/b><\/h4>\n<p>El innovador montaje en la parte posterior de la mano deja toda la palma libre, a diferencia de los dem\u00e1s esc\u00e1neres que se colocan en la parte posterior de la mano, que tienen una molesta correa que cruza la palma o la cubre por completo. Los trabajadores optimizan la productividad y reducen las ca\u00eddas porque pueden sujetar mejor y con mayor seguridad los art\u00edculos que manipulan con las palmas completamente libres.<\/p>\n","protected":false},"excerpt":{"rendered":"<h2 class=\"cmp-title__text\">El esc\u00e1ner vestible empresarial m\u00e1s peque\u00f1o del mundo<\/h2>\n<p>El contar con manos libres puede proporcionar a sus flujos de trabajo un incremento instant\u00e1neo de la productividad, pero necesita una soluci\u00f3n que sus trabajadores quieran usar y se adapte a su presupuesto. Presentamos el esc\u00e1ner vestible RS2100, el esc\u00e1ner vestible empresarial m\u00e1s peque\u00f1o del mercado. El innovador dise\u00f1o para usar en la parte posterior de la mano ofrece comodidad y destreza sin igual a los trabajadores. El montaje exclusivo deja la palma completamente despejada y proporciona libertad absoluta para manipular los elementos. Su tama\u00f1o compacto permite recoger art\u00edculos con facilidad en espacios reducidos. Este esc\u00e1ner vestible no es complicado: es sencillo de comprar, implementar, usar y administrar. Una licencia opcional de Device Tracker facilitara la tarea de encontrar un esc\u00e1ner RS2100 extraviado. Obtenga la ventaja que necesita para competir en la econom\u00eda actual con el esc\u00e1ner vestible RS2100: comodidad, productividad y sencillez sin igual.<\/p>\n","protected":false},"featured_media":8863,"template":"","meta":{"inline_featured_image":false,"_joinchat":[]},"product_cat":[150,197,217],"product_tag":[162],"class_list":{"0":"post-8859","1":"product","2":"type-product","3":"status-publish","4":"has-post-thumbnail","6":"product_cat-lectores","7":"product_cat-inalambrico","8":"product_cat-zebra","9":"product_tag-zebra","11":"first","12":"instock","13":"shipping-taxable","14":"product-type-simple"},"_links":{"self":[{"href":"https:\/\/telectronica.com.uy\/index.php?rest_route=\/wp\/v2\/product\/8859","targetHints":{"allow":["GET"]}}],"collection":[{"href":"https:\/\/telectronica.com.uy\/index.php?rest_route=\/wp\/v2\/product"}],"about":[{"href":"https:\/\/telectronica.com.uy\/index.php?rest_route=\/wp\/v2\/types\/product"}],"wp:featuredmedia":[{"embeddable":true,"href":"https:\/\/telectronica.com.uy\/index.php?rest_route=\/wp\/v2\/media\/8863"}],"wp:attachment":[{"href":"https:\/\/telectronica.com.uy\/index.php?rest_route=%2Fwp%2Fv2%2Fmedia&parent=8859"}],"wp:term":[{"taxonomy":"product_cat","embeddable":true,"href":"https:\/\/telectronica.com.uy\/index.php?rest_route=%2Fwp%2Fv2%2Fproduct_cat&post=8859"},{"taxonomy":"product_tag","embeddable":true,"href":"https:\/\/telectronica.com.uy\/index.php?rest_route=%2Fwp%2Fv2%2Fproduct_tag&post=8859"}],"curies":[{"name":"wp","href":"https:\/\/api.w.org\/{rel}","templated":true}]}}