{"id":8853,"date":"2025-05-13T13:43:33","date_gmt":"2025-05-13T16:43:33","guid":{"rendered":"https:\/\/telectronica.com.uy\/?post_type=product&#038;p=8853"},"modified":"2025-05-13T14:21:22","modified_gmt":"2025-05-13T17:21:22","slug":"colector-industrial-zebra-mc3400","status":"publish","type":"product","link":"https:\/\/telectronica.com.uy\/?product=colector-industrial-zebra-mc3400","title":{"rendered":"Colector industrial ZEBRA MC3400"},"content":{"rendered":"<p>Para capturar c\u00f3digos de barras, fotograf\u00edas y documentos en interiores y exteriores (incluso bajo luz solar intensa), elija el motor de escaneo 1D\/2D SE4770 con un puntero l\u00e1ser rojo. \u00bfNecesita un alcance de escaneo flexible? El motor de escaneo 1D\/2D de alcance avanzado SE55 con tecnolog\u00eda IntelliFocus&#x2122; captura c\u00f3digos de barras que est\u00e1n al alcance o en el estante m\u00e1s alto de un almac\u00e9n, a una distancia de m\u00e1s de 40\u00a0ft (12,2\u00a0m). Y, si necesita escaneo de alcance extendido de hasta 100\u00a0ft (30,5\u00a0m) de distancia, el motor de escaneo 1D\/2D de alcance extendido SE58 es ideal para escanear contenedores en puertos y centros de clasificaci\u00f3n. Todas las opciones permiten capturar pr\u00e1cticamente todos los c\u00f3digos de barras en un instante y al primer intento, independientemente de su condici\u00f3n.<\/p>\n<h4><b>Introducci\u00f3n de datos m\u00e1s r\u00e1pida, sencilla y precisa, incluso con guantes<\/b><\/h4>\n<p>Con teclas m\u00e1s grandes y m\u00e1s espacio entre ellas, es m\u00e1s f\u00e1cil introducir datos, lo que aumenta la productividad y reduce los errores. Adem\u00e1s, puede elegir el teclado que mejor se adapte al tipo de datos que introducen sus trabajadores con una selecci\u00f3n de teclados de 47, 38 y 29\u00a0teclas.<\/p>\n<h4><b>C\u00e1maras frontal y posterior de alta resoluci\u00f3n en todos los modelos<\/b><\/h4>\n<p>Todos los modelos ahora ofrecen una c\u00e1mara frontal de 5\u00a0MP. La c\u00e1mara trasera de 13\u00a0MP, que anteriormente solo estaba disponible en el factor de forma de disparador recto (cubo), ahora tambi\u00e9n est\u00e1 disponible en el modelo tipo pistola. Ahora, los trabajadores pueden realizar una videollamada para resolver un problema m\u00e1s r\u00e1pidamente, documentar da\u00f1os en un env\u00edo entrante o capturar un documento, como un conocimiento de embarque o un acuse de recibo, independientemente del modelo que elija.<\/p>\n<h4><b>Mantenga a los trabajadores conectados, sin importar d\u00f3nde se encuentren<\/b><\/h4>\n<p>La conexi\u00f3n wifi 6E m\u00e1s la conectividad 5G p\u00fablica y privada brinda a los trabajadores conexiones inal\u00e1mbricas r\u00e1pidas y confiables, desde la planta de producci\u00f3n hasta el rinc\u00f3n m\u00e1s alejado del almac\u00e9n, lo que incluye amplios puertos y centros de clasificaci\u00f3n al aire libre. Y con una nano SIM f\u00edsica y una eSIM, puede usar dos redes en un \u00fanico dispositivo.<\/p>\n<h4><b>Elija el esc\u00e1ner adecuado para el trabajo<\/b><\/h4>\n<p>Cada caso de uso requiere un esc\u00e1ner diferente. Para la captura de c\u00f3digo de barras est\u00e1ndar, elija el motor de escaneo 1D\/2D SE4710.<\/p>\n","protected":false},"excerpt":{"rendered":"<h2 class=\"cmp-title__text\">Dise\u00f1ada para los entornos m\u00e1s dif\u00edciles y los flujos de trabajo modernos de la actualidad, ahora con m\u00e1s potencia, escaneo avanzado, wifi 6E y conectividad 5G<\/h2>\n<p>Presentamos la pr\u00f3xima generaci\u00f3n de la exitosa familia MC3000 de computadoras m\u00f3viles vers\u00e1tiles con teclas: la MC3400 y la MC3450. Las dos opciones de factor de forma (disparador recto y pistola) est\u00e1n repletas de las \u00faltimas funciones de movilidad para permitir que su fuerza laboral satisfaga las necesidades cada vez mayores de la econom\u00eda de comercio electr\u00f3nico a demanda de la actualidad. Ejecute aplicaciones exigentes con 2,5\u00a0veces m\u00e1s potencia de procesamiento. Mantenga a los trabajadores conectados con wifi 6E, 5G y 5G privada. Evite el acceso no autorizado a los dispositivos con reconocimiento facial biom\u00e9trico. Un dise\u00f1o de teclado mejorado facilita la introducci\u00f3n de datos, un dise\u00f1o m\u00e1s resistente aumenta la fiabilidad, y la mayor cantidad de opciones de captura de datos aumenta la flexibilidad. Aproveche las nuevas capacidades que aumentan la seguridad, hacen que los dispositivos sean f\u00e1ciles de encontrar y m\u00e1s con el paquete de software de Zebra DNA. Adem\u00e1s, los servicios de Zebra facilitan la operaci\u00f3n, reparaci\u00f3n, supervisi\u00f3n y administraci\u00f3n de sus dispositivos durante todo el ciclo de vida.<\/p>\n","protected":false},"featured_media":8858,"template":"","meta":{"inline_featured_image":false,"_joinchat":[]},"product_cat":[180,214,217],"product_tag":[162],"class_list":{"0":"post-8853","1":"product","2":"type-product","3":"status-publish","4":"has-post-thumbnail","6":"product_cat-de-mano-industrial","7":"product_cat-colectores-de-datos","8":"product_cat-zebra","9":"product_tag-zebra","11":"first","12":"instock","13":"shipping-taxable","14":"product-type-simple"},"_links":{"self":[{"href":"https:\/\/telectronica.com.uy\/index.php?rest_route=\/wp\/v2\/product\/8853","targetHints":{"allow":["GET"]}}],"collection":[{"href":"https:\/\/telectronica.com.uy\/index.php?rest_route=\/wp\/v2\/product"}],"about":[{"href":"https:\/\/telectronica.com.uy\/index.php?rest_route=\/wp\/v2\/types\/product"}],"wp:featuredmedia":[{"embeddable":true,"href":"https:\/\/telectronica.com.uy\/index.php?rest_route=\/wp\/v2\/media\/8858"}],"wp:attachment":[{"href":"https:\/\/telectronica.com.uy\/index.php?rest_route=%2Fwp%2Fv2%2Fmedia&parent=8853"}],"wp:term":[{"taxonomy":"product_cat","embeddable":true,"href":"https:\/\/telectronica.com.uy\/index.php?rest_route=%2Fwp%2Fv2%2Fproduct_cat&post=8853"},{"taxonomy":"product_tag","embeddable":true,"href":"https:\/\/telectronica.com.uy\/index.php?rest_route=%2Fwp%2Fv2%2Fproduct_tag&post=8853"}],"curies":[{"name":"wp","href":"https:\/\/api.w.org\/{rel}","templated":true}]}}