{"id":8849,"date":"2025-05-13T13:32:55","date_gmt":"2025-05-13T16:32:55","guid":{"rendered":"https:\/\/telectronica.com.uy\/?post_type=product&#038;p=8849"},"modified":"2025-05-13T14:22:21","modified_gmt":"2025-05-13T17:22:21","slug":"computadora-vestible-zebra-wt5400","status":"publish","type":"product","link":"https:\/\/telectronica.com.uy\/?product=computadora-vestible-zebra-wt5400","title":{"rendered":"Computadora vestible ZEBRA WT5400"},"content":{"rendered":"<p>Con un solo bot\u00f3n, puede liberar el dispositivo del soporte de la mu\u00f1eca con toda la simplicidad de un ajuste a presi\u00f3n. As\u00ed, puede darle a cada trabajador su propio soporte y mu\u00f1equera para evitar la propagaci\u00f3n de g\u00e9rmenes. Elija entre mu\u00f1equeras econ\u00f3micas con abrojo; una mu\u00f1equera de dial simple que es microajustable y permite a los trabajadores girar la perilla para encontrar el calce perfecto sin puntos de presi\u00f3n; y una nueva mu\u00f1equera de dial doble que proporciona un mejor agarre en el brazo y un ajuste personalizado.<\/p>\n<h4><b>Cambios de bater\u00eda sencillos<\/b><\/h4>\n<p>Nunca fue tan f\u00e1cil cambiar una bater\u00eda. El \u00e1ngulo especialmente seleccionado permite a los trabajadores quitar y cambiar la bater\u00eda de la WT5400 con un movimiento totalmente natural sin necesidad de retorcer la mano o quitarse el dispositivo del brazo.<\/p>\n<h4><b>F\u00e1cil acceso a NFC para emparejamiento instant\u00e1neo<\/b><\/h4>\n<p>Otras computadoras vestibles integran la radio NFC en la bater\u00eda, lo que dificulta a los usuarios encontrar el punto que deben tocar. En la computadora WT5400, la tecnolog\u00eda NFC est\u00e1 integrada y bien marcada. Es decir, los usuarios pueden emparejar con facilidad un esc\u00e1ner o auricular Bluetooth en el primer intento y sin conjeturas.<\/p>\n<h4><b>Consulte toda la informaci\u00f3n necesaria al instante<\/b><\/h4>\n<p>Gracias a la gran pantalla brillante de 4,7\u00a0in, todo lo que los trabajadores necesitan para completar una tarea cabe en una sola pantalla. As\u00ed, podr\u00e1n desplazarse menos, navegar menos por las aplicaciones y ser m\u00e1s productivos en cada turno.<\/p>\n<h4><b>Un dise\u00f1ado especial que ofrece la m\u00e1xima comodidad<\/b><\/h4>\n<p>El dise\u00f1o compacto y liviano se cre\u00f3 desde cero para usarlo en la mu\u00f1eca. El centro de gravedad bajo ofrece un equilibrio que disminuye en gran medida la fatiga del brazo. Y el perfil bajo permite alcanzar las \u00e1reas m\u00e1s estrechas.<\/p>\n<h4><b>Elija el estilo de uso que se adapte a sus trabajadores y presupuesto<\/b><\/h4>\n<p>Como el soporte de mu\u00f1eca universal es compatible con todas las mu\u00f1equeras, puede usar las mu\u00f1equeras que coincidan con las preferencias del usuario y los requisitos del caso de uso.<\/p>\n","protected":false},"excerpt":{"rendered":"<h2 class=\"cmp-title__text\">Brinde comodidad y productividad durante todo el d\u00eda a los flujos de trabajo manos libres en comercios minoristas<\/h2>\n<p>Si para ejecutar sus flujos de trabajo manos libres utiliza computadoras de mano montadas en la mu\u00f1eca porque los dispositivos vestibles dise\u00f1ados especialmente para el sector le resultan demasiado costosos o voluminosos, est\u00e1 sacrificando productividad. De ahora en m\u00e1s, podr\u00e1 brindarles a los empleados de su tienda la libertad de trabajar con manos libres para seleccionar con precisi\u00f3n m\u00e1s pedidos en l\u00ednea, mover inventario con rapidez desde el muelle de descarga hasta los estantes, reabastecer el inventario de la tienda y m\u00e1s con la computadora vestible WT5400. La computadora WT5400 es resistente y se dise\u00f1\u00f3 desde cero para usarla en la mu\u00f1eca, con caracter\u00edsticas que pueden amplificar la productividad al precio justo. Gracias a una ergonom\u00eda innovadora, puede usar la WT5400 casi sin esfuerzo y olvidarse de la fatiga de los brazos. Las mu\u00f1equeras vers\u00e1tiles garantizan un ajuste personalizado en cada brazo. El perfil bajo es apenas de media pulgada de grosor, as\u00ed que es f\u00e1cil alcanzar los espacios m\u00e1s estrechos. Puede elegir el esc\u00e1ner vestible sin cable que sea adecuado para sus flujos de trabajo. Permita que los trabajadores de su comercio minorista hagan m\u00e1s cada turno con la computadora WT5400, exclusiva de Zebra.<\/p>\n","protected":false},"featured_media":8850,"template":"","meta":{"inline_featured_image":false,"_joinchat":[]},"product_cat":[174,214,217],"product_tag":[162],"class_list":{"0":"post-8849","1":"product","2":"type-product","3":"status-publish","4":"has-post-thumbnail","6":"product_cat-vestibles","7":"product_cat-colectores-de-datos","8":"product_cat-zebra","9":"product_tag-zebra","11":"first","12":"instock","13":"shipping-taxable","14":"product-type-simple"},"_links":{"self":[{"href":"https:\/\/telectronica.com.uy\/index.php?rest_route=\/wp\/v2\/product\/8849","targetHints":{"allow":["GET"]}}],"collection":[{"href":"https:\/\/telectronica.com.uy\/index.php?rest_route=\/wp\/v2\/product"}],"about":[{"href":"https:\/\/telectronica.com.uy\/index.php?rest_route=\/wp\/v2\/types\/product"}],"wp:featuredmedia":[{"embeddable":true,"href":"https:\/\/telectronica.com.uy\/index.php?rest_route=\/wp\/v2\/media\/8850"}],"wp:attachment":[{"href":"https:\/\/telectronica.com.uy\/index.php?rest_route=%2Fwp%2Fv2%2Fmedia&parent=8849"}],"wp:term":[{"taxonomy":"product_cat","embeddable":true,"href":"https:\/\/telectronica.com.uy\/index.php?rest_route=%2Fwp%2Fv2%2Fproduct_cat&post=8849"},{"taxonomy":"product_tag","embeddable":true,"href":"https:\/\/telectronica.com.uy\/index.php?rest_route=%2Fwp%2Fv2%2Fproduct_tag&post=8849"}],"curies":[{"name":"wp","href":"https:\/\/api.w.org\/{rel}","templated":true}]}}