{"id":8841,"date":"2025-05-13T12:19:28","date_gmt":"2025-05-13T15:19:28","guid":{"rendered":"https:\/\/telectronica.com.uy\/?post_type=product&#038;p=8841"},"modified":"2025-05-13T14:24:05","modified_gmt":"2025-05-13T17:24:05","slug":"computadora-vestible-zebra-wt6400","status":"publish","type":"product","link":"https:\/\/telectronica.com.uy\/?product=computadora-vestible-zebra-wt6400","title":{"rendered":"Computadora vestible ZEBRA WT6400"},"content":{"rendered":"<h4><b>Cambios de bater\u00eda en cualquier momento y lugar<\/b><\/h4>\n<p>La bater\u00eda de la WT6400 est\u00e1 dise\u00f1ada especialmente para cambiarla f\u00e1cilmente en cualquier lugar. El \u00e1ngulo de extracci\u00f3n de la bater\u00eda permite a los trabajadores quitar y cambiar la bater\u00eda de la WT6400 con un movimiento totalmente natural sin necesidad de retorcer la mano o quitarse el dispositivo del brazo.<\/p>\n<h4><b>Capture fotograf\u00edas detalladas con facilidad<\/b><\/h4>\n<p>Tomar una fotograf\u00eda con la WT6400 es tan f\u00e1cil como tomar una fotograf\u00eda en su tel\u00e9fono celular. La c\u00e1mara lateral de alta resoluci\u00f3n de 13\u00a0MP tiene un \u00e1ngulo de 22\u00b0 y mantiene la pantalla en la l\u00ednea de visi\u00f3n natural, a fin de garantizar un encuadre preciso; no es necesario girarla o voltearla, a diferencia de otras computadoras vestibles. \u00bfEl resultado? Los empleados pueden capturar pruebas de estado, comprobantes de recepci\u00f3n y mucho m\u00e1s al instante.<\/p>\n<h4><b>F\u00e1cil acceso a NFC<\/b><\/h4>\n<p>Otras computadoras vestibles integran la radio NFC en la bater\u00eda, lo que dificulta a los usuarios encontrar el punto que deben tocar. En la computadora WT6400, la tecnolog\u00eda NFC est\u00e1 integrada y bien marcada. Es decir, los usuarios pueden emparejar con facilidad un esc\u00e1ner o auricular Bluetooth en el primer intento y sin conjeturas.<\/p>\n<h4><b>Elija el estilo de uso que se adapte a sus trabajadores y presupuesto<\/b><\/h4>\n<p>Como el soporte de mu\u00f1eca universal es compatible con todas las mu\u00f1equeras, puede usar las mu\u00f1equeras que coincidan con las preferencias del usuario y los requisitos del caso de uso. Con un solo bot\u00f3n, puede liberar el dispositivo del soporte de la mu\u00f1eca con toda la simplicidad de un ajuste a presi\u00f3n. As\u00ed, puede darle a cada trabajador su propio soporte y mu\u00f1equera para evitar la propagaci\u00f3n de g\u00e9rmenes.<\/p>\n<h4><b>Pantalla m\u00e1s grande, pero a la vez compacta y equilibrada<\/b><\/h4>\n<p>La pantalla de la WT6400 tiene m\u00e1s del doble del \u00e1rea disponible<sup>1<\/sup>\u00a0que su predecesora, la WT6300, con aumentos m\u00ednimos en el tama\u00f1o y el peso generales del dispositivo. El perfil es casi un tercio m\u00e1s bajo que el de la WT6300<sup>2<\/sup>, lo que reduce el volumen de forma considerable y facilita la tarea de alcanzar \u00e1reas m\u00e1s reducidas. Adem\u00e1s, el centro de gravedad m\u00e1s bajo mejora el equilibrio y reduce considerablemente la fatiga de los brazos.<\/p>\n","protected":false},"excerpt":{"rendered":"<h2 class=\"cmp-title__text\">Aumente la eficiencia del flujo de trabajo y la productividad de los trabajadores en entornos exigentes con la \u00faltima generaci\u00f3n de computadoras vestibles manos libres<\/h2>\n<p>La WT6400 es el \u00faltimo avance en el portafolio de computadoras vestibles de Zebra, repleto de innovaciones que permiten aumentos de productividad incomparables en flujos de computaci\u00f3n en manos libres. Su ergonom\u00eda de \u00faltima generaci\u00f3n aporta nuevos niveles de comodidad, flexibilidad y facilidad de uso a los trabajadores encargados de la selecci\u00f3n de productos, la clasificaci\u00f3n de mercanc\u00edas y la gesti\u00f3n de inventario en entornos exigentes, como el almac\u00e9n, el centro de distribuci\u00f3n y la planta de manufactura. El \u00e1rea de pantalla t\u00e1ctil es dos veces m\u00e1s grande que la del modelo WT6300<sup>1<\/sup>, con apenas un peque\u00f1o aumento en el tama\u00f1o del dispositivo. La potente plataforma brindar\u00e1 soporte a su negocio hoy y en el futuro, con un procesador Qualcomm de pr\u00f3xima generaci\u00f3n, el doble de memoria y compatibilidad hasta Android 17. Adem\u00e1s, la captura de datos incluye una c\u00e1mara en \u00e1ngulo de alta resoluci\u00f3n de 13\u00a0MP, compatibilidad con esc\u00e1neres Zebra con Bluetooth y cableado, y un modelo con un innovador teclado integrado.<\/p>\n","protected":false},"featured_media":8848,"template":"","meta":{"inline_featured_image":false,"_joinchat":[]},"product_cat":[174,214,217],"product_tag":[162],"class_list":{"0":"post-8841","1":"product","2":"type-product","3":"status-publish","4":"has-post-thumbnail","6":"product_cat-vestibles","7":"product_cat-colectores-de-datos","8":"product_cat-zebra","9":"product_tag-zebra","11":"first","12":"instock","13":"shipping-taxable","14":"product-type-simple"},"_links":{"self":[{"href":"https:\/\/telectronica.com.uy\/index.php?rest_route=\/wp\/v2\/product\/8841","targetHints":{"allow":["GET"]}}],"collection":[{"href":"https:\/\/telectronica.com.uy\/index.php?rest_route=\/wp\/v2\/product"}],"about":[{"href":"https:\/\/telectronica.com.uy\/index.php?rest_route=\/wp\/v2\/types\/product"}],"wp:featuredmedia":[{"embeddable":true,"href":"https:\/\/telectronica.com.uy\/index.php?rest_route=\/wp\/v2\/media\/8848"}],"wp:attachment":[{"href":"https:\/\/telectronica.com.uy\/index.php?rest_route=%2Fwp%2Fv2%2Fmedia&parent=8841"}],"wp:term":[{"taxonomy":"product_cat","embeddable":true,"href":"https:\/\/telectronica.com.uy\/index.php?rest_route=%2Fwp%2Fv2%2Fproduct_cat&post=8841"},{"taxonomy":"product_tag","embeddable":true,"href":"https:\/\/telectronica.com.uy\/index.php?rest_route=%2Fwp%2Fv2%2Fproduct_tag&post=8841"}],"curies":[{"name":"wp","href":"https:\/\/api.w.org\/{rel}","templated":true}]}}