{"id":8831,"date":"2025-05-13T12:05:20","date_gmt":"2025-05-13T15:05:20","guid":{"rendered":"https:\/\/telectronica.com.uy\/?post_type=product&#038;p=8831"},"modified":"2025-05-13T14:24:35","modified_gmt":"2025-05-13T17:24:35","slug":"anillo-lector-zebra-1d-2d-rs5000","status":"publish","type":"product","link":"https:\/\/telectronica.com.uy\/?product=anillo-lector-zebra-1d-2d-rs5000","title":{"rendered":"Anillo lector ZEBRA 1D\/2D RS5000"},"content":{"rendered":"<h4><b>Rango de funcionamiento amplio<\/b><\/h4>\n<p>Los trabajadores pueden capturar c\u00f3digos de barra a corto alcance y hasta 25\u00a0in\/63,5\u00a0cm.<\/p>\n<h4><b>Captura inteligente de im\u00e1genes PRZM para obtener un rendimiento de escaneado sin precedentes<\/b><\/h4>\n<p>Solo de Zebra, PRZM eleva el est\u00e1ndar de im\u00e1genes con funciones que reducen el tiempo de decodificaci\u00f3n, permiten capturas a la velocidad de la luz de casi cualquier c\u00f3digo de barras en cualquier condici\u00f3n. PRZM convierte im\u00e1genes de baja calidad en im\u00e1genes \u00fatiles al instante. Esto le ofrece im\u00e1genes de alta calidad que agilizan la decodificaci\u00f3n. A continuaci\u00f3n, PRZM se encarga de ciertas tareas de procesamiento normalmente a cargo del decodificador, lo que aumenta la velocidad de decodificaci\u00f3n, disminuye el consumo de energ\u00eda y mejora los tiempos de ciclo de la bater\u00eda. \u00bfEl resultado? Las tareas de escaneo m\u00e1s \u00e1giles y precisas que sus trabajadores necesitan para mejorar la productividad y disminuir los tiempos de ciclo de sus operaciones.<\/p>\n<h4><b>Funcionamiento ambidiestro<\/b><\/h4>\n<p>Con la pr\u00e1ctica funci\u00f3n de rotaci\u00f3n, los trabajadores pueden cambiar de mano al instante y sin complicaciones. De esta forma, pueden elegir la mano con la que se sientan m\u00e1s c\u00f3modos y usarla en cuesti\u00f3n de segundos.<\/p>\n<h4><b>Amplio campo visual<\/b><\/h4>\n<p>Los trabajadores pueden leer f\u00e1cilmente los c\u00f3digos de barras grandes que son de uso frecuente en los almacenes, adem\u00e1s de etiquetas con varios c\u00f3digos de barras.<\/p>\n<h4><b>Esc\u00e1ner tipo anillo resistente<\/b><\/h4>\n<p>El RS5000 est\u00e1 dise\u00f1ado para entornos desafiantes de producci\u00f3n y almacenes. Dise\u00f1ado para entornos bajo cero, puede utilizarse en los pasillos del almac\u00e9n y en el congelador. Soporta ca\u00eddas desde 4\u00a0ft\/1,2\u00a0m en toda la gama de temperaturas operativas, indispensable para usos en el congelador. Incluso luego de 1.000 golpes consecutivos, el RS5000 brinda un funcionamiento confiable. Y gracias al sellado IP65, este esc\u00e1ner resistente es a prueba de polvo y de pulverizadores.<\/p>\n","protected":false},"excerpt":{"rendered":"<h2 class=\"cmp-title__text\">Mejore la productividad de los usuarios de computadoras vestibles de Zebra con escaneo 1D\/2D manos libres de bajo costo<\/h2>\n<p>\u00bfQuiere aumentar la productividad de los usuarios de las computadoras port\u00e1tiles Zebra? Cn el esc\u00e1ner RS5000 manos libres de Zebra, puede hacerlo. Sus empleados pueden capturar casi cualquier c\u00f3digo de barras, sea 1D o 2D y en pr\u00e1cticamente cualquier estado, a la velocidad de la luz con tan solo apuntar y disparar. Cuando se trata de comodidad, el RS5000 es un esc\u00e1ner peque\u00f1o perfectamente balanceado y liviano que se utiliza en solo un dedo de cualquier mano, lo que deja las manos libres para manipular materiales. Dado que los almacenes, centros de distribuci\u00f3n y plantas de fabricaci\u00f3n son algunos de los entornos m\u00e1s hostiles, este peque\u00f1o esc\u00e1ner ofrece alta durabilidad. Los trabajadores pueden dejarlo caer, salpicarlo con agua e incluso usarlo en c\u00e1maras frigor\u00edficas, sin que su funcionamiento deje de ser confiable. Obtenga el peque\u00f1o pero poderoso esc\u00e1ner tipo anillo para satisfacer todas sus necesidades: trabajadores m\u00e1s productivos, mayor provecho de las computadoras vestibles de Zebra y clientes m\u00e1s satisfechos.<\/p>\n","protected":false},"featured_media":8840,"template":"","meta":{"inline_featured_image":false,"_joinchat":[]},"product_cat":[150,201,203,217],"product_tag":[162],"class_list":{"0":"post-8831","1":"product","2":"type-product","3":"status-publish","4":"has-post-thumbnail","6":"product_cat-lectores","7":"product_cat-cableado","8":"product_cat-cableado-ultrarresistentes-industriales","9":"product_cat-zebra","10":"product_tag-zebra","12":"first","13":"instock","14":"shipping-taxable","15":"product-type-simple"},"_links":{"self":[{"href":"https:\/\/telectronica.com.uy\/index.php?rest_route=\/wp\/v2\/product\/8831","targetHints":{"allow":["GET"]}}],"collection":[{"href":"https:\/\/telectronica.com.uy\/index.php?rest_route=\/wp\/v2\/product"}],"about":[{"href":"https:\/\/telectronica.com.uy\/index.php?rest_route=\/wp\/v2\/types\/product"}],"wp:featuredmedia":[{"embeddable":true,"href":"https:\/\/telectronica.com.uy\/index.php?rest_route=\/wp\/v2\/media\/8840"}],"wp:attachment":[{"href":"https:\/\/telectronica.com.uy\/index.php?rest_route=%2Fwp%2Fv2%2Fmedia&parent=8831"}],"wp:term":[{"taxonomy":"product_cat","embeddable":true,"href":"https:\/\/telectronica.com.uy\/index.php?rest_route=%2Fwp%2Fv2%2Fproduct_cat&post=8831"},{"taxonomy":"product_tag","embeddable":true,"href":"https:\/\/telectronica.com.uy\/index.php?rest_route=%2Fwp%2Fv2%2Fproduct_tag&post=8831"}],"curies":[{"name":"wp","href":"https:\/\/api.w.org\/{rel}","templated":true}]}}