{"id":8823,"date":"2025-05-13T11:43:20","date_gmt":"2025-05-13T14:43:20","guid":{"rendered":"https:\/\/telectronica.com.uy\/?post_type=product&#038;p=8823"},"modified":"2025-05-13T11:47:49","modified_gmt":"2025-05-13T14:47:49","slug":"tablet-zebra-l10","status":"publish","type":"product","link":"https:\/\/telectronica.com.uy\/?product=tablet-zebra-l10","title":{"rendered":"Tablet ZEBRA L10"},"content":{"rendered":"<p>No importa el modelo que elija, obtendr\u00e1 el mismo gran dise\u00f1o resistente, la plataforma de CPU, una experiencia de usuario en com\u00fan y el soporte constante para todas sus aplicaciones.<\/p>\n<h4><b>Personalice con accesorios para combinar<\/b><\/h4>\n<p>No importa el modelo que elija, obtendr\u00e1 una familia de accesorios de nivel empresarial que funciona con todos. Comprar y administrar los accesorios es m\u00e1s f\u00e1cil. Y puede simplificar el uso diario para sus trabajadores con una selecci\u00f3n de bases industriales y para veh\u00edculos, un estuche de transporte, una correa para el hombro, un pie de apoyo y mucho m\u00e1s.<\/p>\n<h4><b>M\u00e1xima potencia para el mejor funcionamiento de las aplicaciones<\/b><\/h4>\n<p>Encuentre toda la potencia que necesita para un rendimiento superior en todas sus aplicaciones y programas con el procesador ultrapoderoso de 8 n\u00facleos, mucha memoria y almacenamiento eMMC r\u00e1pido.<\/p>\n<h4><b>Energ\u00eda y administraci\u00f3n de bater\u00edas sin igual<\/b><\/h4>\n<p>Tendr\u00e1 energ\u00eda para un turno completo con la bater\u00eda est\u00e1ndar y 24\u00a0horas de energ\u00eda con la bater\u00eda de mayor duraci\u00f3n<sup>4<\/sup>. Con una bater\u00eda extra\u00edble de cambio r\u00e1pido, sus tabletas L10 siempre est\u00e1n en servicio, nunca en una base de carga.<\/p>\n<h4><b>Un dise\u00f1o resistente creado para durar<\/b><\/h4>\n<p>Esta tableta resistente al agua y al polvo y a prueba de ca\u00eddas est\u00e1 dise\u00f1ada para soportar todo. Puede dejarla caer sobre el concreto. Puede mojarla, incluso si las tapas de los puertos est\u00e1n abiertas.<\/p>\n<p>\u00dasela en calor extremo o temperaturas bajo cero; en camiones, autom\u00f3viles o montacargas; o en presencia de materiales peligrosos.1 Adem\u00e1s, el marco liviano de magnesio es m\u00e1s robusto que el acero y no se dobla, por lo que obtiene durabilidad sin incrementar el peso.<\/p>\n<h4><b>Una pantalla grande de 10,1\u00a0in Pantalla con todas las caracter\u00edsticas adecuadas<\/b><\/h4>\n<p>Pr\u00e1cticamente nada impide que los usuarios ingresen informaci\u00f3n en la pantalla multit\u00e1ctil avanzada, incluidos los guantes, la lluvia y la nieve. Los usuarios pueden elegir su modo preferido de ingreso de datos, digital o l\u00e1piz \u00f3ptico. El cristal Corning Gorilla Glass otorga la m\u00e1xima resistencia a rayones y e impactos para este componente de dispositivo m\u00e1s vulnerable. La pantalla brillante de 500\u00a0nits es f\u00e1cil de ver en casi cualquier condici\u00f3n de iluminaci\u00f3n, mientras que la pantalla opcional ultra brillante View Anywhere\u00ae de 1000\u00a0nits es f\u00e1cil de ver, incluso bajo el sol directo.<\/p>\n","protected":false},"excerpt":{"rendered":"<p>Ponga el poder de los datos m\u00f3viles en manos de los trabajadores en los entornos m\u00e1s exigentes con la familia de tabletas resistentes L10 con Android de Zebra. Elija entre tres modelos que cumplan con las necesidades de los trabajadores en el \u00e1rea de petr\u00f3leo y gas, miner\u00eda, telecomunicaciones, construcci\u00f3n y militar, as\u00ed como en almacenes y plantas de fabricaci\u00f3n. Personalice sus tabletas L10 con accesorios empresariales que simplifican el uso diario. El dise\u00f1o resistente y f\u00e1cil de llevar es \u00f3ptimo para interiores, exteriores, en c\u00e1maras frigor\u00edficas, temperaturas bajo cero y calor agobiante, en montacargas y camiones, e incluso a pleno sol. Una plataforma avanzada ofrece un rendimiento incre\u00edblemente r\u00e1pido en todas sus aplicaciones, una bater\u00eda que proporciona energ\u00eda durante el turno completo o todo el d\u00eda con una sola carga, adem\u00e1s de las conexiones inal\u00e1mbricas m\u00e1s r\u00e1pidas: WiFi, Bluetooth, celular, GPS y NFC. Administrar las actualizaciones de Android simplemente presionando un bot\u00f3n. Y con Mobility DNA, obtiene valiosas aplicaciones exclusivas de Zebra que llevan el rendimiento de los dispositivos, la facilidad de uso, la capacidad de administraci\u00f3n y la seguridad al siguiente nivel.<\/p>\n","protected":false},"featured_media":8829,"template":"","meta":{"inline_featured_image":false,"_joinchat":[]},"product_cat":[214,217,173],"product_tag":[162],"class_list":{"0":"post-8823","1":"product","2":"type-product","3":"status-publish","4":"has-post-thumbnail","6":"product_cat-colectores-de-datos","7":"product_cat-zebra","8":"product_cat-tablets","9":"product_tag-zebra","11":"first","12":"instock","13":"featured","14":"shipping-taxable","15":"product-type-simple"},"_links":{"self":[{"href":"https:\/\/telectronica.com.uy\/index.php?rest_route=\/wp\/v2\/product\/8823","targetHints":{"allow":["GET"]}}],"collection":[{"href":"https:\/\/telectronica.com.uy\/index.php?rest_route=\/wp\/v2\/product"}],"about":[{"href":"https:\/\/telectronica.com.uy\/index.php?rest_route=\/wp\/v2\/types\/product"}],"wp:featuredmedia":[{"embeddable":true,"href":"https:\/\/telectronica.com.uy\/index.php?rest_route=\/wp\/v2\/media\/8829"}],"wp:attachment":[{"href":"https:\/\/telectronica.com.uy\/index.php?rest_route=%2Fwp%2Fv2%2Fmedia&parent=8823"}],"wp:term":[{"taxonomy":"product_cat","embeddable":true,"href":"https:\/\/telectronica.com.uy\/index.php?rest_route=%2Fwp%2Fv2%2Fproduct_cat&post=8823"},{"taxonomy":"product_tag","embeddable":true,"href":"https:\/\/telectronica.com.uy\/index.php?rest_route=%2Fwp%2Fv2%2Fproduct_tag&post=8823"}],"curies":[{"name":"wp","href":"https:\/\/api.w.org\/{rel}","templated":true}]}}