{"id":8817,"date":"2025-05-13T11:31:02","date_gmt":"2025-05-13T14:31:02","guid":{"rendered":"https:\/\/telectronica.com.uy\/?post_type=product&#038;p=8817"},"modified":"2025-05-15T11:54:36","modified_gmt":"2025-05-15T14:54:36","slug":"tablet-zebra-et60-et65","status":"publish","type":"product","link":"https:\/\/telectronica.com.uy\/?product=tablet-zebra-et60-et65","title":{"rendered":"Tablet ZEBRA ET60\/ET65"},"content":{"rendered":"<h4><b>Una pantalla que puede ver en cualquier lugar<\/b><\/h4>\n<p>Vea la pantalla superbrillante de 1000\u00a0nits f\u00e1cilmente con cualquier iluminaci\u00f3n, incluso en el exterior con luz solar brillante o en el interior de una planta de fabricaci\u00f3n o almac\u00e9n con poca luz. Y dos de los elementos m\u00e1s vulnerables, la pantalla y el visor de escaneo, est\u00e1n protegidos contra golpes y rasgu\u00f1os con Gorilla Glass.<\/p>\n<p><b>Un extraordinario ciclo de vida de 4\u00a0a\u00f1os<\/b><\/p>\n<p>A diferencia de muchos dispositivos, la ET60\/ET65 estar\u00e1 disponible para la venta durante cuatro a\u00f1os, lo que elimina el costo y la complejidad de las implementaciones de modelos mixtos. Y con el servicio extendido por cuatro a\u00f1os adicionales, obtiene hasta ocho a\u00f1os en total de servicio y soporte.<\/p>\n<h4><b>Convi\u00e9rtala en una terminal para montaje vehicular<\/b><\/h4>\n<p>Simplemente coloque la ET60 o ET65 en el nuevo soporte para veh\u00edculo con patente en tr\u00e1mite para usarla en un montacargas u otro veh\u00edculo de manipulaci\u00f3n de materiales. La pantalla t\u00e1ctil y el teclado del almac\u00e9n se calefaccionan cuando se colocan en el soporte para veh\u00edculo, una caracter\u00edstica que ninguna otra tableta puede ofrecer hoy en d\u00eda. Incluso en la c\u00e1mara frigor\u00edfica y otros entornos de condensaci\u00f3n, la pantalla siempre est\u00e1 libre de condensaci\u00f3n, clara y f\u00e1cil de ver, y el teclado siempre est\u00e1 libre de hielo, listo para introducir datos. Se puede acceder f\u00e1cilmente a todas las funciones del dispositivo, incluido el conector de expansi\u00f3n en la parte posterior para agregar nuevas capacidades disponibles. Y elija un teclado opcional para facilitar la introducci\u00f3n de datos en movimiento a los operadores de montacargas.<\/p>\n<h4><b>Dise\u00f1adas para casi cualquier tarea<\/b><\/h4>\n<p>Esta tableta ha sobrevivido a m\u00e1s pruebas en el mundo real que cualquier otra tableta de su clase. Est\u00e1 probada contra ca\u00eddas sobre concreto, es apta para la c\u00e1mara frigor\u00edfica y el calor abrasador, a prueba de polvo y corrosi\u00f3n, y puede lavarla con una manguera cuando est\u00e9 sucia. Otras pruebas incluyen vibraci\u00f3n, choque t\u00e9rmico, radiaci\u00f3n solar y niebla salina, para garantizar que pueda tolerar el golpeteo constante en un montacargas, las vibraciones del veh\u00edculo, los cambios r\u00e1pidos y amplios de temperatura y la exposici\u00f3n intensa a la luz solar. \u00bfEl resultado? Una tableta que prospera pr\u00e1cticamente en cualquier lugar, desde los entornos hostiles en almacenes y plantas de fabricaci\u00f3n<\/p>\n","protected":false},"excerpt":{"rendered":"<h2 class=\"cmp-title__text\">Las tabletas empresariales resistentes con Android&#x2122; m\u00e1s vers\u00e1tiles<\/h2>\n<p>Maximice la productividad y la eficiencia del negocio con tabletas empresariales que brindan m\u00e1s funciones y capacidad, y mayor seguridad, resistencia y versatilidad. Use estas tabletas en los entornos m\u00e1s exigentes. Tienen todo el atractivo de los dispositivos de uso personal, pero est\u00e1n dise\u00f1adas como un tanque, por lo que resisten todo: el polvo, la suciedad de los almacenes y las plantas de manufactura; las condiciones de las c\u00e1maras frigor\u00edficas; las vibraciones constantes de los montacargas y otros veh\u00edculos; y todas las condiciones, entre ellas, la nieve, el hielo, la lluvia, el polvo y el calor y fr\u00edo extremos. Con su flexibilidad sin igual, estas tabletas pueden ser lo que usted necesite: una tableta, una alternativa a las laptops y una terminal para montaje vehicular. Si hablamos de funciones, estos caballos de batalla tienen un gran poder de procesamiento, mucha energ\u00eda de bater\u00eda, una captura de datos potente, las m\u00e1s recientes opciones de conectividad inal\u00e1mbrica y mucho m\u00e1s. Adem\u00e1s, Mobility DNA&#x2122; suma un valor inigualable gracias a sus funciones, que facilitan el uso y manejo de las tabletas. Cuando el trabajo exige una tableta resistente, las tabletas ET60\/ET65 cumplen, sin importar cu\u00e1les sean las funciones que usted necesite.<\/p>\n","protected":false},"featured_media":8822,"template":"","meta":{"inline_featured_image":false,"_joinchat":[]},"product_cat":[217,173],"product_tag":[162],"class_list":{"0":"post-8817","1":"product","2":"type-product","3":"status-publish","4":"has-post-thumbnail","6":"product_cat-zebra","7":"product_cat-tablets","8":"product_tag-zebra","10":"first","11":"instock","12":"featured","13":"shipping-taxable","14":"product-type-simple"},"_links":{"self":[{"href":"https:\/\/telectronica.com.uy\/index.php?rest_route=\/wp\/v2\/product\/8817","targetHints":{"allow":["GET"]}}],"collection":[{"href":"https:\/\/telectronica.com.uy\/index.php?rest_route=\/wp\/v2\/product"}],"about":[{"href":"https:\/\/telectronica.com.uy\/index.php?rest_route=\/wp\/v2\/types\/product"}],"wp:featuredmedia":[{"embeddable":true,"href":"https:\/\/telectronica.com.uy\/index.php?rest_route=\/wp\/v2\/media\/8822"}],"wp:attachment":[{"href":"https:\/\/telectronica.com.uy\/index.php?rest_route=%2Fwp%2Fv2%2Fmedia&parent=8817"}],"wp:term":[{"taxonomy":"product_cat","embeddable":true,"href":"https:\/\/telectronica.com.uy\/index.php?rest_route=%2Fwp%2Fv2%2Fproduct_cat&post=8817"},{"taxonomy":"product_tag","embeddable":true,"href":"https:\/\/telectronica.com.uy\/index.php?rest_route=%2Fwp%2Fv2%2Fproduct_tag&post=8817"}],"curies":[{"name":"wp","href":"https:\/\/api.w.org\/{rel}","templated":true}]}}