{"id":8808,"date":"2025-05-13T11:02:18","date_gmt":"2025-05-13T14:02:18","guid":{"rendered":"https:\/\/telectronica.com.uy\/?post_type=product&#038;p=8808"},"modified":"2025-05-13T11:43:31","modified_gmt":"2025-05-13T14:43:31","slug":"asistente-de-compras-zebra-ps30","status":"publish","type":"product","link":"https:\/\/telectronica.com.uy\/?product=asistente-de-compras-zebra-ps30","title":{"rendered":"Asistente de compras ZEBRA PS30"},"content":{"rendered":"<p>El mundo digital ha cambiado el panorama del comercio minorista: sus consumidores compran, crean listas de productos, cortan cupones y guardan recetas, todo en l\u00ednea. \u00bfY si pudiera aunar todo de manera fluida en su tienda? El asistente personal de compras PS30 permite a los comercios minoristas proporcionar una experiencia en la tienda transformadora, de baja fricci\u00f3n y personalizada, aprovechando las identidades digitales y las preferencias de los clientes desde sus cuentas de fidelizaci\u00f3n. Con el sofisticado y elegante PS30, los clientes pueden tener acceso a listas de compras, recomendaciones nutricionales y cupones; obtener indicaciones en tiempo real para encontrar art\u00edculos, escanear y embolsarlos a medida que compran; obtener ayuda de un asistente virtual o en directo con solo presionar un bot\u00f3n; y evitar la fila gracias al pago con un solo toque. La localizaci\u00f3n mejorada permite a los comercios minoristas enviar cupones y ofertas seleccionados a los clientes en tiempo real, y recabar informaci\u00f3n sobre los clientes para mejorar las operaciones de la tienda y reducir los costos de mano de obra. El PS30 no es simplemente un dispositivo: sino un catalizador para una experiencia de compra interactiva, fluida y personalizada que permitir\u00e1 crear una mayor satisfacci\u00f3n de los clientes y una tienda m\u00e1s inteligente y rentable.<\/p>\n<p>El PS30 es elegante y m\u00e1s duradero que muchos tel\u00e9fonos m\u00f3viles personales porque se ha dise\u00f1ado y probado contra ca\u00eddas e impactos para sobrevivir las inevitables ca\u00eddas frecuentes. Con sus pl\u00e1sticos avanzados resistentes a los productos qu\u00edmicos y su carcasa lisa de una pieza, los empleados y los clientes pueden desinfectar con facilidad y rapidez el dispositivo antes de usarlo con muchos agentes de limpieza aprobados para evitar la propagaci\u00f3n de g\u00e9rmenes. Los contactos de carga est\u00e1n dise\u00f1ados para evitar la acumulaci\u00f3n de tierra que puede interferir con la carga. El cristal Corning&#x2122; Gorilla&#x2122; Glass otorga la m\u00e1xima resistencia a rayaduras y golpes a dos de las piezas m\u00e1s vulnerables del dispositivo: la pantalla y la ventana del lector de im\u00e1genes. Y, con un espectro de temperaturas de funcionamiento, el PS30 puede usarse en cualquier lugar de su tienda.<\/p>\n<h4><b>Liberaci\u00f3n de dispositivos con un toque<\/b><\/h4>\n<p>Para desbloquear un dispositivo, los clientes pueden escanear su tarjeta de fidelizaci\u00f3n en el kiosco CC6000 de Zebra o tocar una tarjeta de fidelizaci\u00f3n, tarjeta bancaria o billetera digital de tel\u00e9fono inteligente con NFC sobre la pantalla del PS30. El halo de la base de un dispositivo completamente cargado se ilumina, guiando al cliente hacia el dispositivo desbloqueado que est\u00e1 listo para usar.<\/p>\n<h4><b>Escaneo de c\u00f3digos de barras sin esfuerzo, cada vez y en todo momento.<\/b><\/h4>\n<p>El escaneo es la caracter\u00edstica m\u00e1s importante del PS30. Es por eso que el esc\u00e1ner del PS30 est\u00e1 lleno de caracter\u00edsticas que ofrecen una experiencia de escaneo fiable y sencilla. Simplemente apunte y escanee: no es necesario alinear el esc\u00e1ner y el c\u00f3digo de barras. Los clientes pueden escanear autom\u00e1ticamente c\u00f3digos de barras cuando est\u00e1n dentro del rango de escaneo, eliminando la necesidad de presionar repetidamente el bot\u00f3n de escaneo. Y los c\u00f3digos de barras pueden capturarse aunque est\u00e9n mal impresos, manchados o rayados.<\/p>\n","protected":false},"excerpt":{"rendered":"<h3>Interact\u00fae con cada cliente en cada viaje de compras<\/h3>\n<h4><b>Ergonom\u00eda avanzada y un dise\u00f1o atrayente<\/b><\/h4>\n<p>El hermoso e intuitivo dise\u00f1o del PS30 da la bienvenida a sus clientes en cuanto entran a su tienda. Todas las caracter\u00edsticas del PS30 se han considerado minuciosamente para ofrecer la mejor experiencia para el cliente. La carcasa lisa y sin uniones, el bot\u00f3n de escaneo \u00fanico intuitivo, la pantalla de alto brillo, los indicadores h\u00e1pticos y la manija ergon\u00f3mica y bien equilibrada hacen que cada viaje de compras sea un placer.<\/p>\n<h4><b>La durabilidad que necesita para una operaci\u00f3n fiable<\/b><\/h4>\n<p>Cuando elige un dispositivo para poner en las manos de sus clientes, necesita lo mejor en fiabilidad.<\/p>\n","protected":false},"featured_media":8809,"template":"","meta":{"inline_featured_image":false,"_joinchat":[]},"product_cat":[214,179,217],"product_tag":[162],"class_list":{"0":"post-8808","1":"product","2":"type-product","3":"status-publish","4":"has-post-thumbnail","6":"product_cat-colectores-de-datos","7":"product_cat-de-mano-multiproposito","8":"product_cat-zebra","9":"product_tag-zebra","11":"first","12":"instock","13":"featured","14":"shipping-taxable","15":"product-type-simple"},"_links":{"self":[{"href":"https:\/\/telectronica.com.uy\/index.php?rest_route=\/wp\/v2\/product\/8808","targetHints":{"allow":["GET"]}}],"collection":[{"href":"https:\/\/telectronica.com.uy\/index.php?rest_route=\/wp\/v2\/product"}],"about":[{"href":"https:\/\/telectronica.com.uy\/index.php?rest_route=\/wp\/v2\/types\/product"}],"wp:featuredmedia":[{"embeddable":true,"href":"https:\/\/telectronica.com.uy\/index.php?rest_route=\/wp\/v2\/media\/8809"}],"wp:attachment":[{"href":"https:\/\/telectronica.com.uy\/index.php?rest_route=%2Fwp%2Fv2%2Fmedia&parent=8808"}],"wp:term":[{"taxonomy":"product_cat","embeddable":true,"href":"https:\/\/telectronica.com.uy\/index.php?rest_route=%2Fwp%2Fv2%2Fproduct_cat&post=8808"},{"taxonomy":"product_tag","embeddable":true,"href":"https:\/\/telectronica.com.uy\/index.php?rest_route=%2Fwp%2Fv2%2Fproduct_tag&post=8808"}],"curies":[{"name":"wp","href":"https:\/\/api.w.org\/{rel}","templated":true}]}}