{"id":8663,"date":"2025-02-04T15:31:22","date_gmt":"2025-02-04T18:31:22","guid":{"rendered":"https:\/\/telectronica.com.uy\/?post_type=product&#038;p=8663"},"modified":"2025-05-13T11:43:15","modified_gmt":"2025-05-13T14:43:15","slug":"colector-zebra-em45","status":"publish","type":"product","link":"https:\/\/telectronica.com.uy\/?product=colector-zebra-em45","title":{"rendered":"Colector ZEBRA EM45"},"content":{"rendered":"<h3>Dispositivo m\u00f3vil empresarial todo en uno para el personal de primera l\u00ednea<\/h3>\n<h4><b>RFID de corto alcance incorporada<\/b><\/h4>\n<p>\u00bfNecesita leer etiquetas RFID? Ahora ya no necesita un lector de RFID independiente. Capture al instante etiquetas RFID para encontrar art\u00edculos, rastrear inventario, paquetes, equipaje, equipos m\u00e9dicos y mucho m\u00e1s.<\/p>\n<h4><b>C\u00e1mara de alto desempe\u00f1o apta para cualquier tarea<\/b><\/h4>\n<p>La c\u00e1mara posterior HDR de 50\u00a0MP con estabilizaci\u00f3n \u00f3ptica de imagen (EOI) captura fotograf\u00edas y videos 4K incre\u00edblemente detallados, y m\u00e1s detalles se traducen en m\u00e1s inteligencia empresarial. Los usuarios reciben una alerta autom\u00e1tica cuando la lente est\u00e1 sucia y necesita limpieza, o se les solicita que vuelvan a tomar una imagen de mayor calidad.<\/p>\n","protected":false},"excerpt":{"rendered":"<div class=\"cmp-product-summary__intro\">\n<p>El poder de Zebra en su bolsillo<\/p>\n<\/div>\n<div class=\"cmp-product-summary__rte\" role=\"description\">\n<p>El m\u00f3vil empresarial EM45 RFID de Zebra le brinda productividad y flexibilidad sin igual en la primera l\u00ednea con el poder de Zebra en su bolsillo. El ergon\u00f3mico EM45 RFID con capacidad de IA es\u00a0una soluci\u00f3n todo en uno optimizada que se dise\u00f1\u00f3 para simplificar las tareas e impulsar las operaciones en movimiento con una combinaci\u00f3n de la lectura RFID, una c\u00e1mara de alto desempe\u00f1o y la practicidad m\u00f3vil. La RFID incorporada proporciona lecturas precisas para verificar y encontrar inventario, completar tareas y acceder a informaci\u00f3n cr\u00edtica en cuesti\u00f3n de segundos sin tener que hacer malabarismos con varios dispositivos. La integraci\u00f3n, configuraci\u00f3n e implementaci\u00f3n son f\u00e1ciles con Zebra DNA, y la conectividad 5G y Wi-Fi 6E garantizan una conectividad r\u00e1pida y confiable y una bater\u00eda duradera y de carga r\u00e1pida con la que su personal siempre estar\u00e1 listo, todo el d\u00eda.<\/p>\n<\/div>\n<p>&nbsp;<\/p>\n<p>Los rostros se pueden difuminar autom\u00e1ticamente para proteger la privacidad. El software integrado con algoritmos avanzados permite la captura r\u00e1pida y sencilla de c\u00f3digos de barras, independientemente de la simbolog\u00eda o la condici\u00f3n. Y la c\u00e1mara frontal de 8\u00a0MP permite realizar videollamadas para mejorar la colaboraci\u00f3n.<\/p>\n<h4><b>Cree una estaci\u00f3n de trabajo a demanda<\/b><\/h4>\n<p>Convierta con facilidad su EM45 RFID en una estaci\u00f3n de trabajo cuando lo necesite utilizando Zebra Workstation Connect.<sup>1<\/sup>\u00a0Simplemente coloque el dispositivo en una base para contar con una interfaz de escritorio completa. Esto es ideal para tareas intensivas en datos porque prescinde de la necesidad de comprar y administrar PC fijas.<\/p>\n<h4><b>Colaboraci\u00f3n mejorada a trav\u00e9s de conectividad wifi y celular<\/b><\/h4>\n<p>A\u00f1ada f\u00e1cilmente potentes herramientas de comunicaci\u00f3n con Workcloud Communication. Habilite la mensajer\u00eda de texto RCS segura y la funcionalidad de pulsar para hablar bidireccional de manera rentable a trav\u00e9s de redes wifi y celulares en cuesti\u00f3n de unos d\u00edas. Y convierta el EM45 RFID en un dispositivo PBX con una interfaz personalizada que lleva la simplicidad de pulsar botones incluso a las caracter\u00edsticas de telefon\u00eda m\u00e1s complejas.<\/p>\n<h4><b>Preparado para transacciones sin contacto<\/b><\/h4>\n<p>La compatibilidad con pagos CPOC permite hacer pagos sin contacto con cualquier tarjeta bancaria con NFC o billetera m\u00f3vil. Adem\u00e1s, la compatibilidad con elementos sin contacto no relacionados con pagos en billeteras digitales permite la validaci\u00f3n instant\u00e1nea de billetes para eventos, pases de abordar, tarjetas de fidelidad y mucho m\u00e1s.<\/p>\n","protected":false},"featured_media":8664,"template":"","meta":{"inline_featured_image":false,"_joinchat":[]},"product_cat":[214,179,217],"product_tag":[162],"class_list":{"0":"post-8663","1":"product","2":"type-product","3":"status-publish","4":"has-post-thumbnail","6":"product_cat-colectores-de-datos","7":"product_cat-de-mano-multiproposito","8":"product_cat-zebra","9":"product_tag-zebra","11":"first","12":"instock","13":"featured","14":"shipping-taxable","15":"product-type-simple"},"_links":{"self":[{"href":"https:\/\/telectronica.com.uy\/index.php?rest_route=\/wp\/v2\/product\/8663","targetHints":{"allow":["GET"]}}],"collection":[{"href":"https:\/\/telectronica.com.uy\/index.php?rest_route=\/wp\/v2\/product"}],"about":[{"href":"https:\/\/telectronica.com.uy\/index.php?rest_route=\/wp\/v2\/types\/product"}],"wp:featuredmedia":[{"embeddable":true,"href":"https:\/\/telectronica.com.uy\/index.php?rest_route=\/wp\/v2\/media\/8664"}],"wp:attachment":[{"href":"https:\/\/telectronica.com.uy\/index.php?rest_route=%2Fwp%2Fv2%2Fmedia&parent=8663"}],"wp:term":[{"taxonomy":"product_cat","embeddable":true,"href":"https:\/\/telectronica.com.uy\/index.php?rest_route=%2Fwp%2Fv2%2Fproduct_cat&post=8663"},{"taxonomy":"product_tag","embeddable":true,"href":"https:\/\/telectronica.com.uy\/index.php?rest_route=%2Fwp%2Fv2%2Fproduct_tag&post=8663"}],"curies":[{"name":"wp","href":"https:\/\/api.w.org\/{rel}","templated":true}]}}