{"id":8658,"date":"2025-01-31T16:03:55","date_gmt":"2025-01-31T19:03:55","guid":{"rendered":"https:\/\/telectronica.com.uy\/?post_type=product&#038;p=8658"},"modified":"2025-01-31T16:03:56","modified_gmt":"2025-01-31T19:03:56","slug":"impresora-de-tickets-3nstar-rpt015","status":"publish","type":"product","link":"https:\/\/telectronica.com.uy\/?product=impresora-de-tickets-3nstar-rpt015","title":{"rendered":"Impresora de Tickets 3NSTAR RPT015"},"content":{"rendered":"<p>La 3nStar RPT015 es una impresora t\u00e9rmica de recibos de carga frontal compacta y eficiente, es perfecta para negocios con espacio limitado. Puede ser instalada sobre o debajo del mostrador permitiendo ser utilizada en diversos entornos, como hospitalidad, sistemas de punto de venta y quioscos.<\/p>\n<p>Con opciones de conectividad Ethernet, USB y serial, esta impresora es flexible y f\u00e1cil de integrar en cualquier sistema.<\/p>\n<p>Su impresi\u00f3n de alta velocidad y sus capacidades de carga de papel la convierten en una opci\u00f3n eficiente para cualquier necesidad comercial.<\/p>\n","protected":false},"excerpt":{"rendered":"<p><strong>Caracter\u00edsticas<\/strong>:<\/p>\n<ul>\n<li>Soporte de rollo de papel de 58-82 mm de ancho<\/li>\n<li>Papel de carga frontal<\/li>\n<li>Funci\u00f3n de ahorro de papel<\/li>\n<li>Funci\u00f3n de protecci\u00f3n del cabezal de impresi\u00f3n<\/li>\n<li>Caracteres definibles por el usuario<\/li>\n<li>Firmware actualizable en campo<\/li>\n<li>Capaz de imprimir c\u00f3digo QR y PDF417<\/li>\n<li>Configuraci\u00f3n autom\u00e1tica de IP<\/li>\n<li>Admite el ajuste del ancho de impresi\u00f3n<\/li>\n<li>F\u00e1cil carga de papel<\/li>\n<\/ul>\n","protected":false},"featured_media":8659,"template":"","meta":{"inline_featured_image":false,"_joinchat":[]},"product_cat":[184,175,228],"product_tag":[],"class_list":{"0":"post-8658","1":"product","2":"type-product","3":"status-publish","4":"has-post-thumbnail","6":"product_cat-impresoras-de-tickets","7":"product_cat-facturacion-electronica","8":"product_cat-3nstar","10":"first","11":"instock","12":"shipping-taxable","13":"product-type-simple"},"_links":{"self":[{"href":"https:\/\/telectronica.com.uy\/index.php?rest_route=\/wp\/v2\/product\/8658","targetHints":{"allow":["GET"]}}],"collection":[{"href":"https:\/\/telectronica.com.uy\/index.php?rest_route=\/wp\/v2\/product"}],"about":[{"href":"https:\/\/telectronica.com.uy\/index.php?rest_route=\/wp\/v2\/types\/product"}],"wp:featuredmedia":[{"embeddable":true,"href":"https:\/\/telectronica.com.uy\/index.php?rest_route=\/wp\/v2\/media\/8659"}],"wp:attachment":[{"href":"https:\/\/telectronica.com.uy\/index.php?rest_route=%2Fwp%2Fv2%2Fmedia&parent=8658"}],"wp:term":[{"taxonomy":"product_cat","embeddable":true,"href":"https:\/\/telectronica.com.uy\/index.php?rest_route=%2Fwp%2Fv2%2Fproduct_cat&post=8658"},{"taxonomy":"product_tag","embeddable":true,"href":"https:\/\/telectronica.com.uy\/index.php?rest_route=%2Fwp%2Fv2%2Fproduct_tag&post=8658"}],"curies":[{"name":"wp","href":"https:\/\/api.w.org\/{rel}","templated":true}]}}