{"id":8654,"date":"2025-01-31T15:53:38","date_gmt":"2025-01-31T18:53:38","guid":{"rendered":"https:\/\/telectronica.com.uy\/?post_type=product&#038;p=8654"},"modified":"2025-02-19T09:48:21","modified_gmt":"2025-02-19T12:48:21","slug":"tarjetas-pvc-zebra-premier","status":"publish","type":"product","link":"https:\/\/telectronica.com.uy\/?product=tarjetas-pvc-zebra-premier","title":{"rendered":"Tarjetas PVC ZEBRA Premier"},"content":{"rendered":"<h2 class=\"cmp-title \">Nuestras tarjetas de PVC y PVC compuesto cumplen con las normas ISO y ofrecen:<\/h2>\n<div class=\"cmp-text\">\n<p>&nbsp;<\/p>\n<ul>\n<li>Claridad de imagen de alto rendimiento con colores intensos y c\u00f3digos de barras n\u00edtidos<\/li>\n<li>Menos\u00a0desgaste de la impresora de tarjetas y menos costos de mantenimiento<\/li>\n<li>Caracter\u00edsticas de seguridad mejoradas, como hologramas incorporados y dise\u00f1os personalizados<\/li>\n<li>Opciones de tarjeta inteligente que incluyen tarjetas con chip de contacto y sin contacto o tarjetas con banda magn\u00e9tica&nbsp;<\/li>\n<\/ul>\n<\/div>\n","protected":false},"excerpt":{"rendered":"<h5>PVC Premier<\/h5>\n<p>Cuando elige las tarjetas PVC Premier, obtiene tarjetas de pl\u00e1stico PVC duradero con vida \u00fatil prolongada. Elija entre una gran variedad de tarjetas personalizables que se adaptan a sus necesidades.<\/p>\n<h5>PVC Premier Plus compuesto<\/h5>\n<p>Las tarjetas pl\u00e1sticas de PVC Premier Plus est\u00e1n hechas de policloruro de vinilo (PVC) compuesto de alta durabilidad con n\u00facleo de poli\u00e9ster, que ofrece durabilidad superior para tarjetas laminadas de alta seguridad.<\/p>\n<h5>Tarjetas con RFID UHF Gen 2<\/h5>\n<p>Esta tarjeta con chip con RFID pasiva, que cuenta con dise\u00f1o de antena patentado y un chip Monza\u00ae 4QT, ofrece mayor sensibilidad para un rango de lectura de mejor calidad<\/p>\n<h5>Tarjetas con funciones de seguridad<\/h5>\n<p>Tarjetas de PVC y PVC compuesto con funciones de seguridad personalizadas que se adaptan a sus necesidades, disponibles mediante pedido especial. Comun\u00edquese con su revendedor de Zebra autorizado para obtener m\u00e1s informaci\u00f3n detallada.<\/p>\n<p>&nbsp;<\/p>\n","protected":false},"featured_media":8655,"template":"","meta":{"inline_featured_image":false,"_joinchat":[]},"product_cat":[169,160,217],"product_tag":[162],"class_list":{"0":"post-8654","1":"product","2":"type-product","3":"status-publish","4":"has-post-thumbnail","6":"product_cat-tarjetas","7":"product_cat-insumos","8":"product_cat-zebra","9":"product_tag-zebra","11":"first","12":"instock","13":"featured","14":"shipping-taxable","15":"product-type-simple"},"_links":{"self":[{"href":"https:\/\/telectronica.com.uy\/index.php?rest_route=\/wp\/v2\/product\/8654","targetHints":{"allow":["GET"]}}],"collection":[{"href":"https:\/\/telectronica.com.uy\/index.php?rest_route=\/wp\/v2\/product"}],"about":[{"href":"https:\/\/telectronica.com.uy\/index.php?rest_route=\/wp\/v2\/types\/product"}],"wp:featuredmedia":[{"embeddable":true,"href":"https:\/\/telectronica.com.uy\/index.php?rest_route=\/wp\/v2\/media\/8655"}],"wp:attachment":[{"href":"https:\/\/telectronica.com.uy\/index.php?rest_route=%2Fwp%2Fv2%2Fmedia&parent=8654"}],"wp:term":[{"taxonomy":"product_cat","embeddable":true,"href":"https:\/\/telectronica.com.uy\/index.php?rest_route=%2Fwp%2Fv2%2Fproduct_cat&post=8654"},{"taxonomy":"product_tag","embeddable":true,"href":"https:\/\/telectronica.com.uy\/index.php?rest_route=%2Fwp%2Fv2%2Fproduct_tag&post=8654"}],"curies":[{"name":"wp","href":"https:\/\/api.w.org\/{rel}","templated":true}]}}