{"id":8649,"date":"2025-01-31T15:49:14","date_gmt":"2025-01-31T18:49:14","guid":{"rendered":"https:\/\/telectronica.com.uy\/?post_type=product&#038;p=8649"},"modified":"2025-04-04T14:22:39","modified_gmt":"2025-04-04T17:22:39","slug":"pulsera-de-identificacion-z-band-ultrasoft","status":"publish","type":"product","link":"https:\/\/telectronica.com.uy\/?product=pulsera-de-identificacion-z-band-ultrasoft","title":{"rendered":"Pulsera de identificaci\u00f3n Z-BAND ZEBRA Ultrasoft"},"content":{"rendered":"<h2 class=\"cmp-title__text\">Una de las pulseras de impresi\u00f3n t\u00e9rmica directa m\u00e1s suaves del mercado.<\/h2>\n<p>Establezca el est\u00e1ndar para la precisi\u00f3n y comodidad de la identificaci\u00f3n de pacientes con las pulseras Z-Band UltraSoft. Se ha comprobado que las pulseras Z-Band UltraSoft, unas de las pulseras de transferencia t\u00e9rmica directa m\u00e1s duraderas, pueden escanearse, sin importar con qu\u00e9 desinfectantes de manos han entrado en contacto, por lo tanto, los enfermeros no tendr\u00e1n que preocuparse por los escaneos fallidos ni por volver a imprimir una pulsera que se ha decolorado. Si se trata de comodidad, Z-Band UltraSoft les brinda a sus pacientes lo mejor. Su material flexible ultrasuave y su recubrimiento suave al tacto son ideales para pacientes con piel delicada. Y con m\u00e1s de 3\u00a0mil millones de pacientes identificados desde 1998, puede confiar en que Zebra asegurar\u00e1 la durabilidad de la imagen y el desempe\u00f1o de escaneo \u00f3ptimos que sus cuidadores necesitan.<\/p>\n","protected":false},"excerpt":{"rendered":"<h4><b>Una de las pulseras de impresi\u00f3n t\u00e9rmica directa m\u00e1s suaves disponibles<\/b><\/h4>\n<p>Las pulseras r\u00edgidas pueden causar rasgu\u00f1os en pieles delicadas. Las pulseras Z-Band UltraSoft presentan material de polipropileno flexible con un recubrimiento suave que reduce los rasgu\u00f1os o cortes en pacientes con piel sensible.<\/p>\n<p>&nbsp;<\/p>\n<h4><b>Disponible en formato est\u00e1ndar o con forma de brazalete<\/b><\/h4>\n<p>La nueva versi\u00f3n con forma de brazalete cuenta con una pel\u00edcula portadora removible que permite reducir el tama\u00f1o de la pulsera sin interferir con la superficie que contiene la informaci\u00f3n del paciente, lo cual lo convierte en un modelo m\u00e1s c\u00f3modo para los pacientes.<\/p>\n<p>&nbsp;<\/p>\n<h4><b>Capa antimicrobiana plateada<\/b><\/h4>\n<p>Las pulseras Z-Band presentan una capa antimicrobiana plateada que las protege contra la degradaci\u00f3n.<\/p>\n<p>&nbsp;<\/p>\n<h4><b>Apto para pacientes que tienen que realizarse procedimientos de resonancia magn\u00e9tica<\/b><\/h4>\n<p>La composici\u00f3n qu\u00edmica de la imagen de impresi\u00f3n t\u00e9rmica directa consiste principalmente en reveladores y colorantes leuco. Las tintas y los barnices utilizados son a base de agua y tienen protecci\u00f3n UV. No hay contenido met\u00e1lico dentro ni sobre estas pulseras de identificaci\u00f3n de pacientes en particular. Por lo tanto, las pulseras Z-Band se consideran seguras para procedimientos de resonancia magn\u00e9tica.<\/p>\n<p>&nbsp;<\/p>\n<h4><b>Conf\u00ede en un desempe\u00f1o uniformemente excepcional<\/b><\/h4>\n<p>Un c\u00f3digo de barras que no se lee bien pone en peligro la seguridad de los pacientes y la productividad del personal. Por eso dise\u00f1amos, producimos y probamos rigurosamente nuestra propia l\u00ednea de suministros para impresi\u00f3n t\u00e9rmica, para asegurarnos de lograr un rendimiento uniforme y optimizado. Utilizamos una inspecci\u00f3n de calidad de 23\u00a0puntos con certificaci\u00f3n ISO 9001 para garantizar una calidad uniforme, y nunca intercambiamos materiales. Obtiene una durabilidad \u00f3ptima de la imagen y un excelente rendimiento de escaneo, lo que garantiza legibilidad en la primera lectura, incluso con c\u00f3digos de barras estrechos.<\/p>\n<h4><b>Hasta cuatro veces m\u00e1s duraderas que las pulseras del principal competidor<\/b><\/h4>\n<p>La pulsera es la piedra angular de la seguridad de los pacientes, y puede tener la confianza de que los c\u00f3digos de barra de Z-Band podr\u00e1n seguir escane\u00e1ndose durante m\u00e1s tiempo que la estad\u00eda promedio de los pacientes. El equipo de investigaci\u00f3n y desarrollo de suministros de Zebra puso a prueba la resistencia de las im\u00e1genes de las pulseras Z-Band a las manchas, la abrasi\u00f3n, el alcohol, los limpiadores suaves, los desinfectantes de manos y otras sustancias que generalmente se encuentran en los hospitales. Las pruebas de laboratorio independientes demostraron que las pulseras Z-Band son cuatro veces m\u00e1s resistentes a la acci\u00f3n de los desinfectantes de manos que el competidor l\u00edder.<\/p>\n<p>&nbsp;<\/p>\n","protected":false},"featured_media":8650,"template":"","meta":{"inline_featured_image":false,"_joinchat":[]},"product_cat":[234,238,160,217],"product_tag":[162],"class_list":{"0":"post-8649","1":"product","2":"type-product","3":"status-publish","4":"has-post-thumbnail","6":"product_cat-pulseras","7":"product_cat-healthy-care","8":"product_cat-insumos","9":"product_cat-zebra","10":"product_tag-zebra","12":"first","13":"instock","14":"featured","15":"shipping-taxable","16":"product-type-simple"},"_links":{"self":[{"href":"https:\/\/telectronica.com.uy\/index.php?rest_route=\/wp\/v2\/product\/8649","targetHints":{"allow":["GET"]}}],"collection":[{"href":"https:\/\/telectronica.com.uy\/index.php?rest_route=\/wp\/v2\/product"}],"about":[{"href":"https:\/\/telectronica.com.uy\/index.php?rest_route=\/wp\/v2\/types\/product"}],"wp:featuredmedia":[{"embeddable":true,"href":"https:\/\/telectronica.com.uy\/index.php?rest_route=\/wp\/v2\/media\/8650"}],"wp:attachment":[{"href":"https:\/\/telectronica.com.uy\/index.php?rest_route=%2Fwp%2Fv2%2Fmedia&parent=8649"}],"wp:term":[{"taxonomy":"product_cat","embeddable":true,"href":"https:\/\/telectronica.com.uy\/index.php?rest_route=%2Fwp%2Fv2%2Fproduct_cat&post=8649"},{"taxonomy":"product_tag","embeddable":true,"href":"https:\/\/telectronica.com.uy\/index.php?rest_route=%2Fwp%2Fv2%2Fproduct_tag&post=8649"}],"curies":[{"name":"wp","href":"https:\/\/api.w.org\/{rel}","templated":true}]}}