{"id":8643,"date":"2025-01-29T12:30:32","date_gmt":"2025-01-29T15:30:32","guid":{"rendered":"https:\/\/telectronica.com.uy\/?post_type=product&#038;p=8643"},"modified":"2025-02-19T09:53:31","modified_gmt":"2025-02-19T12:53:31","slug":"lector-de-montaje-zebra-ds457","status":"publish","type":"product","link":"https:\/\/telectronica.com.uy\/?product=lector-de-montaje-zebra-ds457","title":{"rendered":"Lector de montaje ZEBRA DS457"},"content":{"rendered":"<div class=\"cmp-product-summary__intro\">Lector de im\u00e1genes de montaje fijo de pr\u00f3xima generaci\u00f3n.<\/div>\n<div><\/div>\n<div class=\"cmp-product-summary__rte\" role=\"description\">La serie de esc\u00e1neres de montaje fijo DS457 de Zebra ofrece escaneo r\u00e1pido manos libres de grandes vol\u00famenes de pr\u00e1cticamente cualquier c\u00f3digo de barras, incluidos 1D, 2D y marcas de piezas directas (DPM, por sus siglas en ingl\u00e9s). Independientemente del tipo de c\u00f3digo de barras que se presente, ya sea impreso en papel, grabado en un producto, o representado en la pantalla de un tel\u00e9fono m\u00f3vil, la Serie DS457 permite escanear con rapidez y precisi\u00f3n en una superficie diminuta que cabe en los espacios m\u00e1s limitados.<\/div>\n","protected":false},"excerpt":{"rendered":"<p>Permita el escaneado a gran escala y con manos libres desde el POS minorista y la puerta de embarque del aeropuerto hasta la l\u00ednea de producci\u00f3n con el DS457 de Zebra. Con la captura integral de datos, sus empleados pueden escanear casi cualquier c\u00f3digo de barras, incluso 1D, 2D y marcas directas de piezas. Independientemente del tipo de c\u00f3digo de barras que se presente o si est\u00e1 impreso en una etiqueta de papel, grabado en un producto o exhibido en la pantalla de un tel\u00e9fono m\u00f3vil, la revolucionaria tecnolog\u00eda de lectura de im\u00e1genes digitales brinda una velocidad de escaneo extraordinaria. Con su tama\u00f1o diminuto, cabe en la mayor\u00eda de las \u00e1reas con espacio restringido. Los empleados pueden escoger el modo de presentaci\u00f3n o activado con el gatillo y obtener flexibilidad para diversas aplicaciones. Adem\u00e1s, aunque el DS457 puede integrarse en una amplia variedad de productos, su dise\u00f1o elegante tambi\u00e9n es ideal en \u00e1reas de atenci\u00f3n al cliente, como el mostrador de un comercio minorista.<\/p>\n<h4><b>Cabe en los espacios m\u00e1s peque\u00f1os<\/b><\/h4>\n<p>El diminuto DS457 es ideal para cuando no hay espacio o el espacio disponible es m\u00ednimo. Con tan solo 1,15\u00a0in Al x 2,3\u00a0in L x 2,44\u00a0in An (2,92\u00a0cm Al x 5,84\u00a0cm L x 6,2\u00a0cm An), este dispositivo puede montarse casi en cualquier lugar: junto a la caja registradora o debajo del mostrador para no ocupar espacio en absoluto en el sector de cajas, en una celda de fabricaci\u00f3n de espacio limitado o en la puerta de embarque de un aeropuerto.<\/p>\n<p>&nbsp;<\/p>\n<h4><b>Escanee c\u00f3digos de barras pr\u00e1cticamente sobre cualquier superficie, incluso pantallas de tel\u00e9fonos m\u00f3viles<\/b><\/h4>\n<p>Sus clientes est\u00e1n adoptando c\u00f3digos de barras m\u00f3viles con rapidez: versiones electr\u00f3nicas de entradas, pases de abordar y tarjetas de fidelidad que pueden llevarse en el tel\u00e9fono m\u00f3vil. El DS457 lo prepara para los c\u00f3digos de barras de \u00faltima generaci\u00f3n porque puede leer c\u00f3digos de barras en la pantalla de tel\u00e9fonos m\u00f3viles y computadoras, lo que protege la conveniencia de sus clientes, la calidad del servicio al cliente y la productividad de los empleados.<\/p>\n<p>&nbsp;<\/p>\n<h4><b>Vers\u00e1til y f\u00e1cil de integrar<\/b><\/h4>\n<p>El DS457 puede usarse como esc\u00e1ner independiente o integrado en los productos de espacio m\u00e1s limitado para brindar un rendimiento de escaneado de primera clase a las computadoras port\u00e1tiles, esc\u00e1neres de mano, kioscos de autoservicio, instrumentos m\u00e9dicos y de diagn\u00f3stico, terminales de loter\u00eda y mucho m\u00e1s. La integraci\u00f3n en el dise\u00f1o de sus productos es sencilla porque no necesita ingenier\u00eda \u00f3ptica, mec\u00e1nica o el\u00e9ctrica alguna. Y si ya cuenta con un Miniscan de Zebra implementado, la interfaz com\u00fan le permite simplemente cambiar los esc\u00e1neres para mejorar el rendimiento y la calidad de escaneo de manera rentable, sin necesidad de reestructurar ni redise\u00f1ar el \u00e1rea de instalaci\u00f3n.<\/p>\n<h4><b>El mejor rendimiento de su clase con todos los c\u00f3digos de barras<\/b><\/h4>\n<p>Gracias al poderoso procesador de 624\u00a0MHz, la r\u00e1pida velocidad del obturador del sensor y la iluminaci\u00f3n de pulso r\u00e1pido con patente en tr\u00e1mite, usted obtiene un rendimiento impresionante con pr\u00e1cticamente cualquier c\u00f3digo de barras (1D y 2D, adem\u00e1s de marcas directas de piezas) y sus empleados pueden capturar c\u00f3digos de barras tan r\u00e1pido como pueden presentar art\u00edculos para escanear. Nunca tendr\u00e1n que hacer una pausa entre escaneos, lo que protege la productividad y aumenta el rendimiento.<\/p>\n<p>&nbsp;<\/p>\n","protected":false},"featured_media":8644,"template":"","meta":{"inline_featured_image":false,"_joinchat":[]},"product_cat":[232,150,177,217],"product_tag":[162],"class_list":{"0":"post-8643","1":"product","2":"type-product","3":"status-publish","4":"has-post-thumbnail","6":"product_cat-de-montaje","7":"product_cat-lectores","8":"product_cat-fijos-de-mesa","9":"product_cat-zebra","10":"product_tag-zebra","12":"first","13":"instock","14":"featured","15":"shipping-taxable","16":"product-type-simple"},"_links":{"self":[{"href":"https:\/\/telectronica.com.uy\/index.php?rest_route=\/wp\/v2\/product\/8643","targetHints":{"allow":["GET"]}}],"collection":[{"href":"https:\/\/telectronica.com.uy\/index.php?rest_route=\/wp\/v2\/product"}],"about":[{"href":"https:\/\/telectronica.com.uy\/index.php?rest_route=\/wp\/v2\/types\/product"}],"wp:featuredmedia":[{"embeddable":true,"href":"https:\/\/telectronica.com.uy\/index.php?rest_route=\/wp\/v2\/media\/8644"}],"wp:attachment":[{"href":"https:\/\/telectronica.com.uy\/index.php?rest_route=%2Fwp%2Fv2%2Fmedia&parent=8643"}],"wp:term":[{"taxonomy":"product_cat","embeddable":true,"href":"https:\/\/telectronica.com.uy\/index.php?rest_route=%2Fwp%2Fv2%2Fproduct_cat&post=8643"},{"taxonomy":"product_tag","embeddable":true,"href":"https:\/\/telectronica.com.uy\/index.php?rest_route=%2Fwp%2Fv2%2Fproduct_tag&post=8643"}],"curies":[{"name":"wp","href":"https:\/\/api.w.org\/{rel}","templated":true}]}}