{"id":8639,"date":"2025-01-29T12:21:15","date_gmt":"2025-01-29T15:21:15","guid":{"rendered":"https:\/\/telectronica.com.uy\/?post_type=product&#038;p=8639"},"modified":"2025-03-13T16:22:04","modified_gmt":"2025-03-13T19:22:04","slug":"lector-de-montaje-ds55","status":"publish","type":"product","link":"https:\/\/telectronica.com.uy\/?product=lector-de-montaje-ds55","title":{"rendered":"Lector de montaje ZEBRA DS5502"},"content":{"rendered":"<div class=\"cmp-product-summary__intro\">\n<p>Desempe\u00f1o de escaneo comprobado en un dise\u00f1o compacto que cabe en cualquier lugar<\/p>\n<\/div>\n<div class=\"cmp-product-summary__rte\" role=\"description\">\n<p>El lector de im\u00e1genes compacto de montaje fijo DS55 ofrece un rendimiento comprobado de escaneo donde lo necesite: mostradores de retails, kioscos de autoservicio, kioscos de emisi\u00f3n de billetes, puntos de retiro de paquetes sin contacto, estaciones de trabajo para manufactura ligera y mucho m\u00e1s. Este vers\u00e1til esc\u00e1ner ofrece un dise\u00f1o moderno y elegante, de tama\u00f1o compacto, desempe\u00f1o de escaneo de nivel internacional y opciones de montaje flexibles que se adaptan a pr\u00e1cticamente cualquier aplicaci\u00f3n. Adem\u00e1s, puede integrarse f\u00e1cilmente en los kioscos de autoservicio y otros productos.<\/p>\n<\/div>\n","protected":false},"excerpt":{"rendered":"<p>El esc\u00e1ner de montaje fijo compacto DS55 ofrece escaneo de alto desempe\u00f1o donde lo necesite: el mostrador de retails, kioscos de autoservicio y de emisi\u00f3n de billetes, puntos de retiro de paquetes, puertas de embarque y mucho m\u00e1s. El dise\u00f1o vers\u00e1til es apto para aplicaciones independientes e integradas. La Serie DS55 ocupa muy poco espacio y se adapta a los kioscos m\u00e1s peque\u00f1os, mientras que su dise\u00f1o moderno y elegante combina perfectamente con cualquier decoraci\u00f3n. Las opciones de montaje flexibles, incluida la compatibilidad con accesorios de terceros, permiten a la Serie DS55 adaptarse a una amplia gama de aplicaciones. El desempe\u00f1o l\u00edder en la industria de Zebra garantiza un escaneo impecable de alto volumen de cualquier c\u00f3digo de barras 1D y 2D, incluidos los c\u00f3digos de barra m\u00f3viles en los tel\u00e9fonos de los clientes. Adem\u00e1s, Zebra\u00a0DNA garantiza un m\u00e1ximo desempe\u00f1o a\u00f1o tras a\u00f1o y facilita como nunca la integraci\u00f3n, implementaci\u00f3n y administraci\u00f3n de sus esc\u00e1neres.<\/p>\n<h3>Escanee todo, dondequiera que est\u00e9<\/h3>\n<h4><b>Una mejor experiencia de escaneo a todos los usuarios<\/b><\/h4>\n<p>Tanto los empleados con experiencia como los usuarios de autoservicio novatos pueden contar con el escaneo al primer intento, siempre, gracias a la tecnolog\u00eda Intelligent Imaging de Zebra. Un sensor de megap\u00edxeles ofrece una resoluci\u00f3n un 184\u00a0% mayor que el modelo DS457 de la generaci\u00f3n anterior, con un desempe\u00f1o superior en c\u00f3digos de barras da\u00f1ados y mal impresos. La alta velocidad de lectura garantiza que los c\u00f3digos de barras se capturen r\u00e1pidamente a medida que pasan por el campo de visi\u00f3n. El amplio campo de visi\u00f3n omnidireccional hace que el escaneo sea m\u00e1s f\u00e1cil que nunca, puesto que hay menos necesidad de ubicar los c\u00f3digos de barras con cuidado para lograr un escaneo correcto.<\/p>\n","protected":false},"featured_media":8640,"template":"","meta":{"inline_featured_image":false,"_joinchat":[]},"product_cat":[232,236,150,177,217],"product_tag":[162],"class_list":{"0":"post-8639","1":"product","2":"type-product","3":"status-publish","4":"has-post-thumbnail","6":"product_cat-de-montaje","7":"product_cat-micro-qr","8":"product_cat-lectores","9":"product_cat-fijos-de-mesa","10":"product_cat-zebra","11":"product_tag-zebra","13":"first","14":"instock","15":"featured","16":"shipping-taxable","17":"product-type-simple"},"_links":{"self":[{"href":"https:\/\/telectronica.com.uy\/index.php?rest_route=\/wp\/v2\/product\/8639","targetHints":{"allow":["GET"]}}],"collection":[{"href":"https:\/\/telectronica.com.uy\/index.php?rest_route=\/wp\/v2\/product"}],"about":[{"href":"https:\/\/telectronica.com.uy\/index.php?rest_route=\/wp\/v2\/types\/product"}],"wp:featuredmedia":[{"embeddable":true,"href":"https:\/\/telectronica.com.uy\/index.php?rest_route=\/wp\/v2\/media\/8640"}],"wp:attachment":[{"href":"https:\/\/telectronica.com.uy\/index.php?rest_route=%2Fwp%2Fv2%2Fmedia&parent=8639"}],"wp:term":[{"taxonomy":"product_cat","embeddable":true,"href":"https:\/\/telectronica.com.uy\/index.php?rest_route=%2Fwp%2Fv2%2Fproduct_cat&post=8639"},{"taxonomy":"product_tag","embeddable":true,"href":"https:\/\/telectronica.com.uy\/index.php?rest_route=%2Fwp%2Fv2%2Fproduct_tag&post=8639"}],"curies":[{"name":"wp","href":"https:\/\/api.w.org\/{rel}","templated":true}]}}