{"id":8626,"date":"2025-01-29T12:00:24","date_gmt":"2025-01-29T15:00:24","guid":{"rendered":"https:\/\/telectronica.com.uy\/?post_type=product&#038;p=8626"},"modified":"2025-02-19T09:52:35","modified_gmt":"2025-02-19T12:52:35","slug":"lector-con-balanza-mp72","status":"publish","type":"product","link":"https:\/\/telectronica.com.uy\/?product=lector-con-balanza-mp72","title":{"rendered":"Lector con balanza ZEBRA MP72"},"content":{"rendered":"<div class=\"cmp-product-summary__intro\">Redefina la experiencia de pago con la Serie\u00a0MP72: velocidad e innovaci\u00f3n sin precedentes para filas en POS de alto volumen<\/div>\n<div><\/div>\n<div class=\"cmp-product-summary__rte\" role=\"description\">La Serie\u00a0MP72 hace que el escaneo sea algo natural porque ofrece la velocidad de pago m\u00e1s r\u00e1pida hasta el momento con lecturas m\u00e1s r\u00e1pidas y campos de visi\u00f3n hasta dos veces m\u00e1s amplios que otros esc\u00e1neres similares. Gracias a caracter\u00edsticas innovadores, las aplicaciones de visi\u00f3n artificial pueden minimizar las p\u00e9rdidas y los empleados pueden dedicarse a tareas m\u00e1s importantes y proporcionar a los clientes opciones de pago por autoservicio m\u00e1s c\u00f3modas. Disminuya el gasto con implementaciones sencillas, el menor consumo energ\u00e9tico del sector, mayor durabilidad y un dise\u00f1o que se dise\u00f1\u00f3 espec\u00edficamente para facilitar el servicio.<\/div>\n","protected":false},"excerpt":{"rendered":"<p>En una \u00e9poca en la que las opciones de compra son infinitas, los clientes esperan entrar y salir de las tiendas r\u00e1pidamente y poder elegir c\u00f3mo comprar. Establezca un nuevo est\u00e1ndar de practicidad en el pago con el nuevo esc\u00e1ner con balanza MP72.<sup>1<\/sup>\u00a0La Serie MP72, el esc\u00e1ner bi\u00f3ptico m\u00e1s reciente de Zebra, ofrece el desempe\u00f1o m\u00e1s r\u00e1pido de la historia durante el proceso de pago de sus clientes, con excelentes velocidades de escaneo y una facilidad de uso que garantiza que todos los clientes disfruten de una experiencia r\u00e1pida y fluida. Las caracter\u00edsticas innovadoras incluyen una c\u00e1mara a color opcional que permite contar con aplicaciones de visi\u00f3n artificial y ayuda a minimizar p\u00e9rdidas en el inventario, permitiendo optimizar su fuerza de trabajo y proporcionar a los clientes opciones de autocobro pr\u00e1cticas sin perjudicar la rentabilidad. Una inversi\u00f3n inteligente: la Serie MP72 hace que resulte f\u00e1cil y rentable modernizar sus pagos con bajo consumo de energ\u00eda, un mejor tiempo de actividad y una integraci\u00f3n sencilla con su infraestructura ya existente.<\/p>\n<p>Los nuevos avances de hardware y software ofrecen un desempe\u00f1o considerablemente mayor en c\u00f3digos de barras 2D y le ayudan a preparar sus filas de pago para su llegada.<\/p>\n<h4><b>Velocidades de pago m\u00e1ximas con campos de visi\u00f3n hasta dos veces m\u00e1s amplios<\/b><\/h4>\n<p>La Serie MP72 hace que el escaneo sea algo natural gracias a las altas velocidades de deslizamiento y los campos de visi\u00f3n hasta 100\u00a0% m\u00e1s amplios que los de los dem\u00e1s esc\u00e1neres de su clase<sup>2<\/sup>. Hay menos necesidad de colocar cuidadosamente los c\u00f3digos de barras para ser le\u00eddos, lo que proporciona una experiencia m\u00e1s sencilla y \u00e1gil para todos, desde los cajeros con experiencia hasta los clientes que lo usan por primera vez.<\/p>\n<h3>Las caracter\u00edsticas innovadoras en el autocobro impulsan la rentabilidad y reducen las p\u00e9rdidas de inventario<\/h3>\n<h4><b>C\u00e1mara a color* opcional que habilita nuevas aplicaciones de visi\u00f3n<\/b><\/h4>\n<p>Una c\u00e1mara HD a color opcional captura hasta el m\u00e1s m\u00ednimo detalle y allana el camino para nuevas aplicaciones de visi\u00f3n artificial que mejoran la experiencia del cliente y protegen sus resultados financieros. Las aplicaciones de reconocimiento de frutas y verduras pueden ayudar a identificar los productos a fin de optimizar la selecci\u00f3n de art\u00edculos y, as\u00ed, facilitar y agilizar los pagos. Las aplicaciones de prevenci\u00f3n de p\u00e9rdidas pueden identificar transacciones sospechosas y asegurar que se haya escaneado el c\u00f3digo de barras adecuado para el art\u00edculo. Y la presencia del video con transmisi\u00f3n en vivo en las cajas de autocobro puede desalentar el fraude.<\/p>\n<h4><b>Identifique omisiones accidentales y casos en los que no se escanean productos a prop\u00f3sito<\/b><\/h4>\n<p>Con las alertas de evento de no decodificaci\u00f3n de Zebra, puede desarrollar aplicaciones para activar una alerta cuando un art\u00edculo pase por el campo de visi\u00f3n del esc\u00e1ner, pero no se escanee un c\u00f3digo de barras, ya sea por error o a prop\u00f3sito.<\/p>\n<h3>Supere las expectativas con pagos m\u00e1s r\u00e1pidos que nunca<\/h3>\n<h4><b>Excelente rendimiento de escaneo con un l\u00edder de la industria<\/b><\/h4>\n<p>Con el sensor de megap\u00edxeles de alta resoluci\u00f3n y la tecnolog\u00eda PRZM Intelligent Imaging exclusiva de Zebra, la Serie MP72 brinda una velocidad de escaneo y sencillez sin precedentes en casi todos los c\u00f3digos de barras 1D, 2D, GS1 o Digimarc\u00ae, impresos y en dispositivos m\u00f3viles. Los c\u00f3digos de barras mal impresos, da\u00f1ados, arrugados o descoloridos no retrasar\u00e1n los pagos en caja. La iluminaci\u00f3n de compensaci\u00f3n hace que sea a\u00fan m\u00e1s f\u00e1cil escanear c\u00f3digos de barras reflectantes desde los tel\u00e9fonos de sus clientes o sobre empaques brillantes.<\/p>\n<h4><b>Prep\u00e1rese para el futuro con el desempe\u00f1o optimizado para 2D y Digital Link<\/b><\/h4>\n<p>Ante la inminente aparici\u00f3n de los c\u00f3digos de barras 2D con alto contenido de informaci\u00f3n (como GS1 Digital Link) en los puntos de venta (POS, por sus siglas en ingl\u00e9s), sus clientes siguen esperando la experiencia de lectura sencilla de la tecnolog\u00eda 1D.<\/p>\n<p>&nbsp;<\/p>\n","protected":false},"featured_media":8627,"template":"","meta":{"inline_featured_image":false,"_joinchat":[]},"product_cat":[231,150,177,217],"product_tag":[162],"class_list":{"0":"post-8626","1":"product","2":"type-product","3":"status-publish","4":"has-post-thumbnail","6":"product_cat-con-balanza","7":"product_cat-lectores","8":"product_cat-fijos-de-mesa","9":"product_cat-zebra","10":"product_tag-zebra","12":"first","13":"instock","14":"featured","15":"shipping-taxable","16":"product-type-simple"},"_links":{"self":[{"href":"https:\/\/telectronica.com.uy\/index.php?rest_route=\/wp\/v2\/product\/8626","targetHints":{"allow":["GET"]}}],"collection":[{"href":"https:\/\/telectronica.com.uy\/index.php?rest_route=\/wp\/v2\/product"}],"about":[{"href":"https:\/\/telectronica.com.uy\/index.php?rest_route=\/wp\/v2\/types\/product"}],"wp:featuredmedia":[{"embeddable":true,"href":"https:\/\/telectronica.com.uy\/index.php?rest_route=\/wp\/v2\/media\/8627"}],"wp:attachment":[{"href":"https:\/\/telectronica.com.uy\/index.php?rest_route=%2Fwp%2Fv2%2Fmedia&parent=8626"}],"wp:term":[{"taxonomy":"product_cat","embeddable":true,"href":"https:\/\/telectronica.com.uy\/index.php?rest_route=%2Fwp%2Fv2%2Fproduct_cat&post=8626"},{"taxonomy":"product_tag","embeddable":true,"href":"https:\/\/telectronica.com.uy\/index.php?rest_route=%2Fwp%2Fv2%2Fproduct_tag&post=8626"}],"curies":[{"name":"wp","href":"https:\/\/api.w.org\/{rel}","templated":true}]}}