{"id":8619,"date":"2025-01-29T11:46:07","date_gmt":"2025-01-29T14:46:07","guid":{"rendered":"https:\/\/telectronica.com.uy\/?post_type=product&#038;p=8619"},"modified":"2025-03-13T16:23:43","modified_gmt":"2025-03-13T19:23:43","slug":"lector-inalambrico-1d-2d-zebra-8178","status":"publish","type":"product","link":"https:\/\/telectronica.com.uy\/?product=lector-inalambrico-1d-2d-zebra-8178","title":{"rendered":"Lector Inalambrico 1D\/2D ZEBRA 8178"},"content":{"rendered":"<p>El esc\u00e1ner inal\u00e1mbrico DS8178 supera a los lectores de im\u00e1genes convencionales para ofrecer escaneo sin precedentes de casi cualquier c\u00f3digo de barras 1D y 2D; esto permite que las filas de la caja avancen r\u00e1pidamente y que los cajeros brinden una experiencia de pago m\u00e1s personalizada. Pueden intercambiarse dos opciones de alimentaci\u00f3n en cualquier momento, directamente en el sitio, lo que le ofrece la flexibilidad de satisfacer las cambiantes necesidades comerciales y, a la vez, proteger su inversi\u00f3n original.<\/p>\n","protected":false},"excerpt":{"rendered":"<p>El \u00faltimo paso en un proceso de compra es la \u00faltima oportunidad del comercio minorista de causar una buena impresi\u00f3n. Ya sea que los clientes usen el servicio de recogida fuera de la tienda o el pago en la tienda, esperan velocidad y conveniencia. Con el lector de im\u00e1genes de mano Serie DS8100, puede mejorar la experiencia del cliente y ofrecer transacciones fluidas en todos los puntos de contacto (desde las cajas atendidas por cajeros o de autocobro hasta el retiro fuera o dentro de la tienda). La Serie DS8100 se diferencia de los lectores de im\u00e1genes convencionales porque ofrece un rendimiento de escaneo sin precedentes para que los cajeros y clientes que optan por el autocobro puedan escanear f\u00e1cilmente cualquier c\u00f3digo de barras al primer intento, siempre. Usted recibe una amplia variedad de innovaciones, incluyendo fuentes de alimentaci\u00f3n intercambiables (una bater\u00eda PowerPrecision+ y un capacitor PowerCap<sup>TM<\/sup>\u00a0<sup>1<\/sup>). Y cada lector de im\u00e1genes Serie DS8100 est\u00e1 dise\u00f1ado con DataCapture, el exclusivo ecosistema de software de Zebra, que simplifica cada etapa de la experiencia de escaneo durante la vida \u00fatil de su dispositivo. Mantenga las filas de pago en movimiento con la Serie DS8100, lo mejor en innovaci\u00f3n y rendimiento de escaneo de mano.<\/p>\n<h4><b>Alcance de escaneo superior<\/b><\/h4>\n<p>Un alcance de escaneo de hasta 24\u00a0in\/61\u00a0cm, un sensor de lectura de im\u00e1genes de alta resoluci\u00f3n y un \u201cpunto de enfoque\u201d brillante mejoran la velocidad del proceso de pago. Ahora, los cajeros en entornos de pago muy ajetreados pueden escanear f\u00e1cilmente los art\u00edculos en el carrito de un cliente sin abandonar la caja.<\/p>\n<h3>\nInnovaci\u00f3n que trasciende los c\u00f3digos de barras<\/h3>\n<p>&nbsp;<\/p>\n<h4><b>Opciones de alimentaci\u00f3n intercambiables que reducen su riesgo de inversi\u00f3n<\/b><\/h4>\n<p>Dos opciones de fuente de alimentaci\u00f3n intercambiable se encuentran disponibles para su dispositivo: una bater\u00eda PowerPrecision+ o un capacitor PowerCap. Puede intercambiar las opciones de alimentaci\u00f3n en cualquier momento en todos los modelos, directamente en el sitio; no es necesario comprar por separado dispositivos con y sin bater\u00eda. Y administrar las fuentes de alimentaci\u00f3n es muy f\u00e1cil. Gracias a que la bater\u00eda PowerPrecision+ y el capacitor PowerCap pueden informar sus n\u00fameros de serie y modelo, siempre sabr\u00e1 que fuente de alimentaci\u00f3n est\u00e1 en cada esc\u00e1ner.<\/p>\n<p>Con una sola carga, la bater\u00eda PowerPrecision+ de avanzada le brinda m\u00e1s de tres d\u00edas seguidos de escaneo continuo, y una variedad de m\u00e9tricas para una mejor administraci\u00f3n de la bater\u00eda.<\/p>\n<p>El capacitor PowerCap es ideal en los casos en los que el esc\u00e1ner puede insertarse en una base de carga cuando no est\u00e1 en uso. El PowerCap, el capacitor m\u00e1s grande en su categor\u00eda, ofrece 2000\u00a0escaneos con una carga completa, y 100\u00a0escaneos despu\u00e9s de tan solo 35\u00a0segundos en la base de carga; ambas m\u00e9tricas cuadruplican las de la competencia.<\/p>\n<h3>Desempe\u00f1o sin precedentes<\/h3>\n<p>&nbsp;<\/p>\n<h4><b>Rendimiento sin igual con pr\u00e1cticamente todos los c\u00f3digos de barras en cualquier condici\u00f3n<\/b><\/h4>\n<p>Solo la Serie DS8100 combina el poder de un microprocesador de 800\u00a0MHz, un sensor de alta resoluci\u00f3n y la exclusiva tecnolog\u00eda PRZM Intelligent Imaging de Zebra. Con esta combinaci\u00f3n \u00fanica de hardware y algoritmos avanzados, la Series DS8100 capta al instante los c\u00f3digos de barras m\u00e1s problem\u00e1ticos, incluso los que est\u00e1n compactados, mal impresos, arrugados, descoloridos, distorsionados, sucios o da\u00f1ados, as\u00ed como c\u00f3digos de barras electr\u00f3nicos en pantallas con poco brillo.<\/p>\n<p>&nbsp;<\/p>\n","protected":false},"featured_media":8620,"template":"","meta":{"inline_featured_image":false,"_joinchat":[]},"product_cat":[236,150,151,197,217],"product_tag":[162],"class_list":{"0":"post-8619","1":"product","2":"type-product","3":"status-publish","4":"has-post-thumbnail","6":"product_cat-micro-qr","7":"product_cat-lectores","8":"product_cat-de-uso-general","9":"product_cat-inalambrico","10":"product_cat-zebra","11":"product_tag-zebra","13":"first","14":"instock","15":"featured","16":"shipping-taxable","17":"product-type-simple"},"_links":{"self":[{"href":"https:\/\/telectronica.com.uy\/index.php?rest_route=\/wp\/v2\/product\/8619","targetHints":{"allow":["GET"]}}],"collection":[{"href":"https:\/\/telectronica.com.uy\/index.php?rest_route=\/wp\/v2\/product"}],"about":[{"href":"https:\/\/telectronica.com.uy\/index.php?rest_route=\/wp\/v2\/types\/product"}],"wp:featuredmedia":[{"embeddable":true,"href":"https:\/\/telectronica.com.uy\/index.php?rest_route=\/wp\/v2\/media\/8620"}],"wp:attachment":[{"href":"https:\/\/telectronica.com.uy\/index.php?rest_route=%2Fwp%2Fv2%2Fmedia&parent=8619"}],"wp:term":[{"taxonomy":"product_cat","embeddable":true,"href":"https:\/\/telectronica.com.uy\/index.php?rest_route=%2Fwp%2Fv2%2Fproduct_cat&post=8619"},{"taxonomy":"product_tag","embeddable":true,"href":"https:\/\/telectronica.com.uy\/index.php?rest_route=%2Fwp%2Fv2%2Fproduct_tag&post=8619"}],"curies":[{"name":"wp","href":"https:\/\/api.w.org\/{rel}","templated":true}]}}