{"id":8610,"date":"2025-01-29T11:36:36","date_gmt":"2025-01-29T14:36:36","guid":{"rendered":"https:\/\/telectronica.com.uy\/?post_type=product&#038;p=8610"},"modified":"2025-02-19T09:57:54","modified_gmt":"2025-02-19T12:57:54","slug":"lector-inalambrico-1d-2d-zebra-cs60","status":"publish","type":"product","link":"https:\/\/telectronica.com.uy\/?product=lector-inalambrico-1d-2d-zebra-cs60","title":{"rendered":"Lector Inalambrico 1D\/2D ZEBRA CS60"},"content":{"rendered":"<p>\u00bfNecesita un esc\u00e1ner inal\u00e1mbrico para el inventario en los pasillos y un esc\u00e1ner manos libres cableado en las cajas registradoras? \u00bfY si no tuviera que implementar diferentes esc\u00e1neres para diferentes tareas? Presentamos el esc\u00e1ner complementario Series\u00a0CS60, con un dise\u00f1o innovador que se convierte f\u00e1cilmente para un funcionamiento inal\u00e1mbrico o cableado, de mano o manos libres, a medida que sus necesidades cambian. Como esc\u00e1ner inal\u00e1mbrico, el CS60 es tan peque\u00f1o que entra en el bolsillo y ofrece la \u00faltima tecnolog\u00eda m\u00f3vil, incluyendo la carga sin contacto. Como esc\u00e1ner cableado, el CS60 ofrece un escaneo compacto para los mostradores de cajas, kioscos de autoservicio y mucho m\u00e1s. Ya sea que adquiera el modelo inal\u00e1mbrico o cableado primero, puede cambiar los modos en cualquier momento para proteger su inversi\u00f3n. Adem\u00e1s, obtiene todo el rendimiento de escaneo de Zebra, el mejor del sector, y nuestras exclusivas herramientas de administraci\u00f3n de DataCapture DNA<sup>TM<\/sup>,\u00a0las m\u00e1s elegidas de la industria, que facilitan m\u00e1s que nunca la integraci\u00f3n, la implementaci\u00f3n y la administraci\u00f3n de esc\u00e1neres.<\/p>\n<p>Agregue el soporte de presentaci\u00f3n opcional a un esc\u00e1ner cableado para alternar autom\u00e1ticamente entre los modos manos libres y de mano. La versatilidad sin igual de los esc\u00e1neres CS60 reduce el riesgo de inversi\u00f3n, ya que se adaptan f\u00e1cilmente a las nuevas necesidades de flujo de trabajo o pueden reimplementarse en otra aplicaci\u00f3n.<\/p>\n","protected":false},"excerpt":{"rendered":"<h4><b>Rendimiento de escaneo comprobado en el que puede confiar<\/b><\/h4>\n<p>Un sensor de megap\u00edxeles de alta resoluci\u00f3n y la tecnolog\u00eda PRZM Intelligent Imaging exclusiva de Zebra brinda un rendimiento incomparable en los c\u00f3digos de barras m\u00e1s dif\u00edciles, incluyendo c\u00f3digos de barras mal impresos, da\u00f1ados, sucios, arrugados, con bajo contraste, brillosos y electr\u00f3nicos en pantallas de tel\u00e9fonos m\u00f3viles con poco brillo. El CS60 cuenta con la calidad y la fiabilidad de Zebra reconocidas a nivel mundial.<\/p>\n<p>&nbsp;<\/p>\n<h4><b>Realice varias tareas en simult\u00e1neo y sin esfuerzo con un segundo bot\u00f3n programable<\/b><\/h4>\n<p>Sus trabajadores pueden escanear en el punto de venta y, en un minuto, hacer tareas de inventario. Por eso el CS60 tiene un segundo bot\u00f3n programable que puede usarse para alternar al instante entre las dos aplicaciones. Al presionar r\u00e1pidamente el bot\u00f3n, los trabajadores pueden enviar datos a la aplicaci\u00f3n correcta en el formato y orden adecuados.<\/p>\n<p>&nbsp;<\/p>\n<h4><b>Estructura sin uniones f\u00e1cil de limpiar<\/b><\/h4>\n<p>El esc\u00e1ner cuenta con un dise\u00f1o monocasco, botones t\u00e1ctiles de detecci\u00f3n inductiva, carga sin contacto, y una superficie sin ranuras f\u00e1cil de limpiar y de mantener limpia turno tras turno.<\/p>\n<h3>Se adapta a cualquier flujo de trabajo<\/h3>\n<h4><b>El primer dise\u00f1o convertible en su clase<\/b><\/h4>\n<p>\u00bfNecesita un esc\u00e1ner complementario inal\u00e1mbrico junto con una base o un dispositivo m\u00f3vil, un esc\u00e1ner de presentaci\u00f3n de mano cableado o manos libres conectado a las cajas? Gracias al CS60, no tendr\u00e1 que elegir. Simplemente intercambie el convertidor USB en cualquier momento para cambiar de escaneo cableado a inal\u00e1mbrico.<\/p>\n","protected":false},"featured_media":8611,"template":"","meta":{"inline_featured_image":false,"_joinchat":[]},"product_cat":[150,151,197,217],"product_tag":[162],"class_list":{"0":"post-8610","1":"product","2":"type-product","3":"status-publish","4":"has-post-thumbnail","6":"product_cat-lectores","7":"product_cat-de-uso-general","8":"product_cat-inalambrico","9":"product_cat-zebra","10":"product_tag-zebra","12":"first","13":"instock","14":"featured","15":"shipping-taxable","16":"product-type-simple"},"_links":{"self":[{"href":"https:\/\/telectronica.com.uy\/index.php?rest_route=\/wp\/v2\/product\/8610","targetHints":{"allow":["GET"]}}],"collection":[{"href":"https:\/\/telectronica.com.uy\/index.php?rest_route=\/wp\/v2\/product"}],"about":[{"href":"https:\/\/telectronica.com.uy\/index.php?rest_route=\/wp\/v2\/types\/product"}],"wp:featuredmedia":[{"embeddable":true,"href":"https:\/\/telectronica.com.uy\/index.php?rest_route=\/wp\/v2\/media\/8611"}],"wp:attachment":[{"href":"https:\/\/telectronica.com.uy\/index.php?rest_route=%2Fwp%2Fv2%2Fmedia&parent=8610"}],"wp:term":[{"taxonomy":"product_cat","embeddable":true,"href":"https:\/\/telectronica.com.uy\/index.php?rest_route=%2Fwp%2Fv2%2Fproduct_cat&post=8610"},{"taxonomy":"product_tag","embeddable":true,"href":"https:\/\/telectronica.com.uy\/index.php?rest_route=%2Fwp%2Fv2%2Fproduct_tag&post=8610"}],"curies":[{"name":"wp","href":"https:\/\/api.w.org\/{rel}","templated":true}]}}