{"id":8605,"date":"2025-01-29T11:11:19","date_gmt":"2025-01-29T14:11:19","guid":{"rendered":"https:\/\/telectronica.com.uy\/?post_type=product&#038;p=8605"},"modified":"2025-01-29T11:23:40","modified_gmt":"2025-01-29T14:23:40","slug":"lector-inalambrico-1d-2d-zebra-ds2278","status":"publish","type":"product","link":"https:\/\/telectronica.com.uy\/?product=lector-inalambrico-1d-2d-zebra-ds2278","title":{"rendered":"Lector inalambrico 1D\/2D ZEBRA DS2278"},"content":{"rendered":"<p>Dise\u00f1ado para aplicaciones de punto de venta (POS), el esc\u00e1ner de mano Zebra DS2278-SR es un generador de im\u00e1genes inal\u00e1mbrico que agrega todos los beneficios de las im\u00e1genes 2D a un precio excepcional.\u00a0F\u00e1cil de implementar y administrar, el DS2278-SR viene preconfigurado y listo para usar nada m\u00e1s sacarlo de la caja.\u00a0Simplemente conecte el esc\u00e1ner DS2278-SR a su POS y los cables de detecci\u00f3n de host autom\u00e1tico de Zebra identificar\u00e1n autom\u00e1ticamente la interfaz y conectar\u00e1n la c\u00e1mara por usted.\u00a0Equipado con la herramienta de software gratuita 123Scan de Zebra,\u00a0\u00a0los usuarios primerizos pueden crear f\u00e1cilmente un \u00fanico c\u00f3digo de barras de programaci\u00f3n.\u00a0Esta interfaz guiada por asistente facilita la integraci\u00f3n de todas las configuraciones en un solo c\u00f3digo de barras de programaci\u00f3n, lo que le permite configurar sus dispositivos con un solo escaneo.\u00a0Con energ\u00eda de bater\u00eda garantizada durante todo el turno, el DS2278-SR viene est\u00e1ndar con escaneo de apuntar y disparar y tecnolog\u00eda de apuntador intuitivo pendiente de patente, lo que lo convierte en una soluci\u00f3n ideal para aplicaciones minoristas, hoteleras, de transporte, log\u00edsticas, de fabricaci\u00f3n y gubernamentales.<\/p>\n","protected":false},"excerpt":{"rendered":"<p>El esc\u00e1ner de mano inal\u00e1mbrico Zebra DS2278-SR proporciona un escaneo intuitivo para mantener los carriles de POS en movimiento sin problemas y r\u00e1pidamente.<\/p>\n<p>Equipado con los algoritmos de decodificaci\u00f3n del software PRSM de Zebra, el DS2278-SR ofrece un rendimiento superior en c\u00f3digos de barras de mala calidad. El resultado es un escaneo siempre a la primera para ayudar a los trabajadores a mejorar la productividad en el mostrador de pago.<\/p>\n<ul>\n<li>Cargado con funciones para garantizar la captura de c\u00f3digos de barras a la primera y siempre sin necesidad de capacitaci\u00f3n.<\/li>\n<li>La mejor funcionalidad de su clase a un precio asequible.<\/li>\n<li>Lector de im\u00e1genes inal\u00e1mbrico que lee c\u00f3digos de barras 1D y 2D de pantallas electr\u00f3nicas y en papel omnidireccionalmente.<\/li>\n<li>Solo necesita 4 horas de tiempo de carga para durar un turno de 14 horas; no se necesitan interrupciones a mitad de turno.<\/li>\n<li>Los algoritmos de decodificaci\u00f3n del software PRZM de Zebra ofrecen un rendimiento superior en c\u00f3digos de barras de baja calidad.<\/li>\n<li>La innovadora l\u00ednea de punter\u00eda gu\u00eda a los usuarios para escanear a la distancia ideal del c\u00f3digo de barras.<\/li>\n<li>Preconfigurado y listo para usar, nada m\u00e1s sacarlo de la caja.<\/li>\n<li>Auto-host detecta cables que identifican autom\u00e1ticamente la interfaz y conectan la c\u00e1mara.<\/li>\n<li>F\u00e1cil integraci\u00f3n con un POS basado en tableta.<\/li>\n<li>Con m\u00e1s de 90 teclados internacionales, el DS2278 es f\u00e1cil de implementar en todo el mundo.<\/li>\n<li>Personalice f\u00e1cilmente la configuraci\u00f3n con 123Scan.<\/li>\n<li>El modo Wi-Fi Friendly exclusivo de Zebra elimina las interferencias en los canales de Wi-Fi seleccionados.<\/li>\n<li>Scanner Management Service permite la gesti\u00f3n remota de los esc\u00e1neres Zebra.<\/li>\n<li>La aplicaci\u00f3n Scanner Control le permite hacer una demostraci\u00f3n de los esc\u00e1neres desde un tel\u00e9fono\/tableta y proporciona el c\u00f3digo fuente para crear aplicaciones de usuario final.<\/li>\n<li>Compatible con versiones anteriores de cables de la serie Zebra LS2208.<\/li>\n<li>Aplicaciones comunes: transporte, comercio minorista y hosteler\u00eda.<\/li>\n<\/ul>\n","protected":false},"featured_media":8606,"template":"","meta":{"inline_featured_image":false,"_joinchat":[]},"product_cat":[150,151,197,217],"product_tag":[162],"class_list":{"0":"post-8605","1":"product","2":"type-product","3":"status-publish","4":"has-post-thumbnail","6":"product_cat-lectores","7":"product_cat-de-uso-general","8":"product_cat-inalambrico","9":"product_cat-zebra","10":"product_tag-zebra","12":"first","13":"instock","14":"featured","15":"shipping-taxable","16":"product-type-simple"},"_links":{"self":[{"href":"https:\/\/telectronica.com.uy\/index.php?rest_route=\/wp\/v2\/product\/8605","targetHints":{"allow":["GET"]}}],"collection":[{"href":"https:\/\/telectronica.com.uy\/index.php?rest_route=\/wp\/v2\/product"}],"about":[{"href":"https:\/\/telectronica.com.uy\/index.php?rest_route=\/wp\/v2\/types\/product"}],"wp:featuredmedia":[{"embeddable":true,"href":"https:\/\/telectronica.com.uy\/index.php?rest_route=\/wp\/v2\/media\/8606"}],"wp:attachment":[{"href":"https:\/\/telectronica.com.uy\/index.php?rest_route=%2Fwp%2Fv2%2Fmedia&parent=8605"}],"wp:term":[{"taxonomy":"product_cat","embeddable":true,"href":"https:\/\/telectronica.com.uy\/index.php?rest_route=%2Fwp%2Fv2%2Fproduct_cat&post=8605"},{"taxonomy":"product_tag","embeddable":true,"href":"https:\/\/telectronica.com.uy\/index.php?rest_route=%2Fwp%2Fv2%2Fproduct_tag&post=8605"}],"curies":[{"name":"wp","href":"https:\/\/api.w.org\/{rel}","templated":true}]}}