{"id":8490,"date":"2024-11-04T12:39:48","date_gmt":"2024-11-04T15:39:48","guid":{"rendered":"https:\/\/telectronica.com.uy\/?post_type=product&#038;p=8490"},"modified":"2025-05-13T17:16:29","modified_gmt":"2025-05-13T20:16:29","slug":"lector-de-precios-zebra-cc600","status":"publish","type":"product","link":"https:\/\/telectronica.com.uy\/?product=lector-de-precios-zebra-cc600","title":{"rendered":"Chequeador de precios ZEBRA CC600"},"content":{"rendered":"<h4><b><span>Android para familiaridad instant\u00e1nea<\/span><\/b><\/h4>\n<p><span>El CC600 incorpora la misma interfaz Android que sus clientes conocen y adoran a los quioscos de autoservicio en los pasillos de su tienda. Con los gestos est\u00e1ndar de Android, como deslizar, desplazar, pellizcar y hacer zoom, pr\u00e1cticamente no hay curva de aprendizaje: si sus clientes pueden usar un tel\u00e9fono m\u00f3vil, pueden usar el CC600.<\/span><\/p>\n<h4><b><span>Escaneo de c\u00f3digos de barras f\u00e1cil la primera vez y siempre<\/span><\/b><\/h4>\n<p><span>El CC600 ofrece el rendimiento confiable y de primera clase que ha convertido a Zebra en el l\u00edder mundial en la industria del escaneo de c\u00f3digos de barras. Obtendr\u00e1 un escaneo r\u00e1pido tanto de c\u00f3digos de barras impresos como m\u00f3viles. Adem\u00e1s, nuestros avanzados algoritmos de decodificaci\u00f3n garantizan la captura a la primera, incluso de c\u00f3digos de barras da\u00f1ados o mal impresos. Ya sea que su cliente escanee el c\u00f3digo de barras de un art\u00edculo para consultar el precio o una tarjeta de fidelizaci\u00f3n electr\u00f3nica en su tel\u00e9fono m\u00f3vil para acceder a una oferta personalizada, puede estar seguro de un escaneo exitoso a la primera, siempre.<\/span><\/p>\n<h4><b><span>Ayuda instant\u00e1nea con micr\u00f3fono y altavoz integrados<\/span><\/b><\/h4>\n<p><span>Pedir ayuda es sencillo con el CC600. Gracias a su micr\u00f3fono y altavoz integrados, adem\u00e1s de la funci\u00f3n \u00abpulsar para hablar\u00bb, los compradores pueden contactar f\u00e1cilmente con un asistente en vivo o virtual para obtener ayuda. La tecnolog\u00eda de voz avanzada garantiza comunicaciones n\u00edtidas y claras, sin importar el ruido ambiental. Adem\u00e1s, puede redirigir las llamadas a los empleados de la tienda o a expertos en otra ubicaci\u00f3n para brindar el mejor servicio posible en cualquier situaci\u00f3n.<\/span><\/p>\n<h4><b><span>La plataforma m\u00e1s potente de su clase<\/span><\/b><\/h4>\n<p><span>El procesador ultrapotente y la pantalla multit\u00e1ctil de alta definici\u00f3n ofrecen una experiencia superior para cualquier aplicaci\u00f3n de autoservicio, incluidas las aplicaciones interactivas y multimedia m\u00e1s exigentes. Los usuarios disfrutan de los gr\u00e1ficos n\u00edtidos, la animaci\u00f3n fluida y las respuestas instant\u00e1neas que esperan de un dispositivo moderno. Adem\u00e1s, disfruta de una plataforma de vanguardia basada en Android con compatibilidad integrada con futuras versiones de Android.<\/span><\/p>\n<p>&nbsp;<\/p>\n<p>&nbsp;<\/p>\n","protected":false},"excerpt":{"rendered":"<h2 class=\"cmp-title__text\"><span>Autoservicio compacto, asequible y con tecnolog\u00eda Android&#x2122;.<\/span><\/h2>\n<p><span>Lleve la experiencia de compra a un nuevo nivel de comodidad, rapidez y satisfacci\u00f3n del cliente con el CC600 Customer Concierge. Basado en la \u00faltima plataforma Android\u00a0<\/span><sup><span>&#x2122;<\/span><\/sup><span>\u00a0, el CC600 ofrece a sus clientes una experiencia de compra fluida y familiar, a la vez que ofrece seguridad garantizada y una larga vida \u00fatil en la que puede confiar. Este elegante y asequible quiosco de 5 pulgadas es f\u00e1cil de instalar, lo que le permite integrar el poder del autoservicio en cada pasillo o departamento: sin importar en qu\u00e9 parte de la tienda se encuentren sus clientes, la ayuda siempre est\u00e1 a un paso. Con el CC600, los compradores pueden registrarse para recoger un pedido, buscar un producto o precios, consultar informaci\u00f3n, llamar a un vendedor, obtener ofertas personalizadas, realizar una compra y mucho m\u00e1s. Y gracias al enfoque de plataforma de Zebra y al potente conjunto de soluciones empresariales Mobility DNA\u00a0<\/span><sup><span>&#x2122;<\/span><\/sup><span>\u00a0, puede migrar f\u00e1cilmente sus antiguos quioscos de autoservicio a la plataforma Android de nueva generaci\u00f3n. El CC600 Customer Concierge: integre el poder de Android en sus quioscos de autoservicio.<\/span><\/p>\n","protected":false},"featured_media":8491,"template":"","meta":{"inline_featured_image":false,"_joinchat":[]},"product_cat":[150,177,217],"product_tag":[162],"class_list":{"0":"post-8490","1":"product","2":"type-product","3":"status-publish","4":"has-post-thumbnail","6":"product_cat-lectores","7":"product_cat-fijos-de-mesa","8":"product_cat-zebra","9":"product_tag-zebra","11":"first","12":"instock","13":"featured","14":"shipping-taxable","15":"product-type-simple"},"_links":{"self":[{"href":"https:\/\/telectronica.com.uy\/index.php?rest_route=\/wp\/v2\/product\/8490","targetHints":{"allow":["GET"]}}],"collection":[{"href":"https:\/\/telectronica.com.uy\/index.php?rest_route=\/wp\/v2\/product"}],"about":[{"href":"https:\/\/telectronica.com.uy\/index.php?rest_route=\/wp\/v2\/types\/product"}],"wp:featuredmedia":[{"embeddable":true,"href":"https:\/\/telectronica.com.uy\/index.php?rest_route=\/wp\/v2\/media\/8491"}],"wp:attachment":[{"href":"https:\/\/telectronica.com.uy\/index.php?rest_route=%2Fwp%2Fv2%2Fmedia&parent=8490"}],"wp:term":[{"taxonomy":"product_cat","embeddable":true,"href":"https:\/\/telectronica.com.uy\/index.php?rest_route=%2Fwp%2Fv2%2Fproduct_cat&post=8490"},{"taxonomy":"product_tag","embeddable":true,"href":"https:\/\/telectronica.com.uy\/index.php?rest_route=%2Fwp%2Fv2%2Fproduct_tag&post=8490"}],"curies":[{"name":"wp","href":"https:\/\/api.w.org\/{rel}","templated":true}]}}