{"id":8485,"date":"2024-11-04T12:35:47","date_gmt":"2024-11-04T15:35:47","guid":{"rendered":"https:\/\/telectronica.com.uy\/?post_type=product&#038;p=8485"},"modified":"2025-03-13T16:22:22","modified_gmt":"2025-03-13T19:22:22","slug":"lector-de-codigos-de-barra-zebra-ds9908","status":"publish","type":"product","link":"https:\/\/telectronica.com.uy\/?product=lector-de-codigos-de-barra-zebra-ds9908","title":{"rendered":"Lector 1D\/2D ZEBRA DS9908"},"content":{"rendered":"<p>El punto de venta es su \u00faltima oportunidad para causar una buena impresi\u00f3n. Con el lector Series DS9900, puede darles a los compradores la experiencia de pago que esperan: filas cortas, una operaci\u00f3n r\u00e1pida y un servicio cordial. El exclusivo dise\u00f1o h\u00edbrido brinda m\u00e1xima flexibilidad y ofrece escaneo de mano y manos libres. En tanto otros productos son esc\u00e1neres de mano actualizados con una base, el galardonado equipo de dise\u00f1o industrial de Zebra cre\u00f3 el lector Series DS9900 desde cero para uso de mano y manos libres. Aproveche la tecnolog\u00eda de escaneo l\u00edder en la industria de Zebra, el cambio fluido entre modos y la facilidad de uso superior, adem\u00e1s de una amplia variedad de caracter\u00edsticas innovadoras que impulsan la productividad. Un modelo con RFID combina un esc\u00e1ner de c\u00f3digos de barras y lector de RFID para ampliar los beneficios de la RFID en su punto de venta. Mejore procesos en cajas registradoras con el lector de im\u00e1genes de presentaci\u00f3n h\u00edbrido Series DS9900: lo \u00faltimo en rendimiento y dise\u00f1o.<\/p>\n<h4><b>Escaneo r\u00e1pido para mantener las filas en movimiento<\/b><\/h4>\n<p>Gracias al campo visual m\u00e1s amplio de su clase y un sistema de iluminaci\u00f3n avanzado, el lector Series\u00a0DS9900 permite capturar casi al instante el c\u00f3digo de barras que necesita para mantener las filas en movimiento. Obtiene una de las mejores velocidades de lectura en la primera pasada de la industria: hasta 240\u00a0in\/610\u00a0cm por segundo. Un gran campo visual simplifica el escaneo y permite a los empleados concentrarse en los compradores y no en la ubicaci\u00f3n de los art\u00edculos.<\/p>\n<p>&nbsp;<\/p>\n<h4><b>Implemente RFID en su punto de venta<\/b><\/h4>\n<p>Si ya cuenta con los beneficios de RFID en su cadena de suministro, puede cerrar el ciclo de RFID al capturar mercanc\u00edas con etiquetas RFID en los puntos de venta usando el modelo con RFID. Los pagos son m\u00e1s sencillos que nunca, dado que los empleados pueden escanear varios art\u00edculos a la vez, sin una l\u00ednea de visi\u00f3n. La captura de etiquetas RFID hace posible la visibilidad de inventario en tiempo real que se necesita para el reabastecimiento oportuno y el an\u00e1lisis de tendencias. El lector funciona con solo 5\u00a0V\u00a0CC y no requiere suministro el\u00e9ctrico externo. El software de conversi\u00f3n de datos de RFID de cortes\u00eda le permite leer etiquetas RFID sin modificar su aplicaci\u00f3n de punto de venta.<\/p>\n<h3>\nDise\u00f1ado espec\u00edficamente para escaneo h\u00edbrido<\/h3>\n<p>&nbsp;<\/p>\n<h4><b>Cambio din\u00e1mico entre el modo de mano y manos libres<\/b><\/h4>\n<p>Un aceler\u00f3metro y sensor t\u00e1ctil capacitivo con patente en tr\u00e1mite trabajan juntos para cambiar al instante al modo de mano apenas el empleado toma el esc\u00e1ner. No tiene componentes mec\u00e1nicos que se desgastan, lo cual brinda un cambio a prueba de fallas durante toda la vida \u00fatil del esc\u00e1ner.<\/p>\n","protected":false},"excerpt":{"rendered":"<h3>Mejor rendimiento en la industria<\/h3>\n<p>&nbsp;<\/p>\n<h4><b>Escanee todo con m\u00ednimas excepciones<\/b><\/h4>\n<p>El lector Series\u00a0DS9900 combina un microprocesador de 800\u00a0MHz, un sensor de megap\u00edxeles de alta resoluci\u00f3n y la exclusiva tecnolog\u00eda PRZM Intelligent Imaging de Zebra que le brindan un rendimiento inigualable en c\u00f3digos de barras 1D, 2D y Digimarc\u00ae. Los c\u00f3digos de barras problem\u00e1ticos no ralentizar\u00e1n sus filas de pago. El lector Series\u00a0DS9900 capta al instante los c\u00f3digos de barras mal impresos, da\u00f1ados, arrugados, deste\u00f1idos, distorsionados, con bajo contraste y brillantes, adem\u00e1s de los c\u00f3digos de barras electr\u00f3nicos en pantallas de tel\u00e9fonos inteligentes con poco brillo.<\/p>\n","protected":false},"featured_media":8486,"template":"","meta":{"inline_featured_image":false,"_joinchat":[]},"product_cat":[236,150,151,201,217],"product_tag":[162],"class_list":{"0":"post-8485","1":"product","2":"type-product","3":"status-publish","4":"has-post-thumbnail","6":"product_cat-micro-qr","7":"product_cat-lectores","8":"product_cat-de-uso-general","9":"product_cat-cableado","10":"product_cat-zebra","11":"product_tag-zebra","13":"first","14":"instock","15":"featured","16":"shipping-taxable","17":"product-type-simple"},"_links":{"self":[{"href":"https:\/\/telectronica.com.uy\/index.php?rest_route=\/wp\/v2\/product\/8485","targetHints":{"allow":["GET"]}}],"collection":[{"href":"https:\/\/telectronica.com.uy\/index.php?rest_route=\/wp\/v2\/product"}],"about":[{"href":"https:\/\/telectronica.com.uy\/index.php?rest_route=\/wp\/v2\/types\/product"}],"wp:featuredmedia":[{"embeddable":true,"href":"https:\/\/telectronica.com.uy\/index.php?rest_route=\/wp\/v2\/media\/8486"}],"wp:attachment":[{"href":"https:\/\/telectronica.com.uy\/index.php?rest_route=%2Fwp%2Fv2%2Fmedia&parent=8485"}],"wp:term":[{"taxonomy":"product_cat","embeddable":true,"href":"https:\/\/telectronica.com.uy\/index.php?rest_route=%2Fwp%2Fv2%2Fproduct_cat&post=8485"},{"taxonomy":"product_tag","embeddable":true,"href":"https:\/\/telectronica.com.uy\/index.php?rest_route=%2Fwp%2Fv2%2Fproduct_tag&post=8485"}],"curies":[{"name":"wp","href":"https:\/\/api.w.org\/{rel}","templated":true}]}}