{"id":8483,"date":"2024-11-04T12:30:50","date_gmt":"2024-11-04T15:30:50","guid":{"rendered":"https:\/\/telectronica.com.uy\/?post_type=product&#038;p=8483"},"modified":"2025-02-19T09:58:18","modified_gmt":"2025-02-19T12:58:18","slug":"colector-de-datos-de-montaje-vehicular-vc8300","status":"publish","type":"product","link":"https:\/\/telectronica.com.uy\/?product=colector-de-datos-de-montaje-vehicular-vc8300","title":{"rendered":"Colector montaje vehicular ZEBRA VC8300"},"content":{"rendered":"<p>Debido a que el ciclo de las computadoras m\u00f3viles para montaje vehicular con sistema Windows est\u00e1 terminando y el soporte para los dispositivos m\u00f3viles con Windows pronto caducar\u00e1, usted est\u00e1 listo para migrar a Android<sup>TM<\/sup>. Usted necesita un dispositivo resistente que simplifique, facilite y permita la migraci\u00f3n y la gesti\u00f3n del dispositivo de forma asequible. Obtenga todo eso con la VC8300. La VC8300, dise\u00f1ada para los entornos m\u00e1s extremos, puede ir a todo lugar donde deban ir los operadores de sus veh\u00edculos: adentro del almac\u00e9n, al centro de clasificaci\u00f3n, al muelle de carga e, incluso, a la c\u00e1mara frigor\u00edfica. Ejecute sus aplicaciones de \u201cpantalla verde\u201d existentes sin configuraci\u00f3n previa, ya que no se necesita tiempo de aprendizaje. Vuelva a usar todos sus accesorios existentes<sup>1<\/sup>\u00a0y minimice el costo de actualizarse a la \u00faltima tecnolog\u00eda. El reemplazo no pod\u00eda ser m\u00e1s f\u00e1cil: solo col\u00f3quela en su lugar y estar\u00e1 lista para usarse. Con Mobility DNA, exclusivo de Zebra, obtiene caracter\u00edsticas poderosas que hacen que Android sea un sistema operativo de clase empresarial s\u00f3lido, f\u00e1cil de manejar y completo, con herramientas \u00fanicas que no solo aumentan la productividad del personal, sino que tambi\u00e9n simplifican la implementaci\u00f3n y el desarrollo de la aplicaci\u00f3n. Y dado que se comparte la plataforma con los dispositivos m\u00f3viles de mano robustos y vestibles de Zebra, pr\u00e1cticamente cualquier trabajador puede usar cualquier dispositivo casi sin capacitaci\u00f3n, lo que significa la flexibilidad al asignar y reasignar trabajadores para hacer frente a los cambios en la carga de trabajo.<\/p>\n<h4><b>Con lo mejor de ambas opciones: pantalla t\u00e1ctil grande y teclado<\/b><\/h4>\n<p>Cuando se trata de entrada de datos, la VC8300 ofrece una flexibilidad total. El teclado alfanum\u00e9rico completo integrado les permite a los trabajadores tener la misma interacci\u00f3n familiar mediante teclas que usan hoy en d\u00eda, sin necesidad de cambiar el flujo de trabajo. Y la pantalla t\u00e1ctil hace posible integrar la tecnolog\u00eda t\u00e1ctil en sus aplicaciones cuando est\u00e9 listo para hacerlo.<\/p>\n<p>&nbsp;<\/p>\n<h4><b>Migre autom\u00e1ticamente sus aplicaciones de TE a aplicaciones interactivas de Android<\/b><\/h4>\n<p>Cuando est\u00e9 listo para transformar sus aplicaciones de TE con teclado en aplicaciones interactivas de Android, All-touch TE lo har\u00e1 muy f\u00e1cil. Con esta herramienta de Mobility DNA precargada exclusiva de Zebra, con solo apretar un bot\u00f3n puede cambiar las \u201cpantallas verdes\u201d de TE a pantallas de Android completamente interactivas que pueden personalizarse f\u00e1cilmente con todas las herramientas de All-touch TE, sin necesidad de codificaci\u00f3n.<\/p>\n<h3>\nLa mejor plataforma Android para la empresa<\/h3>\n<p>&nbsp;<\/p>\n<h4><b>Facilita la visualizaci\u00f3n en interiores y exteriores<\/b><\/h4>\n<p>En la pantalla de 8\u00a0pulgadas, hay mucho espacio para aplicaciones interactivas con gran cantidad de gr\u00e1ficos, y el mejor brillo y resoluci\u00f3n de su clase aseguran una visualizaci\u00f3n f\u00e1cil con cualquier con cantidad de luz. Adem\u00e1s, la pantalla t\u00e1ctil capacitiva es f\u00e1cil de usar, incluso con guantes.<\/p>\n","protected":false},"excerpt":{"rendered":"<h3>Lo \u00faltimo en simplicidad de migraci\u00f3n Android<\/h3>\n<p>&nbsp;<\/p>\n<h4><b>Ejecute sus aplicaciones de emulaci\u00f3n de terminales de carga (TE, por sus siglas en ingl\u00e9s), sin configuraci\u00f3n previa<\/b><\/h4>\n<p>Dado que la plataforma Velocity de Ivanti est\u00e1 precargada y se entrega con licencia, puede ejecutar las aplicaciones de TE sin configuraci\u00f3n previa, sin modificaciones de la base de datos ni capacitaci\u00f3n del usuario.<\/p>\n","protected":false},"featured_media":8484,"template":"","meta":{"inline_featured_image":false,"_joinchat":[]},"product_cat":[214,174,217],"product_tag":[162],"class_list":{"0":"post-8483","1":"product","2":"type-product","3":"status-publish","4":"has-post-thumbnail","6":"product_cat-colectores-de-datos","7":"product_cat-vestibles","8":"product_cat-zebra","9":"product_tag-zebra","11":"first","12":"instock","13":"featured","14":"shipping-taxable","15":"product-type-simple"},"_links":{"self":[{"href":"https:\/\/telectronica.com.uy\/index.php?rest_route=\/wp\/v2\/product\/8483","targetHints":{"allow":["GET"]}}],"collection":[{"href":"https:\/\/telectronica.com.uy\/index.php?rest_route=\/wp\/v2\/product"}],"about":[{"href":"https:\/\/telectronica.com.uy\/index.php?rest_route=\/wp\/v2\/types\/product"}],"wp:featuredmedia":[{"embeddable":true,"href":"https:\/\/telectronica.com.uy\/index.php?rest_route=\/wp\/v2\/media\/8484"}],"wp:attachment":[{"href":"https:\/\/telectronica.com.uy\/index.php?rest_route=%2Fwp%2Fv2%2Fmedia&parent=8483"}],"wp:term":[{"taxonomy":"product_cat","embeddable":true,"href":"https:\/\/telectronica.com.uy\/index.php?rest_route=%2Fwp%2Fv2%2Fproduct_cat&post=8483"},{"taxonomy":"product_tag","embeddable":true,"href":"https:\/\/telectronica.com.uy\/index.php?rest_route=%2Fwp%2Fv2%2Fproduct_tag&post=8483"}],"curies":[{"name":"wp","href":"https:\/\/api.w.org\/{rel}","templated":true}]}}