{"id":8480,"date":"2024-11-04T12:29:16","date_gmt":"2024-11-04T15:29:16","guid":{"rendered":"https:\/\/telectronica.com.uy\/?post_type=product&#038;p=8480"},"modified":"2025-02-19T09:50:36","modified_gmt":"2025-02-19T12:50:36","slug":"colector-de-datos-de-montaje-vehicular-zebra-vc80x","status":"publish","type":"product","link":"https:\/\/telectronica.com.uy\/?product=colector-de-datos-de-montaje-vehicular-zebra-vc80x","title":{"rendered":"Colector montaje vehicular ZEBRA VC80x"},"content":{"rendered":"<p>Con la VC80x, puede migrar f\u00e1cilmente sus veh\u00edculos de manejo de materiales a la plataforma de pr\u00f3xima generaci\u00f3n para movilidad en almacenes. La VC80x, basada en Android, ofrece una plataforma de movilidad comprobada con soporte de seguridad garantizado con el que puede contar. Puede migrar de Windows a Android sin cambiar la experiencia que tiene hoy: no se necesita capacitaci\u00f3n, nueva configuraci\u00f3n ni desarrollo. La VC80x, dise\u00f1ada para los entornos m\u00e1s extremos, puede ir a todo lugar donde deban ir los operadores de sus veh\u00edculos: adentro del almac\u00e9n, al centro de clasificaci\u00f3n, al muelle de carga e, incluso, a la c\u00e1mara frigor\u00edfica. Y solamente Zebra fortifica Android con las potentes caracter\u00edsticas de Mobility DNA para acelerar todos los aspectos del almac\u00e9n, desde la carga hasta la descarga de los productos. La VC80x ultrarresistente con la tecnolog\u00eda de Android para un almac\u00e9n m\u00e1s inteligente.<\/p>\n<h4><b>Lista para la pr\u00f3xima generaci\u00f3n de sistemas de administraci\u00f3n de almacenes<\/b><\/h4>\n<p>Dado que la VC80x est\u00e1 basada en Android, estar\u00e1 lista para la nueva generaci\u00f3n de sistemas de administraci\u00f3n de almacenes (WMS, por sus siglas en ingl\u00e9s) basados en Android. Con una potente plataforma de computaci\u00f3n y un entorno de desarrollo flexible, la VC80x puede crecer a medida que evolucionan sus aplicaciones.<\/p>\n<p>&nbsp;<\/p>\n<h4><b>Soporte de sistema operativo y compatibilidad a futuro incorporados<\/b><\/h4>\n<p>Solo Zebra le ofrece LifeGuard&#x2122; para Android, que garantiza las actualizaciones de seguridad directas durante 10\u00a0a\u00f1os en total a partir de la fecha de lanzamiento, adem\u00e1s de la capacidad de actualizar a las versiones futuras de Android<sup>1<\/sup>, para obtener un ciclo de vida y una amortizaci\u00f3n de la inversi\u00f3n superiores.<\/p>\n<p>&nbsp;<\/p>\n<h4><b>Certificaci\u00f3n Android con garant\u00eda de seguridad y rendimiento<\/b><\/h4>\n<p>Dado que la VC80x es un dispositivo con certificaci\u00f3n Android, tendr\u00e1 la tranquilidad de saber que el dispositivo es seguro y tiene compatibilidad comprobada con el creciente n\u00famero de aplicaciones para Android desarrolladas para entornos empresariales y de almacenes.<\/p>\n<p>&nbsp;<\/p>\n<h4><b>Una plataforma com\u00fan para los almacenes y mucho m\u00e1s<\/b><\/h4>\n<p>Si est\u00e1 usando dispositivos Android de mano y port\u00e1tiles de Zebra en el almac\u00e9n, los trabajadores y el \u00e1rea de TI se beneficiar\u00e1n de tener una plataforma de soluciones y un sistema operativo en com\u00fan. Podr\u00e1 disfrutar de la misma experiencia de usuario y las mismas herramientas de administraci\u00f3n en distintos factores de forma en todas las \u00e1reas del almac\u00e9n y la cadena de suministro.<\/p>\n","protected":false},"excerpt":{"rendered":"<h3>Haga la transici\u00f3n a Android con facilidad<\/h3>\n<p>&nbsp;<\/p>\n<h4><b>Ejecute las aplicaciones que tiene hoy sin necesidad de cambios<\/b><\/h4>\n<p>Dado que la plataforma Velocity de Ivanti est\u00e1 precargada y se entrega con licencia, puede ejecutar sus pantallas de emulaci\u00f3n de terminales (TE, por sus siglas en ingl\u00e9s) o aplicaciones HTML5 en la VC80x, sin configuraci\u00f3n previa. Sus empleados tendr\u00e1n la misma experiencia que hoy, sin necesidad de cambiar su \u00e1rea administrativa o volver a capacitar a los empleados. Incluso puede transformar sus pantallas verdes de TE en pantallas gr\u00e1ficas t\u00e1ctiles.<\/p>\n","protected":false},"featured_media":8482,"template":"","meta":{"inline_featured_image":false,"_joinchat":[]},"product_cat":[174,214,217],"product_tag":[162],"class_list":{"0":"post-8480","1":"product","2":"type-product","3":"status-publish","4":"has-post-thumbnail","6":"product_cat-vestibles","7":"product_cat-colectores-de-datos","8":"product_cat-zebra","9":"product_tag-zebra","11":"first","12":"instock","13":"featured","14":"shipping-taxable","15":"product-type-simple"},"_links":{"self":[{"href":"https:\/\/telectronica.com.uy\/index.php?rest_route=\/wp\/v2\/product\/8480","targetHints":{"allow":["GET"]}}],"collection":[{"href":"https:\/\/telectronica.com.uy\/index.php?rest_route=\/wp\/v2\/product"}],"about":[{"href":"https:\/\/telectronica.com.uy\/index.php?rest_route=\/wp\/v2\/types\/product"}],"wp:featuredmedia":[{"embeddable":true,"href":"https:\/\/telectronica.com.uy\/index.php?rest_route=\/wp\/v2\/media\/8482"}],"wp:attachment":[{"href":"https:\/\/telectronica.com.uy\/index.php?rest_route=%2Fwp%2Fv2%2Fmedia&parent=8480"}],"wp:term":[{"taxonomy":"product_cat","embeddable":true,"href":"https:\/\/telectronica.com.uy\/index.php?rest_route=%2Fwp%2Fv2%2Fproduct_cat&post=8480"},{"taxonomy":"product_tag","embeddable":true,"href":"https:\/\/telectronica.com.uy\/index.php?rest_route=%2Fwp%2Fv2%2Fproduct_tag&post=8480"}],"curies":[{"name":"wp","href":"https:\/\/api.w.org\/{rel}","templated":true}]}}