{"id":8477,"date":"2024-11-04T12:26:13","date_gmt":"2024-11-04T15:26:13","guid":{"rendered":"https:\/\/telectronica.com.uy\/?post_type=product&#038;p=8477"},"modified":"2025-02-19T09:50:43","modified_gmt":"2025-02-19T12:50:43","slug":"colector-de-datos-vestible-zebra-rs6100","status":"publish","type":"product","link":"https:\/\/telectronica.com.uy\/?product=colector-de-datos-vestible-zebra-rs6100","title":{"rendered":"Colector vestible ZEBRA RS6100"},"content":{"rendered":"<p>Presentamos el esc\u00e1ner port\u00e1til m\u00e1s potente y vers\u00e1til de Zebra: el RS6100. Este esc\u00e1ner port\u00e1til peque\u00f1o y superliviano pesa y mide la mitad que su predecesor, el RS6000. Un motor de escaneo multifoco avanzado captura c\u00f3digos de barras 1D y 2D a corto alcance en el estante superior de un bastidor a 40\u00a0ft\/12,2\u00a0m de distancia, en cualquier condici\u00f3n: rayado, sucio, mal impreso, debajo del retractilado y m\u00e1s. Con cinco opciones de uso intercambiables, hay un estilo que maximizar\u00e1 la comodidad de todos los usuarios. \u00daselo en cualquier lugar: desde los pasillos de almac\u00e9n, c\u00e1maras frigor\u00edficas y refrigeradores hasta el asiento de un montacargas en el muelle bajo la lluvia, la nieve, en el calor del verano o con temperaturas bajo cero en invierno. El RS6100 siempre est\u00e1 en funcionamiento con su bater\u00eda extra\u00edble. No necesita tiempo de inactividad para cargar; solo intercambie por una bater\u00eda completamente cargada. Elija la libertad inal\u00e1mbrica con dos opciones de bater\u00eda o funcionamiento sin bater\u00eda con cable. Y dado que el RS6100 y el RS5100 comparten conjuntos de disparador, bater\u00eda y montajes, actualizar a partir del RS5100 es f\u00e1cil y rentable.<\/p>\n<p>Alimente la RS6100 a trav\u00e9s de un adaptador cableado que se conecta a algunos dispositivos m\u00f3viles de Zebra, incluidas computadoras de mano y port\u00e1tiles.<\/p>\n<p>&nbsp;<\/p>\n<h4><b>Cinco estilos de uso intercambiables<\/b><\/h4>\n<p>Cinco montajes diferentes les brindan a los usuarios la libertad de elegir el estilo de uso que prefieren para maximizar la comodidad, simplificar la ejecuci\u00f3n de tareas y aumentar la satisfacci\u00f3n con el empleo. Todos los accesorios de montaje son intercambiables: intercambie en cualquier momento para maximizar la comodidad del usuario para tareas con alto volumen de escaneo. El accesorio de montaje de mano empresarial permite un agarre con ajuste personalizado, c\u00f3modo y seguro, con un rango de tama\u00f1os para mano derecha e izquierda, y los usuarios pueden ajustar la posici\u00f3n del esc\u00e1ner en la mano para alcanzar el equilibrio perfecto y el \u00e1ngulo de escaneo \u00f3ptimo para la mejor comodidad y productividad del usuario. Para los trabajadores que prefieren usar el esc\u00e1ner en un dedo, hay dos opciones de montaje en un solo dedo: disparadores simples y dobles. El disparador simple puede retirarse y girarse, lo que permite a los usuarios cambiar f\u00e1cilmente entre un montaje de dedo derecho o izquierdo. El disparador doble permite a los trabajadores cambiar de manos al instante, sin extraer el disparador. Todos los disparadores admiten un modo de escaneo continuo. Y el disparador vibratorio opcional indica errores o excepciones, lo que permite a los usuarios realizar acciones correctivas. El montaje ambidiestro de tama\u00f1o \u00fanico en el dorso de la mano se adapta a guantes y cabe c\u00f3modamente en los espacios m\u00e1s peque\u00f1os. Adem\u00e1s, si se lleva un disparador retr\u00e1ctil con una cinta colgante alrededor del cuello o con una correa, el esc\u00e1ner permanece a mano, pero fuera del paso.<\/p>\n<p>&nbsp;<\/p>\n<h4><b>\u00daselo en cualquier lugar, incluso en c\u00e1maras frigor\u00edficas<\/b><\/h4>\n<p>El RS6100 se dise\u00f1\u00f3 para soportar cualquier condici\u00f3n: \u00faselo en c\u00e1maras frigor\u00edficas y refrigeradores, en el muelle con calor abrasador o temperaturas bajo cero, lluvia o nieve.<\/p>\n","protected":false},"excerpt":{"rendered":"<h3>M\u00e1xima versatilidad<\/h3>\n<p>&nbsp;<\/p>\n<h4><b>Peque\u00f1o y superliviano<\/b><\/h4>\n<p>El RS6100 pesa y mide menos de la mitad que su predecesor, el RS6000: solo dos onzas y dos pulgadas c\u00fabicas.<\/p>\n<p>&nbsp;<\/p>\n<h4><b>Cableado o inal\u00e1mbrico: como usted desee<\/b><\/h4>\n<p>Comb\u00ednelo con cualquier dispositivo de mano empresarial, tableta, computadora m\u00f3vil vestible o de montaje vehicular con Bluetooth de Zebra para utilizar el conjunto completo de caracter\u00edsticas del RS6100, o comb\u00ednelo con cualquier tel\u00e9fono inteligente con Bluetooth, tableta o PC existente. \u00bfDesea eliminar la necesidad de bater\u00edas con un funcionamiento cableado?<\/p>\n","protected":false},"featured_media":8478,"template":"","meta":{"inline_featured_image":false,"_joinchat":[]},"product_cat":[174,214,217],"product_tag":[162],"class_list":{"0":"post-8477","1":"product","2":"type-product","3":"status-publish","4":"has-post-thumbnail","6":"product_cat-vestibles","7":"product_cat-colectores-de-datos","8":"product_cat-zebra","9":"product_tag-zebra","11":"first","12":"instock","13":"featured","14":"shipping-taxable","15":"product-type-simple"},"_links":{"self":[{"href":"https:\/\/telectronica.com.uy\/index.php?rest_route=\/wp\/v2\/product\/8477","targetHints":{"allow":["GET"]}}],"collection":[{"href":"https:\/\/telectronica.com.uy\/index.php?rest_route=\/wp\/v2\/product"}],"about":[{"href":"https:\/\/telectronica.com.uy\/index.php?rest_route=\/wp\/v2\/types\/product"}],"wp:featuredmedia":[{"embeddable":true,"href":"https:\/\/telectronica.com.uy\/index.php?rest_route=\/wp\/v2\/media\/8478"}],"wp:attachment":[{"href":"https:\/\/telectronica.com.uy\/index.php?rest_route=%2Fwp%2Fv2%2Fmedia&parent=8477"}],"wp:term":[{"taxonomy":"product_cat","embeddable":true,"href":"https:\/\/telectronica.com.uy\/index.php?rest_route=%2Fwp%2Fv2%2Fproduct_cat&post=8477"},{"taxonomy":"product_tag","embeddable":true,"href":"https:\/\/telectronica.com.uy\/index.php?rest_route=%2Fwp%2Fv2%2Fproduct_tag&post=8477"}],"curies":[{"name":"wp","href":"https:\/\/api.w.org\/{rel}","templated":true}]}}