{"id":8474,"date":"2024-11-04T12:23:09","date_gmt":"2024-11-04T15:23:09","guid":{"rendered":"https:\/\/telectronica.com.uy\/?post_type=product&#038;p=8474"},"modified":"2025-02-19T09:50:49","modified_gmt":"2025-02-19T12:50:49","slug":"colector-de-datos-vestible-zebra-ws50","status":"publish","type":"product","link":"https:\/\/telectronica.com.uy\/?product=colector-de-datos-vestible-zebra-ws50","title":{"rendered":"Colector vestible ZEBRA WS50"},"content":{"rendered":"<p>La computadora WS50 con RFID es otra novedad de Zebra. Ofrece m\u00e1s funcionalidad en la computadora vestible con Android todo en uno de nivel empresarial m\u00e1s compacta del mundo. Ahora, el personal desconectado puede completar una mayor diversidad de tareas con m\u00e1s herramientas que aumentan la colaboraci\u00f3n, la productividad y la eficiencia del flujo de trabajo. Con este dispositivo tan peque\u00f1o como poderoso, los trabajadores obtienen un lector con RFID UHF integrado, ergon\u00f3mico y sin host, un esc\u00e1ner de c\u00f3digos de barras capaz de capturar pr\u00e1cticamente todos los c\u00f3digos de barras y en cualquier estado, una radio bidireccional con funcionalidad \u201cpulsar para hablar\u201d instant\u00e1nea y mucho m\u00e1s. Y todo desde la mu\u00f1eca, el dorso de la mano o dos dedos. La avanzada pantalla t\u00e1ctil de dos pulgadas es ideal para gestionar tareas, ya que ofrece un tama\u00f1o de pantalla adecuado sin sacrificar portabilidad. La WS50 con RFID se dise\u00f1\u00f3 para la empresa. Ofrece fiabilidad resistente, bater\u00edas intercambiables que duran varios turnos y el poder de administraci\u00f3n que su empresa necesita. Adem\u00e1s, Mobility DNA suma un valor inigualable gracias a sus funciones, que facilitan el uso y manejo de estos dispositivos.<\/p>\n<h3>Todas las funciones clave de una computadora m\u00f3vil de tama\u00f1o est\u00e1ndar<\/h3>\n<p>&nbsp;<\/p>\n<h4><b>Optimice la eficiencia y la precisi\u00f3n con RFID UHF de nivel empresarial<\/b><\/h4>\n<p>Los trabajadores son m\u00e1s eficientes y eficaces gracias la computadora WS50 con RFID y la funcionalidad de su conectividad RFID UHF de alto rendimiento. La computadora WS50 con RFID puede leer etiquetas RFID a 5\u00a0ft\/1,5\u00a0m de distancia. Puesto que cuenta con una antena integrada con orientaci\u00f3n superior y otra externa con orientaci\u00f3n inferior, la WS50 con RFID es ideal para una amplia variedad de casos de uso, como la clasificaci\u00f3n de paquetes, la selecci\u00f3n de art\u00edculos y la localizaci\u00f3n de usuarios. Y la tecnolog\u00eda RFID l\u00edder en el sector de Zebra garantiza una fiabilidad extraordinaria y lecturas precisas.<\/p>\n<p>&nbsp;<\/p>\n<h4><b>Conecte mejor a su fuerza laboral con la funci\u00f3n de pulsar para hablar (PTT) y aplicaciones de gesti\u00f3n de tareas<\/b><\/h4>\n<p>Todos los modelos cuentan con la funci\u00f3n PTT lista para usar, lo que les permite a los gerentes y a los trabajadores colaborar al instante para una resoluci\u00f3n de problemas m\u00e1s r\u00e1pida y una mayor productividad del personal. Adem\u00e1s, todos los modelos son compatibles con aplicaciones de gesti\u00f3n de tareas, lo cual permite una mejor utilizaci\u00f3n y gesti\u00f3n del personal.<\/p>\n<p>&nbsp;<\/p>\n<h4><b>Esc\u00e1ner empresarial avanzado para lectura de c\u00f3digos de barras frecuente<\/b><\/h4>\n<p>La computadora WS50 con RFID incluye el lector de im\u00e1genes SE4770 de Zebra, que ofrece un rendimiento de captura de datos superior. Escanee casi cualquier c\u00f3digo de barras en pr\u00e1cticamente cualquier condici\u00f3n, con solo presionar el disparador, aunque el c\u00f3digo est\u00e9 da\u00f1ado o mal impreso. La tolerancia superior al movimiento permite la captura de c\u00f3digos de barras, aunque el esc\u00e1ner y el c\u00f3digo de barras est\u00e9n en movimiento. No es necesario presionar el<\/p>\n","protected":false},"excerpt":{"rendered":"<h3>Con un dise\u00f1o que brinda m\u00e1xima flexibilidad<\/h3>\n<p>&nbsp;<\/p>\n<h4><b>Dispositivo vestible de una sola pieza sin host<\/b><\/h4>\n<p>La WS50 con RFID proporciona una verdadera soluci\u00f3n vestible convergente, porque los trabajadores solo necesitan usar un dispositivo para capturar y acceder a los datos en lugar de una computadora m\u00f3vil host y un esc\u00e1ner tipo anillo. Y la compatibilidad con la funci\u00f3n de pulsar para hablar (PTT, por sus siglas en ingl\u00e9s) elimina la necesidad de dispositivos de voz independientes.<\/p>\n<p>&nbsp;<\/p>\n<h4><b>Use el producto a su manera gracias a las opciones de montaje modular<\/b><\/h4>\n<p>Con tres estilos de portabilidad diferentes, el equipo adaptable WS50 con RFID es ideal para casi cualquier trabajador para tareas en casi cualquier industria. Se puede usar en la mu\u00f1eca, en dos dedos o en el dorso de la mano.<\/p>\n","protected":false},"featured_media":8475,"template":"","meta":{"inline_featured_image":false,"_joinchat":[]},"product_cat":[174,214,217],"product_tag":[162],"class_list":{"0":"post-8474","1":"product","2":"type-product","3":"status-publish","4":"has-post-thumbnail","6":"product_cat-vestibles","7":"product_cat-colectores-de-datos","8":"product_cat-zebra","9":"product_tag-zebra","11":"first","12":"instock","13":"featured","14":"shipping-taxable","15":"product-type-simple"},"_links":{"self":[{"href":"https:\/\/telectronica.com.uy\/index.php?rest_route=\/wp\/v2\/product\/8474","targetHints":{"allow":["GET"]}}],"collection":[{"href":"https:\/\/telectronica.com.uy\/index.php?rest_route=\/wp\/v2\/product"}],"about":[{"href":"https:\/\/telectronica.com.uy\/index.php?rest_route=\/wp\/v2\/types\/product"}],"wp:featuredmedia":[{"embeddable":true,"href":"https:\/\/telectronica.com.uy\/index.php?rest_route=\/wp\/v2\/media\/8475"}],"wp:attachment":[{"href":"https:\/\/telectronica.com.uy\/index.php?rest_route=%2Fwp%2Fv2%2Fmedia&parent=8474"}],"wp:term":[{"taxonomy":"product_cat","embeddable":true,"href":"https:\/\/telectronica.com.uy\/index.php?rest_route=%2Fwp%2Fv2%2Fproduct_cat&post=8474"},{"taxonomy":"product_tag","embeddable":true,"href":"https:\/\/telectronica.com.uy\/index.php?rest_route=%2Fwp%2Fv2%2Fproduct_tag&post=8474"}],"curies":[{"name":"wp","href":"https:\/\/api.w.org\/{rel}","templated":true}]}}