{"id":8472,"date":"2024-11-04T12:17:32","date_gmt":"2024-11-04T15:17:32","guid":{"rendered":"https:\/\/telectronica.com.uy\/?post_type=product&#038;p=8472"},"modified":"2025-05-13T11:56:06","modified_gmt":"2025-05-13T14:56:06","slug":"colector-de-datos-vestible-zebra-wt6300","status":"publish","type":"product","link":"https:\/\/telectronica.com.uy\/?product=colector-de-datos-vestible-zebra-wt6300","title":{"rendered":"Colector vestible ZEBRA WT6300"},"content":{"rendered":"<p>Con la explosi\u00f3n del comercio electr\u00f3nico, la preparaci\u00f3n y clasificaci\u00f3n se han convertido en trabajos de tiempo completo, no solo en el almac\u00e9n, sino tambi\u00e9n en la tienda de comercio minorista, donde los pedidos hechos en l\u00ednea deben estar listos para recoger en tan solo dos horas. Facilite el trabajo a sus empleados con la WT6300 con manos libres. A partir de la WT6000 de Zebra, la WT6300 ofrece nuevas caracter\u00edsticas que llevan la productividad y la precisi\u00f3n de los pedidos a otro nivel. Una nueva opci\u00f3n con teclado ofrece una interfaz conocida para la entrada manual de datos. Obtenga un rendimiento de aplicaciones ultrarr\u00e1pido con m\u00e1s potencia de procesamiento, memoria RAM y Flash. Es resistente y est\u00e1 lista para los entornos m\u00e1s hostiles, incluyendo las c\u00e1maras frigor\u00edficas. El soporte de wifi mejorado ofrece conexiones confiables que no se interrumpen. Los usuarios obtienen el m\u00e1ximo rendimiento de perif\u00e9ricos Bluetooth y el mejor alcance con Bluetooth 5.0. Conecte un esc\u00e1ner tipo anillo con Bluetooth y un visor para montar en gafas HD4000 de Zebra para obtener una soluci\u00f3n completa. Adem\u00e1s, los usuarios pueden tomar fotograf\u00edas con un esc\u00e1ner tipo anillo de Zebra emparejado para documentar pruebas de estado al instante. La WT6300 permite que sus trabajadores le sigan el ritmo a la explosi\u00f3n del comercio electr\u00f3nico.<\/p>\n<h4><b>Resistente y lista para el uso diario en cualquier entorno, incluyendo la c\u00e1mara frigor\u00edfica<\/b><\/h4>\n<p>La WT6300 es a prueba de polvo, resiste el agua y se fabric\u00f3 para soportar las inevitables ca\u00eddas y los golpes del uso diario. El panel Gorilla Glass ofrece resistencia a rayaduras y roturas en el componente m\u00e1s crucial y vulnerable del dispositivo: la pantalla t\u00e1ctil. La WT6300 es el \u00fanico dispositivo de su clase clasificado para uso en c\u00e1maras frigor\u00edficas, con una bater\u00eda clasificada para funcionar a -22\u00a0\u00b0F\/-30\u00a0\u00b0C. Adem\u00e1s, la resistencia a las ca\u00eddas se prueba en todo el espectro de temperaturas, lo que es un factor clave en entornos de c\u00e1maras frigor\u00edficas, donde los pl\u00e1sticos se vuelven muy fr\u00e1giles.<\/p>\n<p>&nbsp;<\/p>\n<h4><b>Pantalla resistente de avanzada que se optimiz\u00f3 para usar con guantes<\/b><\/h4>\n<p>Muchos de sus trabajadores usan guantes; es por eso que la pantalla detecta autom\u00e1ticamente los guantes y ajusta la sensibilidad t\u00e1ctil seg\u00fan sea necesario. La pantalla funciona incluso si est\u00e1 mojada. Y los trabajadores pueden usar los diversos gestos que ya conocen, como pellizcar para ampliar y deslizar.<\/p>\n<h4><b>Potentes bater\u00edas de cambio caliente<\/b><\/h4>\n<p>La WT6300 es el \u00fanico dispositivo vestible de su clase que ofrece bater\u00eda de larga duraci\u00f3n para turnos m\u00e1s largos. La bater\u00eda est\u00e1ndar y de larga duraci\u00f3n son de cambio caliente, es decir que los usuarios pueden cambiarlas al instante mientras preparan un pedido, sin necesidad de apagar el dispositivo ni cerrar aplicaciones. Las bater\u00edas PowerPrecision+ ofrecen indicadores para optimizar la administraci\u00f3n de la bater\u00eda. Vea las m\u00e9tricas de las bater\u00edas en la aplicaci\u00f3n PowerPrecision Console de Mobility DNA de cortes\u00eda para detectar y retirar al instante las bater\u00edas obsoletas que ya no admiten una carga completa, antes de que afecten la productividad del usuario.<\/p>\n","protected":false},"excerpt":{"rendered":"<h3>Computadora vestible industrial espec\u00edficamente dise\u00f1ada<\/h3>\n<p>&nbsp;<\/p>\n<h4><b>Ergonom\u00eda superior que brinda comodidad manos libres sin igual<\/b><\/h4>\n<p>La WT6300 es un dispositivo vestible exclusivo que se dise\u00f1\u00f3 para ofrecer m\u00e1xima comodidad durante todo el d\u00eda. Es uno de los dispositivos m\u00e1s livianos de su clase. La WT6300 est\u00e1 espec\u00edficamente dise\u00f1ada como dispositivo vestible y tiene un centro de gravedad muy bajo, lo que minimiza el esfuerzo muscular y la fatiga del trabajador, a diferencia de una computadora m\u00f3vil de mano colocada en un soporte de mu\u00f1eca. Adem\u00e1s, el mejor sistema de montaje de su clase ofrece una comodidad sin igual y elimina los puntos de presi\u00f3n, ya que la capacidad de microajuste permite un calce perfecto en pr\u00e1cticamente cualquier brazo, todo con solo girar una perilla.<\/p>\n","protected":false},"featured_media":8833,"template":"","meta":{"inline_featured_image":false,"_joinchat":[]},"product_cat":[174,217],"product_tag":[162],"class_list":{"0":"post-8472","1":"product","2":"type-product","3":"status-publish","4":"has-post-thumbnail","6":"product_cat-vestibles","7":"product_cat-zebra","8":"product_tag-zebra","10":"first","11":"instock","12":"featured","13":"shipping-taxable","14":"product-type-simple"},"_links":{"self":[{"href":"https:\/\/telectronica.com.uy\/index.php?rest_route=\/wp\/v2\/product\/8472","targetHints":{"allow":["GET"]}}],"collection":[{"href":"https:\/\/telectronica.com.uy\/index.php?rest_route=\/wp\/v2\/product"}],"about":[{"href":"https:\/\/telectronica.com.uy\/index.php?rest_route=\/wp\/v2\/types\/product"}],"wp:featuredmedia":[{"embeddable":true,"href":"https:\/\/telectronica.com.uy\/index.php?rest_route=\/wp\/v2\/media\/8833"}],"wp:attachment":[{"href":"https:\/\/telectronica.com.uy\/index.php?rest_route=%2Fwp%2Fv2%2Fmedia&parent=8472"}],"wp:term":[{"taxonomy":"product_cat","embeddable":true,"href":"https:\/\/telectronica.com.uy\/index.php?rest_route=%2Fwp%2Fv2%2Fproduct_cat&post=8472"},{"taxonomy":"product_tag","embeddable":true,"href":"https:\/\/telectronica.com.uy\/index.php?rest_route=%2Fwp%2Fv2%2Fproduct_tag&post=8472"}],"curies":[{"name":"wp","href":"https:\/\/api.w.org\/{rel}","templated":true}]}}