{"id":8450,"date":"2024-10-31T16:54:03","date_gmt":"2024-10-31T19:54:03","guid":{"rendered":"https:\/\/telectronica.com.uy\/?post_type=product&#038;p=8450"},"modified":"2025-01-31T15:14:53","modified_gmt":"2025-01-31T18:14:53","slug":"colector-de-datos-zebra-tc22-27","status":"publish","type":"product","link":"https:\/\/telectronica.com.uy\/?product=colector-de-datos-zebra-tc22-27","title":{"rendered":"Colector ZEBRA TC22\/27"},"content":{"rendered":"<p>Su empresa compite con los gigantes de la industria que usan los dispositivos m\u00f3viles empresariales para brindar una ventaja competitiva a los trabajadores, pero los tel\u00e9fonos inteligentes no ofrecen las caracter\u00edsticas que usted necesita. Presentamos las computadoras m\u00f3viles TC22 y TC27. La TC22\/TC27, la tercera generaci\u00f3n de la exitosa Serie TC2x, ofrece lo mejor de todos los mundos: el estilo y el precio de un tel\u00e9fono inteligente, con caracter\u00edsticas de grandes empresas que aumentan la productividad y la calidad del servicio al cliente. Este dispositivo compacto y potente ofrece una pantalla grande de 6\u00a0pulgadas, 5G, Wi-Fi 6E, esc\u00e1neres integrados, compatibilidad con la funci\u00f3n de pago con un toque y otras transacciones sin contacto, y mucho m\u00e1s. Este dispositivo resistente est\u00e1 dise\u00f1ado para durar m\u00e1s que los tel\u00e9fonos de uso personal y proporcionar un mejor retorno sobre la inversi\u00f3n. Y el portafolio de servicios de Zebra puede ayudarle a obtener y mantener sus dispositivos funcionando al m\u00e1ximo rendimiento. Obtenga el impulso que necesita para competir con las computadoras TC22\/TC27: un dispositivo parecido a un tel\u00e9fono inteligente que resulta familiar para los trabajadores y que ofrece todas las funciones que necesita su empresa, a un precio asequible.<\/p>\n<p>Gracias a la compatibilidad con redes LTE privadas 5G y de servicio de radio de banda ancha ciudadana (CBRS, por sus siglas en ingl\u00e9s)<sup>3<\/sup>, se puede tener acceso a conectividad inal\u00e1mbrica rentable en las instalaciones m\u00e1s grandes, ya sea en exteriores o interiores. Bluetooth 5.2 ofrece una mejor calidad de audio, al tiempo que consume menos energ\u00eda y a\u00f1ade caracter\u00edsticas \u00fanicas que permiten maneras efectivas de comunicarse y colaborar.<\/p>\n<p>&nbsp;<\/p>\n<h4><b>Lo mejor de Android, ahora y en el futuro<\/b><\/h4>\n<p>La compatibilidad con Android 16 garantiza que el sistema operativo no quedar\u00e1 obsoleto: tendr\u00e1 acceso a las caracter\u00edsticas m\u00e1s recientes todos los d\u00edas que su dispositivo est\u00e9 en servicio.<\/p>\n<p>&nbsp;<\/p>\n<h4><b>Vea m\u00e1s y despl\u00e1cese menos con una pantalla avanzada FHD+ de 6\u00a0in<\/b><\/h4>\n<p>La pantalla m\u00e1s grande ofrece m\u00e1s espacio de visualizaci\u00f3n y, porque tiene 450\u00a0nits de brillo, es f\u00e1cil de leer en cualquier lugar, tanto en interiores como en exteriores.<\/p>\n<p>&nbsp;<\/p>\n<h4><b>Capture c\u00f3digos de barras en menos tiempo y con menos esfuerzo<\/b><\/h4>\n<p>En comparaci\u00f3n con el escaneo con la c\u00e1mara de un tel\u00e9fono m\u00f3vil, las opciones de escaneo de nivel empresarial de Zebra permiten a los trabajadores capturar c\u00f3digos de barras en casi la mitad del tiempo y con la mitad del trabajo.<sup>4<\/sup>\u00a0Elija entre el motor de escaneo 1D\/2D de alcance est\u00e1ndar SE4710 o el motor de escaneo 1D\/2D de alcance avanzado SE55 con tecnolog\u00eda Intellifocus<sup>TM<\/sup>, que puede escanear art\u00edculos al alcance de la mano o en el estante m\u00e1s alto del almac\u00e9n. Ambas opciones permiten capturar pr\u00e1cticamente todos los c\u00f3digos de barras en un instante y al primer intento, independientemente de su condici\u00f3n.<\/p>\n<p>&nbsp;<\/p>\n<h4><b>Preparada para el mundo de las transacciones sin contacto<\/b><\/h4>\n<p>Integre f\u00e1cilmente la TC22\/TC27 con su soluci\u00f3n de pago sin contacto existente en el punto de venta, y permita a los clientes pagar con un toque. Adem\u00e1s, la compatibilidad incorporada para Apple VAS<\/p>\n","protected":false},"excerpt":{"rendered":"<h3>El dispositivo con estilo de tel\u00e9fono inteligente hecho para trabajar<\/h3>\n<p>&nbsp;<\/p>\n<h4><b>Impulse todas sus aplicaciones simult\u00e1neamente<\/b><\/h4>\n<p>Obtenga un rendimiento superior en todas sus aplicaciones con un procesador de \u00faltima generaci\u00f3n que ofrece el doble de rendimiento que la generaci\u00f3n anterior<sup>1<\/sup>, adem\u00e1s de opciones de almacenamiento de datos y memoria l\u00edderes en su clase.<\/p>\n<p>&nbsp;<\/p>\n<h4><b>La mejor opci\u00f3n inal\u00e1mbrica<\/b><\/h4>\n<p>En lo que respecta a tecnolog\u00eda inal\u00e1mbrica, las computadoras TC22\/TC27 ofrecen de todo. La conectividad 5G y Wi-Fi 6\/6E<sup>2<\/sup>\u00a0alcanzan velocidades similares a las conexiones por cable y brindan a los trabajadores un mejor rendimiento de voz y datos dentro y fuera de sus instalaciones.<\/p>\n","protected":false},"featured_media":8454,"template":"","meta":{"inline_featured_image":false,"_joinchat":[]},"product_cat":[179,217],"product_tag":[162],"class_list":{"0":"post-8450","1":"product","2":"type-product","3":"status-publish","4":"has-post-thumbnail","6":"product_cat-de-mano-multiproposito","7":"product_cat-zebra","8":"product_tag-zebra","10":"first","11":"instock","12":"featured","13":"shipping-taxable","14":"product-type-simple"},"_links":{"self":[{"href":"https:\/\/telectronica.com.uy\/index.php?rest_route=\/wp\/v2\/product\/8450","targetHints":{"allow":["GET"]}}],"collection":[{"href":"https:\/\/telectronica.com.uy\/index.php?rest_route=\/wp\/v2\/product"}],"about":[{"href":"https:\/\/telectronica.com.uy\/index.php?rest_route=\/wp\/v2\/types\/product"}],"wp:featuredmedia":[{"embeddable":true,"href":"https:\/\/telectronica.com.uy\/index.php?rest_route=\/wp\/v2\/media\/8454"}],"wp:attachment":[{"href":"https:\/\/telectronica.com.uy\/index.php?rest_route=%2Fwp%2Fv2%2Fmedia&parent=8450"}],"wp:term":[{"taxonomy":"product_cat","embeddable":true,"href":"https:\/\/telectronica.com.uy\/index.php?rest_route=%2Fwp%2Fv2%2Fproduct_cat&post=8450"},{"taxonomy":"product_tag","embeddable":true,"href":"https:\/\/telectronica.com.uy\/index.php?rest_route=%2Fwp%2Fv2%2Fproduct_tag&post=8450"}],"curies":[{"name":"wp","href":"https:\/\/api.w.org\/{rel}","templated":true}]}}