{"id":8447,"date":"2024-10-31T16:48:13","date_gmt":"2024-10-31T19:48:13","guid":{"rendered":"https:\/\/telectronica.com.uy\/?post_type=product&#038;p=8447"},"modified":"2025-02-19T10:00:25","modified_gmt":"2025-02-19T13:00:25","slug":"colector-de-datos-industrial-zebra-mc9400","status":"publish","type":"product","link":"https:\/\/telectronica.com.uy\/?product=colector-de-datos-industrial-zebra-mc9400","title":{"rendered":"Colector Industrial ZEBRA MC9400"},"content":{"rendered":"<p>Casi cinco millones de computadoras m\u00f3viles ultrarresistentes de la Serie MC9000 han ayudado a agilizar y proteger los procesos de errores en los entornos m\u00e1s hostiles, desde fabricaci\u00f3n y almacenamiento hasta puertos, centros de clasificaci\u00f3n y tiendas de comercio minorista. Presentamos la pr\u00f3xima evoluci\u00f3n de esta exitosa familia de computadoras m\u00f3viles de mano: MC9400\/MC9450. Los modelos est\u00e1ndar, para c\u00e1mara frigor\u00edfica e ign\u00edfugo incluyen todas las tecnolog\u00edas m\u00f3viles de vanguardia. Estos dispositivos son m\u00e1s r\u00e1pidos y est\u00e1n listos para impulsar la nueva generaci\u00f3n de aplicaciones industriales. Escanear es m\u00e1s f\u00e1cil con el mayor alcance de lectura del mundo: desde la mano hasta m\u00e1s de 100\u00a0ft\/30,5\u00a0m de distancia. Y con Wi-Fi 6E y 5G privada y p\u00fablica, usted obtiene las conexiones inal\u00e1mbricas m\u00e1s r\u00e1pidas disponibles, adem\u00e1s de la capacidad de extender de manera sencilla y rentable sus redes inal\u00e1mbricas a las instalaciones interiores y exteriores m\u00e1s amplias.<\/p>\n<p>Los trabajadores obtienen tiempos de respuesta de aplicaciones instant\u00e1neos y confiables gracias al cu\u00e1druple de ancho de banda y capacidad, el triple de velocidad y hasta el triple de espectro disponible, con lo que aumenta la productividad y la eficiencia del flujo de trabajo.<sup>3<\/sup><\/p>\n<p><b>Conectividad Bluetooth de avanzada<\/b><\/p>\n<p>En comparaci\u00f3n con Bluetooth 5.2, Bluetooth 5.3 aumenta la eficiencia energ\u00e9tica para mejorar la duraci\u00f3n de la bater\u00eda, minimiza la interferencia del dispositivo para obtener conexiones m\u00e1s confiables y de mayor calidad, y permite conexiones m\u00e1s seguras gracias a las caracter\u00edsticas de seguridad mejoradas.<\/p>\n<h3>\nLas mejores opciones de comunicaci\u00f3n y captura de datos de su clase<\/h3>\n<p><b>Lo \u00faltimo en tecnolog\u00eda de escaneo avanzada<\/b><\/p>\n<p>Ofrezca a sus trabajadores un alcance de lectura inigualable con el nuevo motor de escaneo de alcance extendido SE58 con tecnolog\u00eda IntelliFocus<sup>TM<\/sup>. Escanee c\u00f3digos de barras hasta m\u00e1s de 100\u00a0ft\/30,5\u00a0m de distancia<sup>4<\/sup>, sustancialmente m\u00e1s lejos que cualquier esc\u00e1ner del mercado. Y el innovador puntero l\u00e1ser verde es hasta siete veces m\u00e1s visible que el puntero rojo com\u00fan, lo que facilita el escaneo de art\u00edculos en los estantes superiores del almac\u00e9n.<\/p>\n<p><b>Reconocimiento facial biom\u00e9trico<\/b><\/p>\n<p>Los trabajadores obtienen f\u00e1cil acceso a los dispositivos, y usted tiene la tranquilidad de que el acceso a los dispositivos est\u00e1 restringido \u00fanicamente a los usuarios previamente autorizados, con lo que se elimina el riesgo de contrase\u00f1as compartidas o comprometidas.<\/p>\n","protected":false},"excerpt":{"rendered":"<h3>Lo \u00faltimo en conectividad inal\u00e1mbrica<\/h3>\n<p><b>5G privada y p\u00fablica, nuevas opciones inal\u00e1mbricas rentables<\/b><\/p>\n<p>Estos son los primeros dispositivos estilo pistola que ofrecen conectividad de datos inal\u00e1mbrica 5G privada y p\u00fablica, con nuevas opciones de redes inal\u00e1mbricas asequibles para entornos interiores y exteriores amplios.<sup>1<\/sup>\u00a0Y con dos opciones de tarjeta SIM (nano\u00a0SIM y eSim), puede admitir conexiones 5G privadas y p\u00fablicas en simult\u00e1neo para obtener redundancia de red o para implementar diferentes redes inal\u00e1mbricas en diferentes \u00e1reas del negocio.<\/p>\n<p><b>Wi-Fi 6E, m\u00e1xima velocidad y rendimiento, tanto en interiores como en exteriores<\/b><\/p>\n<p>Obtenga las conexiones wifi m\u00e1s r\u00e1pidas disponibles con Wi-Fi 6E.<sup>2<\/sup><\/p>\n","protected":false},"featured_media":8449,"template":"","meta":{"inline_featured_image":false,"_joinchat":[]},"product_cat":[180,217],"product_tag":[162],"class_list":{"0":"post-8447","1":"product","2":"type-product","3":"status-publish","4":"has-post-thumbnail","6":"product_cat-de-mano-industrial","7":"product_cat-zebra","8":"product_tag-zebra","10":"first","11":"instock","12":"featured","13":"shipping-taxable","14":"product-type-simple"},"_links":{"self":[{"href":"https:\/\/telectronica.com.uy\/index.php?rest_route=\/wp\/v2\/product\/8447","targetHints":{"allow":["GET"]}}],"collection":[{"href":"https:\/\/telectronica.com.uy\/index.php?rest_route=\/wp\/v2\/product"}],"about":[{"href":"https:\/\/telectronica.com.uy\/index.php?rest_route=\/wp\/v2\/types\/product"}],"wp:featuredmedia":[{"embeddable":true,"href":"https:\/\/telectronica.com.uy\/index.php?rest_route=\/wp\/v2\/media\/8449"}],"wp:attachment":[{"href":"https:\/\/telectronica.com.uy\/index.php?rest_route=%2Fwp%2Fv2%2Fmedia&parent=8447"}],"wp:term":[{"taxonomy":"product_cat","embeddable":true,"href":"https:\/\/telectronica.com.uy\/index.php?rest_route=%2Fwp%2Fv2%2Fproduct_cat&post=8447"},{"taxonomy":"product_tag","embeddable":true,"href":"https:\/\/telectronica.com.uy\/index.php?rest_route=%2Fwp%2Fv2%2Fproduct_tag&post=8447"}],"curies":[{"name":"wp","href":"https:\/\/api.w.org\/{rel}","templated":true}]}}