{"id":8383,"date":"2024-04-25T14:50:16","date_gmt":"2024-04-25T17:50:16","guid":{"rendered":"https:\/\/telectronica.com.uy\/?post_type=product&#038;p=8383"},"modified":"2024-12-11T11:28:33","modified_gmt":"2024-12-11T14:28:33","slug":"lector-de-huellas-dactilares-usb-optico","status":"publish","type":"product","link":"https:\/\/telectronica.com.uy\/?product=lector-de-huellas-dactilares-usb-optico","title":{"rendered":"Lector de huellas dactilares USB \u00f3ptico"},"content":{"rendered":"<p>LECTOR DE HUELLA HID U are U 4500<\/p>\n<p>El lector de huellas dactilares DigitalPersona 4500 es un perif\u00e9rico USB ideal para usuarios de computadores de escritorio independientes, as\u00ed como para usuarios en entornos compartidos. Su dise\u00f1o compacto permite ahorrar espacio en los escritorios de las empresas, mientras que su apariencia profesional y moderna da un toque de elegancia a los ambientes de los puntos de venta (POS). El lector DigitalPersona 4500 utiliza tecnolog\u00eda \u00f3ptica de escaneo de huellas dactilares para lograr una excelente calidad de imagen, una amplia \u00e1rea de captura y una confiabilidad \u00f3ptima. Un recubrimiento de silicona le permite leer un amplio rango de huellas dactilares de forma precisa y r\u00e1pida, sin importar el \u00e1ngulo de ubicaci\u00f3n de la huella. La carcasa met\u00e1lica de alta calidad resiste el movimiento involuntario.<\/p>\n<p>Para usarlo, solo tiene que ubicar el dedo en la pantalla del lector, el cual capturar\u00e1 y cifrar\u00e1 r\u00e1pida y autom\u00e1ticamente la imagen de la huella dactilar antes de enviarla al motor biom\u00e9trico DigitalPersona FingerJet&#x2122; para su verificaci\u00f3n. Para una retroalimentaci\u00f3n \u00f3ptima al usuario, una luz roja le indica que se ha capturado correctamente la imagen de la huella dactilar.<\/p>\n<p><strong>Caracter\u00edsticas principales:<\/strong><\/p>\n<ul>\n<li>Tama\u00f1o compacto<\/li>\n<li>Excelente calidad de imagen<\/li>\n<li>R\u00e1pida captura de imagen<\/li>\n<li>Datos de huellas dactilares cifrados<\/li>\n<li>Compatible con los kits de desarrollo de software (SDK) de DigitalPersona para la verificaci\u00f3n biom\u00e9trica<\/li>\n<\/ul>\n<p>El lector de huellas dactilares DigitalPersona 4500 est\u00e1 dise\u00f1ado para usar con un amplio abanico de software de HID, incluyendo nuestras soluciones de autenticaci\u00f3n, as\u00ed como la mayor\u00eda de nuestros kits de desarrollo de software de SDK biom\u00e9trico de DigitalPersona. Ya sea un cliente empresarial o un integrador de sistemas, nuestras soluciones de verificaci\u00f3n biom\u00e9trica de identidad son una extensi\u00f3n natural de sus sistemas y aplicaciones de seguridad.<\/p>\n","protected":false},"excerpt":{"rendered":"<p>LECTOR DE HUELLA HID U are U 4500 El lector de huellas dactilares DigitalPersona 4500 es un perif\u00e9rico USB ideal para usuarios de computadores de escritorio independientes, as\u00ed como para usuarios en entornos compartidos. Su dise\u00f1o compacto permite ahorrar espacio en los escritorios de las empresas, mientras que su apariencia profesional y moderna da un [&hellip;]<\/p>\n","protected":false},"featured_media":8384,"template":"","meta":{"inline_featured_image":false,"_joinchat":[]},"product_cat":[150,218],"product_tag":[],"class_list":{"0":"post-8383","1":"product","2":"type-product","3":"status-publish","4":"has-post-thumbnail","6":"product_cat-lectores","7":"product_cat-de-tarjeta-y-de-huella","9":"first","10":"instock","11":"shipping-taxable","12":"product-type-simple"},"_links":{"self":[{"href":"https:\/\/telectronica.com.uy\/index.php?rest_route=\/wp\/v2\/product\/8383","targetHints":{"allow":["GET"]}}],"collection":[{"href":"https:\/\/telectronica.com.uy\/index.php?rest_route=\/wp\/v2\/product"}],"about":[{"href":"https:\/\/telectronica.com.uy\/index.php?rest_route=\/wp\/v2\/types\/product"}],"wp:featuredmedia":[{"embeddable":true,"href":"https:\/\/telectronica.com.uy\/index.php?rest_route=\/wp\/v2\/media\/8384"}],"wp:attachment":[{"href":"https:\/\/telectronica.com.uy\/index.php?rest_route=%2Fwp%2Fv2%2Fmedia&parent=8383"}],"wp:term":[{"taxonomy":"product_cat","embeddable":true,"href":"https:\/\/telectronica.com.uy\/index.php?rest_route=%2Fwp%2Fv2%2Fproduct_cat&post=8383"},{"taxonomy":"product_tag","embeddable":true,"href":"https:\/\/telectronica.com.uy\/index.php?rest_route=%2Fwp%2Fv2%2Fproduct_tag&post=8383"}],"curies":[{"name":"wp","href":"https:\/\/api.w.org\/{rel}","templated":true}]}}