{"id":8380,"date":"2024-04-25T14:48:15","date_gmt":"2024-04-25T17:48:15","guid":{"rendered":"https:\/\/telectronica.com.uy\/?post_type=product&#038;p=8380"},"modified":"2024-12-11T11:28:10","modified_gmt":"2024-12-11T14:28:10","slug":"lector-de-tarjetas-omnikey-3021","status":"publish","type":"product","link":"https:\/\/telectronica.com.uy\/?product=lector-de-tarjetas-omnikey-3021","title":{"rendered":"Lector de tarjetas OMNIKEY 3021"},"content":{"rendered":"<p>LECTOR DE TARJETAS POR CONTACTO 3021 OMNIKEY &#8211; USB<\/p>\n<p>El lector OMNIKEY 3021 es un dispositivo\u00a0<strong>port\u00e1til, atractivo<\/strong>\u00a0y\u00a0<strong>de dise\u00f1o elegante\u00a0<\/strong>, que se puede usar en todas las operaciones con tarjetas inteligentes de contacto, como la banca en l\u00ednea o aplicaciones de firma digital. \u00a1Es tan\u00a0<strong>peque\u00f1o\u00a0<\/strong>que cabe en un sobre!<\/p>\n<p><strong>Principales beneficios<\/strong><\/p>\n<ul>\n<li><strong>Compatible con cualquier tarjeta inteligente:<\/strong>\u00a0puede ser distribuido f\u00e1cilmente junto con cualquier tarjeta inteligente, ya sea de cr\u00e9dito, de identificaci\u00f3n electr\u00f3nica o software para aplicaciones de banca en l\u00ednea.<\/li>\n<li><strong>F\u00e1cil de instalar<\/strong>: gracias a su soporte de USB CCID, puede integrarlo f\u00e1cilmente en un sistema existente conectando el dispositivo anfitri\u00f3n y el lector de tarjetas inteligentes. \u00a1No hay necesidad de controladores adicionales!<\/li>\n<li><strong>Cumple con las normativas<\/strong>: se puede integrar sin problemas en un entorno de PC, ya que est\u00e1 equipado para cumplir con los principales est\u00e1ndares de la industria.<\/li>\n<li><strong>Presentaci\u00f3n port\u00e1til<\/strong>: su tama\u00f1o \u00fanico lo convierte en un lector ideal para implementaciones a gran escala y distribuci\u00f3n masiva.<\/li>\n<li><strong>Adecuado para cualquier aplicaci\u00f3n<\/strong>: es compatible con casi todos los tipos de tarjetas inteligentes de contacto, software de aplicaci\u00f3n y sistemas operativos de PC.<\/li>\n<\/ul>\n<p>&nbsp;<\/p>\n<p>&nbsp;<\/p>\n","protected":false},"excerpt":{"rendered":"<p>LECTOR DE TARJETAS POR CONTACTO 3021 OMNIKEY &#8211; USB El lector OMNIKEY 3021 es un dispositivo\u00a0port\u00e1til, atractivo\u00a0y\u00a0de dise\u00f1o elegante\u00a0, que se puede usar en todas las operaciones con tarjetas inteligentes de contacto, como la banca en l\u00ednea o aplicaciones de firma digital. \u00a1Es tan\u00a0peque\u00f1o\u00a0que cabe en un sobre! Principales beneficios Compatible con cualquier tarjeta inteligente:\u00a0puede [&hellip;]<\/p>\n","protected":false},"featured_media":8381,"template":"","meta":{"inline_featured_image":false,"_joinchat":[]},"product_cat":[150,218],"product_tag":[],"class_list":{"0":"post-8380","1":"product","2":"type-product","3":"status-publish","4":"has-post-thumbnail","6":"product_cat-lectores","7":"product_cat-de-tarjeta-y-de-huella","9":"first","10":"instock","11":"shipping-taxable","12":"product-type-simple"},"_links":{"self":[{"href":"https:\/\/telectronica.com.uy\/index.php?rest_route=\/wp\/v2\/product\/8380","targetHints":{"allow":["GET"]}}],"collection":[{"href":"https:\/\/telectronica.com.uy\/index.php?rest_route=\/wp\/v2\/product"}],"about":[{"href":"https:\/\/telectronica.com.uy\/index.php?rest_route=\/wp\/v2\/types\/product"}],"wp:featuredmedia":[{"embeddable":true,"href":"https:\/\/telectronica.com.uy\/index.php?rest_route=\/wp\/v2\/media\/8381"}],"wp:attachment":[{"href":"https:\/\/telectronica.com.uy\/index.php?rest_route=%2Fwp%2Fv2%2Fmedia&parent=8380"}],"wp:term":[{"taxonomy":"product_cat","embeddable":true,"href":"https:\/\/telectronica.com.uy\/index.php?rest_route=%2Fwp%2Fv2%2Fproduct_cat&post=8380"},{"taxonomy":"product_tag","embeddable":true,"href":"https:\/\/telectronica.com.uy\/index.php?rest_route=%2Fwp%2Fv2%2Fproduct_tag&post=8380"}],"curies":[{"name":"wp","href":"https:\/\/api.w.org\/{rel}","templated":true}]}}