{"id":8377,"date":"2024-04-25T14:45:21","date_gmt":"2024-04-25T17:45:21","guid":{"rendered":"https:\/\/telectronica.com.uy\/?post_type=product&#038;p=8377"},"modified":"2025-01-31T15:07:43","modified_gmt":"2025-01-31T18:07:43","slug":"ms836","status":"publish","type":"product","link":"https:\/\/telectronica.com.uy\/?product=ms836","title":{"rendered":"Lector 1D UNITECH MS836"},"content":{"rendered":"<p>El Unitech MS836 es el lector de c\u00f3digos de barras l\u00e1ser 1D m\u00e1s rentable del mercado y ofrece un rendimiento de lectura excelente y confiable. El MS836 tiene la capacidad de leer hasta 3 millones de c\u00f3digos de barras de resoluci\u00f3n; una elecci\u00f3n brillante para diversos requisitos de aplicaciones industriales. Admite el modo de disparo, el modo de presentaci\u00f3n y el modo de detecci\u00f3n autom\u00e1tica; Cumpliendo con eficacia los requisitos para todo uso industrial. En la gama de esc\u00e1neres l\u00e1ser AIDC 1D, la opci\u00f3n de detecci\u00f3n autom\u00e1tica es muy limitada. Unitech est\u00e1 decidido a ir m\u00e1s all\u00e1 de las expectativas del mercado y se compromete a hacer que su operaci\u00f3n comercial diaria sea m\u00e1s conveniente, lo que convierte al MS836 en la opci\u00f3n perfecta para aumentar la eficiencia del trabajo.<\/p>\n<p>&nbsp;<\/p>\n<p>Simplemente presionando el bot\u00f3n disparador durante 12 segundos permite un cambio r\u00e1pido a diferentes modos de lectura. El MS836 cuenta con una clasificaci\u00f3n IP42 y puede soportar m\u00faltiples ca\u00eddas sobre concreto desde 5 pies (1,5 metros), lo que garantiza durabilidad y confiabilidad.<\/p>\n<p>El MS836 es el esc\u00e1ner de c\u00f3digo de barras l\u00e1ser 1D m\u00e1s rentable del mercado con un rendimiento de lectura excelente y confiable.<\/p>\n<p>\u2022 Lee c\u00f3digos de barras 1D (lineales) de manera eficiente y precisa, el soporte incluido lo hace a\u00fan m\u00e1s f\u00e1cil<\/p>\n<p>\u2022 Construcci\u00f3n robusta para resistir y proteger contra da\u00f1os con clasificaci\u00f3n IP42 y clasificaci\u00f3n de ca\u00edda de 5 pies<\/p>\n<p>\u2022 Modos de lectura vers\u00e1tiles disponibles: disparo, presentaci\u00f3n y detecci\u00f3n autom\u00e1tica.<\/p>\n<p>&nbsp;<\/p>\n<h3><b>Caracter\u00edsticas<\/b><\/h3>\n<p>\u2022 Admite la lectura de c\u00f3digos de barras con una resoluci\u00f3n de hasta 3 millones<br \/>\n\u2022 Admite lectura de contraste de impresi\u00f3n hasta un 15%<br \/>\n\u2022 Clasificaci\u00f3n IP42<br \/>\n\u2022 Soporta m\u00faltiples ca\u00eddas sobre concreto desde 5 pies (1.5 metros)<br \/>\n\u2022 Admite el modo de disparo, el modo de presentaci\u00f3n y el modo de detecci\u00f3n autom\u00e1tica<\/p>\n","protected":false},"excerpt":{"rendered":"<p>El Unitech MS836 es el lector de c\u00f3digos de barras l\u00e1ser 1D m\u00e1s rentable del mercado y ofrece un rendimiento de lectura excelente y confiable. El MS836 tiene la capacidad de leer hasta 3 millones de c\u00f3digos de barras de resoluci\u00f3n; una elecci\u00f3n brillante para diversos requisitos de aplicaciones industriales. Admite el modo de disparo, [&hellip;]<\/p>\n","protected":false},"featured_media":8378,"template":"","meta":{"inline_featured_image":false,"_joinchat":[]},"product_cat":[151,201,150],"product_tag":[165],"class_list":{"0":"post-8377","1":"product","2":"type-product","3":"status-publish","4":"has-post-thumbnail","6":"product_cat-de-uso-general","7":"product_cat-cableado","8":"product_cat-lectores","9":"product_tag-unitech","11":"first","12":"instock","13":"featured","14":"shipping-taxable","15":"product-type-simple"},"_links":{"self":[{"href":"https:\/\/telectronica.com.uy\/index.php?rest_route=\/wp\/v2\/product\/8377","targetHints":{"allow":["GET"]}}],"collection":[{"href":"https:\/\/telectronica.com.uy\/index.php?rest_route=\/wp\/v2\/product"}],"about":[{"href":"https:\/\/telectronica.com.uy\/index.php?rest_route=\/wp\/v2\/types\/product"}],"wp:featuredmedia":[{"embeddable":true,"href":"https:\/\/telectronica.com.uy\/index.php?rest_route=\/wp\/v2\/media\/8378"}],"wp:attachment":[{"href":"https:\/\/telectronica.com.uy\/index.php?rest_route=%2Fwp%2Fv2%2Fmedia&parent=8377"}],"wp:term":[{"taxonomy":"product_cat","embeddable":true,"href":"https:\/\/telectronica.com.uy\/index.php?rest_route=%2Fwp%2Fv2%2Fproduct_cat&post=8377"},{"taxonomy":"product_tag","embeddable":true,"href":"https:\/\/telectronica.com.uy\/index.php?rest_route=%2Fwp%2Fv2%2Fproduct_tag&post=8377"}],"curies":[{"name":"wp","href":"https:\/\/api.w.org\/{rel}","templated":true}]}}