{"id":8372,"date":"2024-04-25T14:37:42","date_gmt":"2024-04-25T17:37:42","guid":{"rendered":"https:\/\/telectronica.com.uy\/?post_type=product&#038;p=8372"},"modified":"2025-01-28T16:16:33","modified_gmt":"2025-01-28T19:16:33","slug":"sc455","status":"publish","type":"product","link":"https:\/\/telectronica.com.uy\/?product=sc455","title":{"rendered":"Lector Inalambrico 1D\/2D 3NSTAR SC455"},"content":{"rendered":"<p>Lector de C\u00f3digo de Barras 2D Inalambrico con base USB SC455.<\/p>\n<p>El SC455 de 3nStar es un lector imager 2D inal\u00e1mbrico, lo que lo convierte en uno de los m\u00e1s vers\u00e1tiles de su clase. Sus aplicaciones van desde tiendas de ventas al detal, hasta dep\u00f3sitos de mercanc\u00eda, programas de fidelidad y muchas aplicaciones m\u00e1s.<br \/>\nEl lector puede operar hasta a 100mts de distancia de la base y su bater\u00eda le brinda una autonom\u00eda de hasta 12 horas.<\/p>\n<p>Incluye memoria para seguir operando aun fuera del \u00e1rea de comunicaci\u00f3n de la base.<br \/>\nLa descarga de registros se realiza a trav\u00e9s de la base, conectada a un computador principal, v\u00eda cable USB (el cable y la base, est\u00e1n incluidos).<\/p>\n<p>Caracteristicas<\/p>\n<p>Tecnolog\u00eda inal\u00e1mbrica 433Mhz permite transmitir hasta 100 metros de distancia de la base.<br \/>\nResiste ca\u00eddas de hasta 1.5 metros (5 pies) sobre concreto 2MB de memoria interna que le permite almacenar hasta 100.000 Lecturas EAN-13<\/p>\n<p>Puede escanear hasta 30.000 veces sin ser recargado.<br \/>\nCompatible con: Windows, Mac OS, Linux, Android, IOS<\/p>\n","protected":false},"excerpt":{"rendered":"<p>Lector de C\u00f3digo de Barras 2D Inalambrico con base USB SC455. El SC455 de 3nStar es un lector imager 2D inal\u00e1mbrico, lo que lo convierte en uno de los m\u00e1s vers\u00e1tiles de su clase. Sus aplicaciones van desde tiendas de ventas al detal, hasta dep\u00f3sitos de mercanc\u00eda, programas de fidelidad y muchas aplicaciones m\u00e1s. El [&hellip;]<\/p>\n","protected":false},"featured_media":8373,"template":"","meta":{"inline_featured_image":false,"_joinchat":[]},"product_cat":[150,151,197,228],"product_tag":[164],"class_list":{"0":"post-8372","1":"product","2":"type-product","3":"status-publish","4":"has-post-thumbnail","6":"product_cat-lectores","7":"product_cat-de-uso-general","8":"product_cat-inalambrico","9":"product_cat-3nstar","10":"product_tag-3nstar","12":"first","13":"instock","14":"shipping-taxable","15":"product-type-simple"},"_links":{"self":[{"href":"https:\/\/telectronica.com.uy\/index.php?rest_route=\/wp\/v2\/product\/8372","targetHints":{"allow":["GET"]}}],"collection":[{"href":"https:\/\/telectronica.com.uy\/index.php?rest_route=\/wp\/v2\/product"}],"about":[{"href":"https:\/\/telectronica.com.uy\/index.php?rest_route=\/wp\/v2\/types\/product"}],"wp:featuredmedia":[{"embeddable":true,"href":"https:\/\/telectronica.com.uy\/index.php?rest_route=\/wp\/v2\/media\/8373"}],"wp:attachment":[{"href":"https:\/\/telectronica.com.uy\/index.php?rest_route=%2Fwp%2Fv2%2Fmedia&parent=8372"}],"wp:term":[{"taxonomy":"product_cat","embeddable":true,"href":"https:\/\/telectronica.com.uy\/index.php?rest_route=%2Fwp%2Fv2%2Fproduct_cat&post=8372"},{"taxonomy":"product_tag","embeddable":true,"href":"https:\/\/telectronica.com.uy\/index.php?rest_route=%2Fwp%2Fv2%2Fproduct_tag&post=8372"}],"curies":[{"name":"wp","href":"https:\/\/api.w.org\/{rel}","templated":true}]}}