{"id":8369,"date":"2024-04-25T14:31:20","date_gmt":"2024-04-25T17:31:20","guid":{"rendered":"https:\/\/telectronica.com.uy\/?post_type=product&#038;p=8369"},"modified":"2025-01-31T15:08:01","modified_gmt":"2025-01-31T18:08:01","slug":"sc402","status":"publish","type":"product","link":"https:\/\/telectronica.com.uy\/?product=sc402","title":{"rendered":"Lector 1D\/2D 3NSTAR SC402"},"content":{"rendered":"<p>Lector de C\u00f3digo de Barras 2D con Base y Lectura Autom\u00e1tica SC402<br \/>\nEn muchas industrias, la codificaci\u00f3n de barras 2D se est\u00e1 convirtiendo en el nuevo est\u00e1ndar. No s\u00f3lo es posible tener muchos m\u00e1s datos en un c\u00f3digo 2D, sino tambi\u00e9n muchas aplicaciones tales como regulaciones gubernamentales, farmacias, programas de lealtad y mandatos de proveedores est\u00e1n requiriendo su adopci\u00f3n.<\/p>\n<p>Las empresas tambi\u00e9n est\u00e1n buscando aprovechar las tendencias emergentes que requieren tecnolog\u00eda de imagen de \u00e1rea. Con el SC402, puede escanearlo todo. Usted obtiene un esc\u00e1ner de im\u00e1genes 1D \/ 2D asequible que no compromete el rendimiento o las caracter\u00edsticas por precio.<\/p>\n<p>Caracter\u00edsticas:<\/p>\n<p>Recopilaci\u00f3n Confiable de Datos: Ofrece lectura omnidireccional de pr\u00e1cticamente todos los c\u00f3digos de barras lineales y los c\u00f3digos 2D m\u00e1s utilizados, incluyendo c\u00f3digos de barras m\u00f3viles o de baja calidad.<\/p>\n<p>\u2022 Lectura de tel\u00e9fonos m\u00f3viles: escanea cupones, boletos para m\u00f3viles y carteras digitales desde las pantallas de dispositivos m\u00f3viles<\/p>\n<p>\u2022 Incluye Base para lecturas con manos libres.<\/p>\n","protected":false},"excerpt":{"rendered":"<p>Lector de C\u00f3digo de Barras 2D con Base y Lectura Autom\u00e1tica SC402 En muchas industrias, la codificaci\u00f3n de barras 2D se est\u00e1 convirtiendo en el nuevo est\u00e1ndar. No s\u00f3lo es posible tener muchos m\u00e1s datos en un c\u00f3digo 2D, sino tambi\u00e9n muchas aplicaciones tales como regulaciones gubernamentales, farmacias, programas de lealtad y mandatos de proveedores [&hellip;]<\/p>\n","protected":false},"featured_media":8370,"template":"","meta":{"inline_featured_image":false,"_joinchat":[]},"product_cat":[201,150,151,228],"product_tag":[164],"class_list":{"0":"post-8369","1":"product","2":"type-product","3":"status-publish","4":"has-post-thumbnail","6":"product_cat-cableado","7":"product_cat-lectores","8":"product_cat-de-uso-general","9":"product_cat-3nstar","10":"product_tag-3nstar","12":"first","13":"instock","14":"shipping-taxable","15":"product-type-simple"},"_links":{"self":[{"href":"https:\/\/telectronica.com.uy\/index.php?rest_route=\/wp\/v2\/product\/8369","targetHints":{"allow":["GET"]}}],"collection":[{"href":"https:\/\/telectronica.com.uy\/index.php?rest_route=\/wp\/v2\/product"}],"about":[{"href":"https:\/\/telectronica.com.uy\/index.php?rest_route=\/wp\/v2\/types\/product"}],"wp:featuredmedia":[{"embeddable":true,"href":"https:\/\/telectronica.com.uy\/index.php?rest_route=\/wp\/v2\/media\/8370"}],"wp:attachment":[{"href":"https:\/\/telectronica.com.uy\/index.php?rest_route=%2Fwp%2Fv2%2Fmedia&parent=8369"}],"wp:term":[{"taxonomy":"product_cat","embeddable":true,"href":"https:\/\/telectronica.com.uy\/index.php?rest_route=%2Fwp%2Fv2%2Fproduct_cat&post=8369"},{"taxonomy":"product_tag","embeddable":true,"href":"https:\/\/telectronica.com.uy\/index.php?rest_route=%2Fwp%2Fv2%2Fproduct_tag&post=8369"}],"curies":[{"name":"wp","href":"https:\/\/api.w.org\/{rel}","templated":true}]}}