{"id":8361,"date":"2024-04-25T14:05:53","date_gmt":"2024-04-25T17:05:53","guid":{"rendered":"https:\/\/telectronica.com.uy\/?post_type=product&#038;p=8361"},"modified":"2025-05-15T11:52:47","modified_gmt":"2025-05-15T14:52:47","slug":"et80-85","status":"publish","type":"product","link":"https:\/\/telectronica.com.uy\/?product=et80-85","title":{"rendered":"Tablet ZEBRA Et80\/85"},"content":{"rendered":"<p>Rescatistas que protegen las comunidades, equipos de servicio en el campo que mantienen la infraestructura de los servicios p\u00fablicos y trabajadores de la l\u00ednea de producci\u00f3n de manufactura que fabrican los productos que necesitamos: todos los d\u00edas dependemos de los trabajadores que son fundamentales para nuestra forma de vida. Estos trabajadores fundamentales necesitan m\u00e1s que solo una tableta resistente. Necesitan una tableta que se adapte al trabajo indispensable que realizan. Y la ET80 y ET85 lo hacen. Con el soporte de la conectividad inal\u00e1mbrica avanzada de wifi 6E\u00b9, 4G\/5G y m\u00e1s, estas tabletas comunican a los trabajadores con la informaci\u00f3n y las personas que necesitan, cada minuto de cada turno. Mientras los trabajadores se mueven del campo a un veh\u00edculo y luego dentro de las instalaciones, estas tabletas se transforman al instante en una computadora port\u00e1til o en una estaci\u00f3n de trabajo m\u00f3vil o completamente fija para satisfacer las necesidades del momento. Las herramientas de software exclusivas de Zebra le suman valor y llevan la colaboraci\u00f3n y productividad a otro nivel. Adem\u00e1s, las diversas opciones de caracter\u00edsticas y accesorios le permiten crear la tableta perfecta para cada trabajo. La ET80 y la ET85: movilidad de misi\u00f3n cr\u00edtica para trabajadores de misi\u00f3n cr\u00edtica.<\/p>\n<h4><b>Versatilidad sin igual: 2 dispositivos en 1<\/b><\/h4>\n<p>La ET80 y la ET85 son verdaderos reemplazos de las computadoras port\u00e1tiles, con un nivel de flexibilidad que ninguna otra puede brindar. Pase de tableta a computadora port\u00e1til y viceversa en segundos, con solo conectar y desconectar el teclado resistente. \u00dasela como tableta independiente para obtener mayor movilidad. \u00bfNecesita introducir muchos datos? Tan solo conecte el teclado con la bisagra a fricci\u00f3n, lo que permite que la pantalla se coloque en casi cualquier \u00e1ngulo (en lugar de una cantidad limitada de \u00e1ngulos preestablecidos). Adem\u00e1s, con la base universal, la tableta se transforma en una computadora de escritorio en la oficina o en una estaci\u00f3n de trabajo m\u00f3vil en un autom\u00f3vil de polic\u00eda, una camioneta, un montacargas y mucho m\u00e1s.<\/p>\n<p><b>La pantalla m\u00e1s empresarial<\/b><\/p>\n<p>La gran pantalla \u201ccompletamente empresarial\u201d de 12\u00a0in y su relaci\u00f3n de aspecto 3:2 brindan m\u00e1s espacio para mostrar m\u00e1s informaci\u00f3n, lo que mejora la productividad y la facilidad de uso. La pantalla es f\u00e1cil de ver en interiores y exteriores, incluso con luz solar directa. La pantalla t\u00e1ctil funciona con guantes o cuando est\u00e1 mojada.<\/p>\n<p><b>La protecci\u00f3n integrada evita el acceso no autorizado<\/b><\/p>\n<p>Mantenga la seguridad de sus tabletas mientras los usuarios disfrutan de un acceso f\u00e1cil al instante. Todos los modelos incluyen la c\u00e1mara Windows Hello para reconocimiento facial o suman el lector de huella digital opcional para habilitar la autenticaci\u00f3n sencilla de dos factores.<\/p>\n","protected":false},"excerpt":{"rendered":"<h3>Ergonom\u00eda superior para trabajadores de misi\u00f3n cr\u00edtica<\/h3>\n<p>&nbsp;<\/p>\n<h4><b>Redefinimos el concepto de \u201cdelgado y liviano\u201d<\/b><\/h4>\n<p>Estas tabletas resistentes 2 en 1 elevan el est\u00e1ndar en t\u00e9rminos de portabilidad: son m\u00e1s delgadas y m\u00e1s livianas que los principales competidores de modelos 2 en 1 con el mismo tama\u00f1o de pantalla. Cuando la tableta se coloca en un acoplamiento para veh\u00edculo, el bajo perfil les brinda a los conductores m\u00e1xima visibilidad para mejorar seguridad, as\u00ed como tambi\u00e9n acceso f\u00e1cil a una pantalla llena de informaci\u00f3n.<\/p>\n","protected":false},"featured_media":8393,"template":"","meta":{"inline_featured_image":false,"_joinchat":[]},"product_cat":[217,173],"product_tag":[162],"class_list":{"0":"post-8361","1":"product","2":"type-product","3":"status-publish","4":"has-post-thumbnail","6":"product_cat-zebra","7":"product_cat-tablets","8":"product_tag-zebra","10":"first","11":"instock","12":"featured","13":"shipping-taxable","14":"product-type-simple"},"_links":{"self":[{"href":"https:\/\/telectronica.com.uy\/index.php?rest_route=\/wp\/v2\/product\/8361","targetHints":{"allow":["GET"]}}],"collection":[{"href":"https:\/\/telectronica.com.uy\/index.php?rest_route=\/wp\/v2\/product"}],"about":[{"href":"https:\/\/telectronica.com.uy\/index.php?rest_route=\/wp\/v2\/types\/product"}],"wp:featuredmedia":[{"embeddable":true,"href":"https:\/\/telectronica.com.uy\/index.php?rest_route=\/wp\/v2\/media\/8393"}],"wp:attachment":[{"href":"https:\/\/telectronica.com.uy\/index.php?rest_route=%2Fwp%2Fv2%2Fmedia&parent=8361"}],"wp:term":[{"taxonomy":"product_cat","embeddable":true,"href":"https:\/\/telectronica.com.uy\/index.php?rest_route=%2Fwp%2Fv2%2Fproduct_cat&post=8361"},{"taxonomy":"product_tag","embeddable":true,"href":"https:\/\/telectronica.com.uy\/index.php?rest_route=%2Fwp%2Fv2%2Fproduct_tag&post=8361"}],"curies":[{"name":"wp","href":"https:\/\/api.w.org\/{rel}","templated":true}]}}