{"id":8358,"date":"2024-04-25T13:57:57","date_gmt":"2024-04-25T16:57:57","guid":{"rendered":"https:\/\/telectronica.com.uy\/?post_type=product&#038;p=8358"},"modified":"2025-05-15T11:53:55","modified_gmt":"2025-05-15T14:53:55","slug":"et51-56","status":"publish","type":"product","link":"https:\/\/telectronica.com.uy\/?product=et51-56","title":{"rendered":"Tablet ZEBRA ET51\/56"},"content":{"rendered":"<p>Al momento de elegir una tableta para su negocio, los trabajadores buscan un estilo moderno, mientras que usted necesita durabilidad y captura de datos de nivel empresarial y una familia de accesorios que le permita crear la soluci\u00f3n de tableta perfecta para su entorno, sus trabajadores y sus aplicaciones. Ahora puede tenerlo todo con las tabletas empresariales ET51 y ET56. La ET51 y la ET56 son las tabletas resistentes m\u00e1s delgadas y livianas de la l\u00ednea completa de Zebra, que ofrecen a los trabajadores el mismo estilo que una tableta personal. Usted obtiene una tableta dise\u00f1ada para los negocios cotidianos, tanto dentro como fuera de las instalaciones. Los modelos compactos de 8,4\u00a0pulgadas y los grandes de 10,1\u00a0pulgadas tienen pantallas brillantes que son visibles a la luz del d\u00eda e incluyen caracter\u00edsticas que facilitan la captura de datos. Adem\u00e1s, su amplia gama de accesorios aumenta la resistencia, simplifica la carga, extiende la vida \u00fatil de la bater\u00eda, y facilita el transporte y la portabilidad de las tabletas. Tabletas empresariales ET51\/ET56: todas las caracter\u00edsticas que necesita su negocio, con el dise\u00f1o para consumidores que buscan los trabajadores.<\/p>\n<p>La pantalla Corning\u00ae Gorilla\u00ae Glass otorga resistencia a rayaduras y roturas para proteger uno de los componentes m\u00e1s vulnerables de cualquier tableta. Las pruebas de vibraci\u00f3n garantizan que la tableta sea ideal para usar en casi cualquier veh\u00edculo, desde los montacargas de un almac\u00e9n hasta los camiones de reparto u otro tipo.<\/p>\n<p><b>El mejor brillo de su clase y el tama\u00f1o de pantalla ideal para usted<\/b><\/p>\n<p>El modelo compacto, peque\u00f1o y liviano de 8,4\u00a0pulgadas es ideal para entornos donde el tama\u00f1o y el peso son factores importantes. El modelo de 10,1\u00a0pulgadas es ideal para aplicaciones con mucha informaci\u00f3n, ya que ofrece la mayor \u00e1rea de visualizaci\u00f3n. Independientemente de la pantalla que elija, obtendr\u00e1 el mejor brillo de su clase: las tabletas ET51\/ET56 son las m\u00e1s f\u00e1ciles de leer con casi cualquier tipo de iluminaci\u00f3n, incluso a plena luz del d\u00eda.<\/p>\n<p><b>Tecnolog\u00eda de pantalla t\u00e1ctil de avanzada<\/b><\/p>\n<p>Los trabajadores pueden elegir el modo de entradas de datos que prefieran: los dedos, con guantes, sin guantes, o l\u00e1piz \u00f3ptico pasivo para mayor precisi\u00f3n. Podr\u00e1 usar cualquier m\u00e9todo de entrada por m\u00e1s que la pantalla est\u00e9 mojada.<\/p>\n<p><b>Conexiones inal\u00e1mbricas m\u00e1s r\u00e1pidas en interiores y exteriores<\/b><\/p>\n<p>Gracias a su compatibilidad con 802.11, las tabletas ET51 y ET56 funcionan en pr\u00e1cticamente cualquier red wifi. Y como la tableta ET56 es compatible con LTE, los trabajadores de campo pueden aprovechar una conexi\u00f3n celular fiable y r\u00e1pida en casi cualquier parte del mundo. \u00bfEl resultado? La conectividad sin interrupciones que los trabajadores necesitan para mejorar la productividad y la calidad de atenci\u00f3n al cliente.<\/p>\n","protected":false},"excerpt":{"rendered":"<h3>Dise\u00f1ada para un uso empresarial diario<\/h3>\n<p>&nbsp;<\/p>\n<h4><b>Resistente y lista para usar en interiores y exteriores<\/b><\/h4>\n<p>Casi nada impedir\u00e1 que las tabletas le brinden la operaci\u00f3n confiable que usted necesita: est\u00e1n dise\u00f1adas para resistir ca\u00eddas sobre concreto, la lluvia, la nieve, el polvo, el calor extremo, las temperaturas bajo cero, los l\u00edquidos derramados e, incluso, los chorros de agua a m\u00e1xima intensidad. Adem\u00e1s, con el marco resistente opcional, puede duplicar la especificaci\u00f3n de resistencia a ca\u00eddas: de 3,2\u00a0ft\/1\u00a0m a 5,9\u00a0ft\/1,8\u00a0m.<\/p>\n","protected":false},"featured_media":8359,"template":"","meta":{"inline_featured_image":false,"_joinchat":[]},"product_cat":[217,173],"product_tag":[162],"class_list":{"0":"post-8358","1":"product","2":"type-product","3":"status-publish","4":"has-post-thumbnail","6":"product_cat-zebra","7":"product_cat-tablets","8":"product_tag-zebra","10":"first","11":"instock","12":"featured","13":"shipping-taxable","14":"product-type-simple"},"_links":{"self":[{"href":"https:\/\/telectronica.com.uy\/index.php?rest_route=\/wp\/v2\/product\/8358","targetHints":{"allow":["GET"]}}],"collection":[{"href":"https:\/\/telectronica.com.uy\/index.php?rest_route=\/wp\/v2\/product"}],"about":[{"href":"https:\/\/telectronica.com.uy\/index.php?rest_route=\/wp\/v2\/types\/product"}],"wp:featuredmedia":[{"embeddable":true,"href":"https:\/\/telectronica.com.uy\/index.php?rest_route=\/wp\/v2\/media\/8359"}],"wp:attachment":[{"href":"https:\/\/telectronica.com.uy\/index.php?rest_route=%2Fwp%2Fv2%2Fmedia&parent=8358"}],"wp:term":[{"taxonomy":"product_cat","embeddable":true,"href":"https:\/\/telectronica.com.uy\/index.php?rest_route=%2Fwp%2Fv2%2Fproduct_cat&post=8358"},{"taxonomy":"product_tag","embeddable":true,"href":"https:\/\/telectronica.com.uy\/index.php?rest_route=%2Fwp%2Fv2%2Fproduct_tag&post=8358"}],"curies":[{"name":"wp","href":"https:\/\/api.w.org\/{rel}","templated":true}]}}